{"id":1802413,"date":"2025-03-28T00:09:17","date_gmt":"2025-03-27T22:09:17","guid":{"rendered":"https:\/\/liquidmaster.pl\/unilite-slr-1000-kompaktowa-lampa-robocza-1000-lumenow\/"},"modified":"2026-04-18T04:21:23","modified_gmt":"2026-04-18T02:21:23","slug":"unilite-slr-1000-kompaktowa-lampa-robocza-1000-lumenow","status":"publish","type":"product","link":"https:\/\/liquidmaster.pl\/en\/unilite-slr-1000-kompaktowa-lampa-robocza-1000-lumenow\/","title":{"rendered":"Unilite SLR-1000 Compact 1000 lumen work light"},"content":{"rendered":"<p style=\"margin: 0pt; text-align: justify;\">UNILITE SLR-1000<\/p>\n<p style=\"margin: 0pt; text-align: justify;\">Kompaktowa lampa robocza o mocy 1000 lumen\u00f3w z wbudowanym, mocnym akumulatorem, pozwalaj\u0105cym na ci\u0105g\u0142\u0105 prac\u0119 nawet do 4h w najmocniejszym trybie. Opr\u00f3cz g\u0142\u00f3wnej diody COB LED, SLR-1000 zosta\u0142a wyposa\u017cona w g\u00f3rn\u0105 latark\u0119 z diod\u0105 CREE\u00ae LED o mocy 300 lumen\u00f3w (zasi\u0119g 100m). Lampa posiada bardzo mocne magnesy w regulowanej podstawie, dzi\u0119ki czemu mo\u017cemy j\u0105 ustawi\u0107 w dowolnej pozycji. Podstawa pe\u0142ni r\u00f3wnie\u017c funkcj\u0119 karabi\u0144czyka. Urz\u0105dzenie jest wodoszczelne i py\u0142oodporne wed\u0142ug standard\u00f3w IPX5.\u00a0<\/p>\n<p style=\"margin: 0pt; text-align: justify;\">\u00a0<\/p>\n<p style=\"margin: 0pt; text-align: justify;\">Obs\u0142uga lampy:\u00a0<\/p>\n<p style=\"margin: 0pt; text-align: justify;\">Przycisk &#8211; obs\u0142ugi reflektora i lampy UV<\/p>\n<p style=\"margin: 0pt; text-align: justify;\">sekwencja &#8211; reflektor 1000 lumen\u00f3w > reflektor 450 lumen\u00f3w > reflektor 40 lumen\u00f3w > wy\u0142\u0105czenie<\/p>\n<p style=\"margin: 0pt; text-align: justify;\">Przytrzymanie przycisku zmienia tryb z reflektora na latark\u0119<\/p>\n<p style=\"margin: 0pt; text-align: justify;\">sekwencja &#8211; latarka 300 lumen\u00f3w > latarka 80 lumen\u00f3w > wy\u0142\u0105czenie<\/p>\n<p style=\"margin: 0pt; text-align: justify;\">Po 3 sekundach ci\u0105g\u0142ej pracy w dowolnym trybie, kolejne naci\u015bni\u0119cie przycisku spowoduje wy\u0142\u0105czenie lampy.<\/p>\n<p style=\"margin: 0pt; text-align: justify;\">\u00a0<\/p>\n<p style=\"margin: 0pt; text-align: justify;\">\u00a0<\/p>\n<p style=\"margin: 0pt; text-align: justify;\">\u00a0<\/p>\n<p style=\"margin: 0pt; text-align: justify;\">\n<p style=\"margin: 0pt; text-align: justify;\">\u00a0<\/p>\n<p style=\"margin: 0pt; text-align: justify;\">Cechy:<\/p>\n<p style=\"margin: 0pt; text-align: left;\">\u2022 1000 lumen\u00f3w, bia\u0142a dioda COB LED, 6500K<\/p>\n<p style=\"margin: 0pt; text-align: left;\">\u2022 G\u00f3rna latarka CREE\u00ae LED o mocy 300 lumen\u00f3w, wia\u0328zka 100 m<\/p>\n<p style=\"margin: 0pt; text-align: left;\">\u2022 Bardzo wytrzyma\u0142a obudowa z kopolimeru i aluminium<\/p>\n<p style=\"margin: 0pt; text-align: left;\">\u2022 S\u0301wieca\u0328cy w ciemnos\u0301ci pasek wok\u00f3\u0142 reflektora zapewniaja\u0328cy lepsza\u0328 widocznos\u0301c\u0301 <\/p>\n<p style=\"margin: 0pt; text-align: left;\">\u2022 Regulowany uchwyt \/ podstawa \/ haczyk 180\u00b0<\/p>\n<p style=\"margin: 0pt; text-align: left;\">\u2022 Mocny magnes w podstawie<\/p>\n<p style=\"margin: 0pt; text-align: left;\">\u2022 Spre\u0328z\u0307ynowy karabin\u0301czyk na podstawie<\/p>\n<p style=\"margin: 0pt; text-align: left;\">\u2022 Wysokiej jakos\u0301ci kabel \u0142aduja\u0328cy USB Typ-C 1 m w zestawie<\/p>\n<p style=\"margin: 0pt; text-align: left;\">\u2022 Szybkie \u0142adowanie 2A USB Typ-C &#8211; 3,5 godziny \u0142adowania<\/p>\n<p style=\"margin: 0pt; text-align: justify;\">\u2022 Nowa bateria \u2018LG\u2019 z d\u0142uz\u0307szym czasem pracy\u00a0<\/p>\n<p style=\"margin: 0pt; text-align: justify;\">\u00a0<\/p>\n<tr style=\"height: 22.65pt;\">\n<p style=\"margin: 0pt; text-align: center; background-color: rgb(0, 0, 0);\">DANE TECHNICZNE<\/p>\n<\/tr>\n<tr style=\"height: 22.65pt;\">\n<p style=\"margin: 0pt; text-align: left;\">\u017ar\u00f3d\u0142o \u015bwiat\u0142a<\/p>\n<p style=\"margin: 0pt; text-align: center;\">COB LED i CREE\u00ae LED<\/p>\n<\/tr>\n<tr style=\"height: 22.65pt;\">\n<p style=\"margin: 0pt; text-align: left;\">moc \u015bwiat\u0142a \u00a0[lm]<\/p>\n<p style=\"margin: 0pt; text-align: center;\">1000\/450\/40 (reflektor)<\/p>\n<p style=\"margin: 0pt; text-align: center;\">300\/80 (latarka)<\/p>\n<\/tr>\n<tr style=\"height: 22.65pt;\">\n<p style=\"margin: 0pt; text-align: left;\">kolor diody<\/p>\n<p style=\"margin: 0pt; text-align: center;\">bia\u0142a <\/p>\n<\/tr>\n<tr style=\"height: 22.65pt;\">\n<p style=\"margin: 0pt; text-align: left;\">rodzaj akumulatora \u00a0[mAh]<\/p>\n<p style=\"margin: 0pt; text-align: center;\">2600 \/ litowo-jonowy<\/p>\n<\/tr>\n<tr style=\"height: 22.65pt;\">\n<p style=\"margin: 0pt; text-align: left;\">czas pracy \u00a0[h]<\/p>\n<p style=\"margin: 0pt; text-align: center;\">4-84<\/p>\n<\/tr>\n<tr style=\"height: 22.65pt;\">\n<p style=\"margin: 0pt; text-align: left;\">czas \u0142adowania [h]<\/p>\n<p style=\"margin: 0pt; text-align: center;\">3,5<\/p>\n<\/tr>\n<tr style=\"height: 22.65pt;\">\n<p style=\"margin: 0pt; text-align: left;\">zakres temperatur otoczenia pracy [\u00baC]<\/p>\n<p style=\"margin: 0pt; text-align: center;\">-20 \u00a0+50<\/p>\n<\/tr>\n<tr style=\"height: 22.65pt;\">\n<p style=\"margin: 0pt; text-align: left;\">stopie\u0144 ochrony<\/p>\n<p style=\"margin: 0pt; text-align: center;\">IPX5<\/p>\n<\/tr>\n<tr style=\"height: 22.65pt;\">\n<p style=\"margin: 0pt; text-align: left;\">wymiary \u00a0[mm]<\/p>\n<p style=\"margin: 0pt; text-align: center;\">55x130x48 (z\u0142o\u017cona)<\/p>\n<p style=\"margin: 0pt; text-align: center;\">55x240x340 (roz\u0142o\u017cona)<\/p>\n<\/tr>\n<tr style=\"height: 22.65pt;\">\n<p style=\"margin: 0pt; text-align: left;\">waga [g]<\/p>\n<p style=\"margin: 0pt; text-align: center;\">320<\/p>\n<\/tr>\n<p style=\"margin: 0pt; text-align: left;\">\u00a0<\/p>\n<p style=\"margin: 0pt; text-align: left;\">\u00a02 lata gwarancji <\/p>\n","protected":false},"excerpt":{"rendered":"<p>UNILITE SLR-1000 Compact work lamp with a power of 1000 lumens with a built-in, powerful battery, allowing continuous operation for up to 4 hours in the most powerful mode. In addition to the main COB LED, the SLR-1000 is equipped with a top flashlight with a CREE\u00ae LED with a power of 300 lumens (100m range). The lamp has very strong magnets in the adjustable base, so we can\u2026&nbsp;<a href=\"https:\/\/liquidmaster.pl\/en\/unilite-slr-1000-kompaktowa-lampa-robocza-1000-lumenow\/\" rel=\"bookmark\">Read More \u00bb<span class=\"screen-reader-text\">Unilite SLR-1000 Compact 1000 lumen work light<\/span><\/a><\/p>","protected":false},"featured_media":1843589,"comment_status":"open","ping_status":"open","template":"","meta":{"neve_meta_sidebar":"","neve_meta_container":"","neve_meta_enable_content_width":"","neve_meta_content_width":0,"neve_meta_title_alignment":"","neve_meta_author_avatar":"","neve_post_elements_order":"","neve_meta_disable_header":"","neve_meta_disable_footer":"","neve_meta_disable_title":"","_themeisle_gutenberg_block_has_review":false},"product_brand":[],"product_cat":[749,827,748],"product_tag":[373],"class_list":{"0":"post-1802413","1":"product","2":"type-product","3":"status-publish","4":"has-post-thumbnail","6":"product_cat-akcesoria-polerskie","7":"product_cat-lampy-inspekcyjne","8":"product_cat-polerowanie","9":"product_tag-unilite","11":"first","12":"instock","13":"taxable","14":"shipping-taxable","15":"purchasable","16":"product-type-simple"},"_links":{"self":[{"href":"https:\/\/liquidmaster.pl\/en\/wp-json\/wp\/v2\/product\/1802413","targetHints":{"allow":["GET"]}}],"collection":[{"href":"https:\/\/liquidmaster.pl\/en\/wp-json\/wp\/v2\/product"}],"about":[{"href":"https:\/\/liquidmaster.pl\/en\/wp-json\/wp\/v2\/types\/product"}],"replies":[{"embeddable":true,"href":"https:\/\/liquidmaster.pl\/en\/wp-json\/wp\/v2\/comments?post=1802413"}],"wp:featuredmedia":[{"embeddable":true,"href":"https:\/\/liquidmaster.pl\/en\/wp-json\/wp\/v2\/media\/1843589"}],"wp:attachment":[{"href":"https:\/\/liquidmaster.pl\/en\/wp-json\/wp\/v2\/media?parent=1802413"}],"wp:term":[{"taxonomy":"product_brand","embeddable":true,"href":"https:\/\/liquidmaster.pl\/en\/wp-json\/wp\/v2\/product_brand?post=1802413"},{"taxonomy":"product_cat","embeddable":true,"href":"https:\/\/liquidmaster.pl\/en\/wp-json\/wp\/v2\/product_cat?post=1802413"},{"taxonomy":"product_tag","embeddable":true,"href":"https:\/\/liquidmaster.pl\/en\/wp-json\/wp\/v2\/product_tag?post=1802413"}],"curies":[{"name":"wp","href":"https:\/\/api.w.org\/{rel}","templated":true}]}}