{"id":1802409,"date":"2025-03-28T00:08:42","date_gmt":"2025-03-27T22:08:42","guid":{"rendered":"https:\/\/liquidmaster.pl\/unilite-ps-hdl2-czolowka-200-lumenow\/"},"modified":"2026-04-20T07:59:17","modified_gmt":"2026-04-20T05:59:17","slug":"unilite-ps-hdl2-czolowka-200-lumenow","status":"publish","type":"product","link":"https:\/\/liquidmaster.pl\/en\/unilite-ps-hdl2-czolowka-200-lumenow\/","title":{"rendered":"Unilite PS-HDL2 200 lumen headlamp"},"content":{"rendered":"<p style=\"margin: 0pt; text-align: justify;\">UNILITE PS-HDL2<\/p>\n<p style=\"margin: 0pt; text-align: justify;\">Czo\u0142\u00f3wka zasilana bateriami 3 x AAA z g\u0142\u00f3wn\u0105 diod\u0105 CREE\u00ae LED o mocy 200 lumen\u00f3w i 2 dodatkowymi diodami z funkcj\u0105 reflektora o mocy 30 lumen\u00f3w. PS-HDL2 mo\u017cna u\u017cywa\u0107 zar\u00f3wnno z paskiem na g\u0142ow\u0119 jak i samoprzylepnym mocowanie do kasku (szybki demonta\u017c). Niezale\u017cnie od sposobu mocowania latarka pozwala na 45\u00b0 zakres regulacji. Urz\u0105dzenie jest wodoszczelne i py\u0142oodporne wed\u0142ug standard\u00f3w IPX6.<\/p>\n<p style=\"margin: 0pt; text-align: justify;\">\u00a0\u00a0<\/p>\n<p style=\"margin: 0pt; text-align: justify;\">Obs\u0142uga lampy:<\/p>\n<p style=\"margin: 0pt; text-align: justify;\">\u00a0<\/p>\n<p style=\"margin: 0pt; text-align: justify;\">\n<p style=\"margin: 0pt; text-align: justify;\">\u00a0\u00a0<\/p>\n<p style=\"margin: 0pt; text-align: justify;\">\n<p style=\"margin: 0pt; text-align: justify;\">\u00a0<\/p>\n<p style=\"margin: 0pt; text-align: justify;\">Cechy:<\/p>\n<p style=\"margin: 0pt; text-align: left;\">\u2022 200 lumen\u00f3w, bia\u0142a dioda CREE\u00ae LED<\/p>\n<p style=\"margin: 0pt; text-align: left;\">\u2022 4 g\u0142\u00f3wne tryby s\u0301wiecenia &#8211; mocne \/ s\u0301rednie \/ s\u0142abe \/sos<\/p>\n<p style=\"margin: 0pt; text-align: left;\">\u2022 3 funkcje dodatkowe &#8211; mocne \/ s\u0301rednie \/ miganie<\/p>\n<p style=\"margin: 0pt; text-align: left;\">\u2022 \u0141atwy w obs\u0142udze przycisk sterowania<\/p>\n<p style=\"margin: 0pt; text-align: left;\">\u2022 Bardzo g\u0142adki odb\u0142ys\u0301nik<\/p>\n<p style=\"margin: 0pt; text-align: left;\">\u2022 45\u00b0 zakres regulacji<\/p>\n<p style=\"margin: 0pt; text-align: justify;\">\u2022 Regulowany pasek\u00a0<\/p>\n<p style=\"margin: 0pt; text-align: justify;\">\u2022 Mocowanie do kasku przemys\u0142owego lub sportowego 3M (w zestawie)<\/p>\n<p style=\"margin: 0pt; text-align: justify;\">\u2022 Wodoodpornos\u0301c\u0301 IPX6<\/p>\n<p style=\"margin: 0pt; text-align: justify;\">\u00a0<\/p>\n<tr style=\"height: 22.65pt;\">\n<p style=\"margin: 0pt; text-align: center; background-color: rgb(0, 0, 0);\">DANE TECHNICZNE<\/p>\n<\/tr>\n<tr style=\"height: 22.65pt;\">\n<p style=\"margin: 0pt; text-align: justify;\">\u017ar\u00f3d\u0142o \u015bwiat\u0142a<\/p>\n<p style=\"margin: 0pt; text-align: center;\">CREE\u00ae LED<\/p>\n<\/tr>\n<tr style=\"height: 22.65pt;\">\n<p style=\"margin: 0pt; text-align: justify;\">moc \u015bwiat\u0142a \u00a0[lm]<\/p>\n<p style=\"margin: 0pt; text-align: center;\">200\/80\/15 (wi\u0105zka)<\/p>\n<p style=\"margin: 0pt; text-align: center;\">30\/10 (reflektor)<\/p>\n<\/tr>\n<tr style=\"height: 22.65pt;\">\n<p style=\"margin: 0pt; text-align: justify;\">kolor diody<\/p>\n<p style=\"margin: 0pt; text-align: center;\">bia\u0142a<\/p>\n<\/tr>\n<tr style=\"height: 22.65pt;\">\n<p style=\"margin: 0pt; text-align: justify;\">rodzaj akumulatora \u00a0<\/p>\n<p style=\"margin: 0pt; text-align: center;\">3 x 1,5V AAA<\/p>\n<\/tr>\n<tr style=\"height: 22.65pt;\">\n<p style=\"margin: 0pt; text-align: justify;\">czas pracy \u00a0[h]<\/p>\n<p style=\"margin: 0pt; text-align: center;\">5-185<\/p>\n<\/tr>\n<tr style=\"height: 22.65pt;\">\n<p style=\"margin: 0pt; text-align: justify;\">zakres temperatur otoczenia pracy [\u00baC]<\/p>\n<p style=\"margin: 0pt; text-align: center;\">-10 \u00a0+40<\/p>\n<\/tr>\n<tr style=\"height: 22.65pt;\">\n<p style=\"margin: 0pt; text-align: justify;\">stopie\u0144 ochrony<\/p>\n<p style=\"margin: 0pt; text-align: center;\">IPX6<\/p>\n<\/tr>\n<tr style=\"height: 22.65pt;\">\n<p style=\"margin: 0pt; text-align: justify;\">wytrzyma\u0142o\u015b\u0107 mechaniczna urz\u0105dzenia<\/p>\n<p style=\"margin: 0pt; text-align: center;\">IK07<\/p>\n<\/tr>\n<tr style=\"height: 22.65pt;\">\n<p style=\"margin: 0pt; text-align: justify;\">wymiary \u00a0[mm]<\/p>\n<p style=\"margin: 0pt; text-align: center;\">47x62x37<\/p>\n<\/tr>\n<tr style=\"height: 22.65pt;\">\n<p style=\"margin: 0pt; text-align: justify;\">waga [g]<\/p>\n<p style=\"margin: 0pt; text-align: center;\">88 (z bateriami)<\/p>\n<\/tr>\n<p style=\"margin: 0pt; text-align: left;\">\u00a0<\/p>\n","protected":false},"excerpt":{"rendered":"<p>UNILITE PS-HDL2 Czo\u0142\u00f3wka zasilana bateriami 3 x AAA z g\u0142\u00f3wn\u0105 diod\u0105 CREE\u00ae LED o mocy 200 lumen\u00f3w i 2 dodatkowymi diodami z funkcj\u0105 reflektora o mocy 30 lumen\u00f3w. PS-HDL2 mo\u017cna u\u017cywa\u0107 zar\u00f3wnno z paskiem na g\u0142ow\u0119 jak i samoprzylepnym mocowanie do kasku (szybki demonta\u017c). Niezale\u017cnie od sposobu mocowania latarka pozwala na 45\u00b0 zakres regulacji. Urz\u0105dzenie&hellip;&nbsp;<a href=\"https:\/\/liquidmaster.pl\/en\/unilite-ps-hdl2-czolowka-200-lumenow\/\" rel=\"bookmark\">Read More \u00bb<span class=\"screen-reader-text\">Unilite PS-HDL2 200 lumen headlamp<\/span><\/a><\/p>","protected":false},"featured_media":1843583,"comment_status":"open","ping_status":"open","template":"","meta":{"neve_meta_sidebar":"","neve_meta_container":"","neve_meta_enable_content_width":"","neve_meta_content_width":0,"neve_meta_title_alignment":"","neve_meta_author_avatar":"","neve_post_elements_order":"","neve_meta_disable_header":"","neve_meta_disable_footer":"","neve_meta_disable_title":"","_themeisle_gutenberg_block_has_review":false},"product_brand":[],"product_cat":[749,827,748],"product_tag":[373],"class_list":{"0":"post-1802409","1":"product","2":"type-product","3":"status-publish","4":"has-post-thumbnail","6":"product_cat-akcesoria-polerskie","7":"product_cat-lampy-inspekcyjne","8":"product_cat-polerowanie","9":"product_tag-unilite","11":"first","12":"instock","13":"taxable","14":"shipping-taxable","15":"purchasable","16":"product-type-simple"},"_links":{"self":[{"href":"https:\/\/liquidmaster.pl\/en\/wp-json\/wp\/v2\/product\/1802409","targetHints":{"allow":["GET"]}}],"collection":[{"href":"https:\/\/liquidmaster.pl\/en\/wp-json\/wp\/v2\/product"}],"about":[{"href":"https:\/\/liquidmaster.pl\/en\/wp-json\/wp\/v2\/types\/product"}],"replies":[{"embeddable":true,"href":"https:\/\/liquidmaster.pl\/en\/wp-json\/wp\/v2\/comments?post=1802409"}],"wp:featuredmedia":[{"embeddable":true,"href":"https:\/\/liquidmaster.pl\/en\/wp-json\/wp\/v2\/media\/1843583"}],"wp:attachment":[{"href":"https:\/\/liquidmaster.pl\/en\/wp-json\/wp\/v2\/media?parent=1802409"}],"wp:term":[{"taxonomy":"product_brand","embeddable":true,"href":"https:\/\/liquidmaster.pl\/en\/wp-json\/wp\/v2\/product_brand?post=1802409"},{"taxonomy":"product_cat","embeddable":true,"href":"https:\/\/liquidmaster.pl\/en\/wp-json\/wp\/v2\/product_cat?post=1802409"},{"taxonomy":"product_tag","embeddable":true,"href":"https:\/\/liquidmaster.pl\/en\/wp-json\/wp\/v2\/product_tag?post=1802409"}],"curies":[{"name":"wp","href":"https:\/\/api.w.org\/{rel}","templated":true}]}}