{"id":1802407,"date":"2025-03-28T00:08:25","date_gmt":"2025-03-27T22:08:25","guid":{"rendered":"https:\/\/liquidmaster.pl\/unilite-pl-3-aluminiowa-latarka-inspekcyjna-z-bialymi-diodami-smd-led-275-lumenow\/"},"modified":"2026-04-18T04:21:22","modified_gmt":"2026-04-18T02:21:22","slug":"unilite-pl-3-aluminiowa-latarka-inspekcyjna-z-bialymi-diodami-smd-led-275-lumenow","status":"publish","type":"product","link":"https:\/\/liquidmaster.pl\/en\/unilite-pl-3-aluminiowa-latarka-inspekcyjna-z-bialymi-diodami-smd-led-275-lumenow\/","title":{"rendered":"Unilite PL-3 Aluminum inspection torch with white SMD LEDs 275 lumens"},"content":{"rendered":"<p>Unilite PL-3<\/p>\n<p style=\"margin: 0pt; text-align: left;\">Aluminiowa latarka inspekcyjna z bia\u0142ymi diodami SMD LED o mocy 275 lumen\u00f3w, zasilana bateriami akalicznymi 3 x AAA. Solidna konstrukcja zosta\u0142a wykonana z odlewanego ci\u015bnieniowo aluminium. Latarka jest wodoszczelna i py\u0142oodporna wed\u0142ug standard\u00f3w IPX4. Latarka posiada mocny magnes w podstawie ,dzi\u0119ki czemu mo\u017cemy j\u0105 przytwierdzi\u0107 do ka\u017cdej metalowej powierzchni. <\/p>\n<p style=\"margin: 0pt; text-align: left;\">\u00a0<\/p>\n<p style=\"margin: 0pt; text-align: left;\">Cechy:<\/p>\n<p style=\"margin: 0pt; text-align: left; tab-stops: left 28pt left 56pt left 84pt left 112pt left 140pt left 168pt left 196pt left 224pt left 252pt left 280pt left 308pt left 336pt;\">\u2022 275 lumen\u00f3w, bia\u0142e diody SMD LED<\/p>\n<p style=\"margin: 0pt; text-align: left; tab-stops: left 28pt left 56pt left 84pt left 112pt left 140pt left 168pt left 196pt left 224pt left 252pt left 280pt left 308pt left 336pt;\">\u2022 Konstrukcja z odlewanego cis\u0301nieniowo aluminium <\/p>\n<p style=\"margin: 0pt; text-align: left; tab-stops: left 28pt left 56pt left 84pt left 112pt left 140pt left 168pt left 196pt left 224pt left 252pt left 280pt left 308pt left 336pt;\">\u2022 Gumowy przycisk sterowania<\/p>\n<p style=\"margin: 0pt; text-align: left; tab-stops: left 28pt left 56pt left 84pt left 112pt left 140pt left 168pt left 196pt left 224pt left 252pt left 280pt left 308pt left 336pt;\">\u2022 Mocna podstawa magnetyczna<\/p>\n<p style=\"margin: 0pt; text-align: left; tab-stops: left 28pt left 56pt left 84pt left 112pt left 140pt left 168pt left 196pt left 224pt left 252pt left 280pt left 308pt left 336pt;\">\u2022 Aluminiowy tylni klips na kieszen\u0301<\/p>\n<p style=\"margin: 0pt; text-align: justify;\">\u2022 Wodoodpornos\u0301c\u0301 IPX4\u00a0<\/p>\n<p style=\"margin: 0pt; text-align: justify;\">\u00a0<\/p>\n<tr style=\"height: 22.65pt;\">\n<p style=\"margin: 0pt; text-align: center; background-color: rgb(0, 0, 0);\">DANE TECHNICZNE<\/p>\n<\/tr>\n<tr style=\"height: 22.65pt;\">\n<p style=\"margin: 0pt; text-align: left;\">\u017ar\u00f3d\u0142o \u015bwiat\u0142a<\/p>\n<p style=\"margin: 0pt; text-align: center;\">SMD LED<\/p>\n<\/tr>\n<tr style=\"height: 22.65pt;\">\n<p style=\"margin: 0pt; text-align: left;\">moc \u015bwiat\u0142a \u00a0[lm]<\/p>\n<p style=\"margin: 0pt; text-align: center;\">275<\/p>\n<\/tr>\n<tr style=\"height: 22.65pt;\">\n<p style=\"margin: 0pt; text-align: left;\">kolor diody<\/p>\n<p style=\"margin: 0pt; text-align: center;\">bia\u0142a <\/p>\n<\/tr>\n<tr style=\"height: 22.65pt;\">\n<p style=\"margin: 0pt; text-align: left;\">rodzaj baterii<\/p>\n<p style=\"margin: 0pt; text-align: center;\">3 x AAA<\/p>\n<\/tr>\n<tr style=\"height: 22.65pt;\">\n<p style=\"margin: 0pt; text-align: left;\">czas pracy \u00a0[h]<\/p>\n<p style=\"margin: 0pt; text-align: center;\">3-16<\/p>\n<\/tr>\n<tr style=\"height: 22.65pt;\">\n<p style=\"margin: 0pt; text-align: left;\">zakres temperatur otoczenia pracy [\u00baC]<\/p>\n<p style=\"margin: 0pt; text-align: center;\">-10 \u00a0+40<\/p>\n<\/tr>\n<tr style=\"height: 22.65pt;\">\n<p style=\"margin: 0pt; text-align: left;\">stopie\u0144 ochrony<\/p>\n<p style=\"margin: 0pt; text-align: center;\">IPX4<\/p>\n<\/tr>\n<tr style=\"height: 22.65pt;\">\n<p style=\"margin: 0pt; text-align: left;\">wymiary \u00a0[mm]<\/p>\n<p style=\"margin: 0pt; text-align: center;\">154x15x22<\/p>\n<\/tr>\n<tr style=\"height: 22.65pt;\">\n<p style=\"margin: 0pt; text-align: left;\">waga [g]<\/p>\n<p style=\"margin: 0pt; text-align: center;\">57 (bez baterii)<\/p>\n<\/tr>\n<p style=\"margin: 0pt; text-align: left;\">\u00a0<\/p>\n<p style=\"margin: 0pt; text-align: left;\">2 lata gwarancji <\/p>\n","protected":false},"excerpt":{"rendered":"<p>Unilite PL-3 Aluminum inspection flashlight with white SMD LEDs, 275 lumens, powered by 3 x AAA alkaline batteries. The solid structure is made of pressure-cast aluminum. The flashlight is waterproof and dustproof according to IPX4 standards. The flashlight has a strong magnet in the base, so it can be attached to any metal surface.  Features: \u2022 275\u2026&nbsp;<a href=\"https:\/\/liquidmaster.pl\/en\/unilite-pl-3-aluminiowa-latarka-inspekcyjna-z-bialymi-diodami-smd-led-275-lumenow\/\" rel=\"bookmark\">Read More \u00bb<span class=\"screen-reader-text\">Unilite PL-3 Aluminum inspection torch with white SMD LEDs 275 lumens<\/span><\/a><\/p>","protected":false},"featured_media":1843577,"comment_status":"open","ping_status":"open","template":"","meta":{"neve_meta_sidebar":"","neve_meta_container":"","neve_meta_enable_content_width":"","neve_meta_content_width":0,"neve_meta_title_alignment":"","neve_meta_author_avatar":"","neve_post_elements_order":"","neve_meta_disable_header":"","neve_meta_disable_footer":"","neve_meta_disable_title":"","_themeisle_gutenberg_block_has_review":false},"product_brand":[],"product_cat":[749,827,748],"product_tag":[373],"class_list":{"0":"post-1802407","1":"product","2":"type-product","3":"status-publish","4":"has-post-thumbnail","6":"product_cat-akcesoria-polerskie","7":"product_cat-lampy-inspekcyjne","8":"product_cat-polerowanie","9":"product_tag-unilite","11":"first","12":"outofstock","13":"taxable","14":"shipping-taxable","15":"purchasable","16":"product-type-simple"},"_links":{"self":[{"href":"https:\/\/liquidmaster.pl\/en\/wp-json\/wp\/v2\/product\/1802407","targetHints":{"allow":["GET"]}}],"collection":[{"href":"https:\/\/liquidmaster.pl\/en\/wp-json\/wp\/v2\/product"}],"about":[{"href":"https:\/\/liquidmaster.pl\/en\/wp-json\/wp\/v2\/types\/product"}],"replies":[{"embeddable":true,"href":"https:\/\/liquidmaster.pl\/en\/wp-json\/wp\/v2\/comments?post=1802407"}],"wp:featuredmedia":[{"embeddable":true,"href":"https:\/\/liquidmaster.pl\/en\/wp-json\/wp\/v2\/media\/1843577"}],"wp:attachment":[{"href":"https:\/\/liquidmaster.pl\/en\/wp-json\/wp\/v2\/media?parent=1802407"}],"wp:term":[{"taxonomy":"product_brand","embeddable":true,"href":"https:\/\/liquidmaster.pl\/en\/wp-json\/wp\/v2\/product_brand?post=1802407"},{"taxonomy":"product_cat","embeddable":true,"href":"https:\/\/liquidmaster.pl\/en\/wp-json\/wp\/v2\/product_cat?post=1802407"},{"taxonomy":"product_tag","embeddable":true,"href":"https:\/\/liquidmaster.pl\/en\/wp-json\/wp\/v2\/product_tag?post=1802407"}],"curies":[{"name":"wp","href":"https:\/\/api.w.org\/{rel}","templated":true}]}}