{"id":1802405,"date":"2025-03-28T00:08:04","date_gmt":"2025-03-27T22:08:04","guid":{"rendered":"https:\/\/liquidmaster.pl\/unilite-hl-4r-czolowka-275-lumenow\/"},"modified":"2026-04-19T03:07:04","modified_gmt":"2026-04-19T01:07:04","slug":"unilite-hl-4r-czolowka-275-lumenow","status":"publish","type":"product","link":"https:\/\/liquidmaster.pl\/en\/unilite-hl-4r-czolowka-275-lumenow\/","title":{"rendered":"Unilite HL-4R Headlamp 275 lumens"},"content":{"rendered":"<p style=\"margin: 0pt; text-align: justify;\">UNILITE HL-4R<\/p>\n<p style=\"margin: 0pt; text-align: justify;\">Bardzo lekka czo\u0142\u00f3wka z akumulatorem litowo-polimerowym wyposa\u017cona w bia\u0142\u0105 diod\u0119 CREE\u00ae LED o mocy 275 lumen\u00f3w. HL-4R mo\u017cna u\u017cywa\u0107 zar\u00f3wnno z paskiem na g\u0142ow\u0119 jak i samoprzylepnym mocowanie do kasku (szybki demonta\u017c). Niezale\u017cnie od sposobu mocowania latarka pozwala na 45\u00b0 zakres regulacji. Opr\u00f3cz g\u0142ownej diody CREE\u00ae LED czo\u0142\u00f3wka posiada dwie czerwone diody sygnalizuj\u0105ce pracuj\u0105ce w 3 trybach: &#8211; \u015bwiat\u0142o ci\u0105g\u0142e > miganie 2Hz > SOS. Urz\u0105dzenie jest wodoszczelne i py\u0142oodporne wed\u0142ug standard\u00f3w IPX6.<\/p>\n<p style=\"margin: 0pt; text-align: justify;\">\u00a0<\/p>\n<p style=\"margin: 0pt; text-align: justify;\">Obs\u0142uga lampy:<\/p>\n<p style=\"margin: 0pt; text-align: justify;\">G\u0142\u00f3wna dioda posiada 3 tryby pracy : mocny > \u015bredni > niski<\/p>\n<p style=\"margin: 0pt; text-align: justify;\">Czerwone diody aktywuja si\u0119 po naci\u015bni\u0119ciu i przytrzymaniu przycisku sterowania. 3 tryby pracy: mocny > miganie 2Hz > SOS<\/p>\n<p style=\"margin: 0pt; text-align: justify;\">\u00a0<\/p>\n<p style=\"margin: 0pt; text-align: justify;\">\n<p style=\"margin: 0pt; text-align: justify;\">\u00a0<\/p>\n<p style=\"margin: 0pt; text-align: justify;\">Po 3 sekundach ci\u0105g\u0142ej pracy w dowolnym trybie, kolejne naci\u015bni\u0119cie przycisku spowoduje wy\u0142\u0105czenie lampy.<\/p>\n<p style=\"margin: 0pt; text-align: justify;\">\u00a0<\/p>\n<p style=\"margin: 0pt; text-align: justify;\">\u00a0<\/p>\n<p style=\"margin: 0pt; text-align: justify;\">\u00a0<\/p>\n<p style=\"margin: 0pt; text-align: justify;\">Cechy:<\/p>\n<p style=\"margin: 0pt; text-align: left;\">\u2022 275 lumen\u00f3w, bia\u0142a dioda CREE\u00ae LED<\/p>\n<p style=\"margin: 0pt; text-align: left;\">\u2022 2 x 5mm czerwone diody LED, tryb nocny &#8211; sta\u0142e i migaja\u0328ce s\u0301wiat\u0142o \u2022 Wskaz\u0301nik \u0142adowania &#8211; czerwony\/zielony<\/p>\n<p style=\"margin: 0pt; text-align: left;\">\u2022 \u0141atwy w obs\u0142udze przycisk sterowania<\/p>\n<p style=\"margin: 0pt; text-align: left;\">\u2022 45\u00b0 zakres regulacji<\/p>\n<p style=\"margin: 0pt; text-align: left;\">\u2022 Mocna obudowa wykonana z ABS<\/p>\n<p style=\"margin: 0pt; text-align: left;\">\u2022 Regulowany, antypos\u0301lizgowy silikonowy pasek<\/p>\n<p style=\"margin: 0pt; text-align: justify;\">\u2022 Samoprzylepne mocowanie do kasku 3M VHB (w zestawie)<\/p>\n<p style=\"margin: 0pt; text-align: left;\">\u2022 Odpornos\u0301c\u0301 na upadek &#8211; 1m<\/p>\n<p style=\"margin: 0pt; text-align: justify;\">\u2022 Szybkie \u0142adowanie 1A USB Typ-C &#8211; 2,5 godziny \u0142adowania <\/p>\n<p style=\"margin: 0pt; text-align: justify;\">\u2022 W zestawie kabel do \u0142adowania USB Typ-C 1m<\/p>\n<p style=\"margin: 0pt; text-align: justify;\">\u00a0<\/p>\n<p style=\"margin: 0pt; text-align: justify;\">\u00a0<\/p>\n<tr style=\"height: 22.65pt;\">\n<p style=\"margin: 0pt; text-align: justify; background-color: rgb(0, 0, 0);\">DANE TECHNICZNE<\/p>\n<\/tr>\n<tr style=\"height: 22.65pt;\">\n<p style=\"margin: 0pt; text-align: justify;\">\u017ar\u00f3d\u0142o \u015bwiat\u0142a<\/p>\n<p style=\"margin: 0pt; text-align: center;\">CREE\u00ae LED<\/p>\n<\/tr>\n<tr style=\"height: 22.65pt;\">\n<p style=\"margin: 0pt; text-align: justify;\">moc \u015bwiat\u0142a \u00a0[lm]<\/p>\n<p style=\"margin: 0pt; text-align: center;\">275\/75\/9<\/p>\n<\/tr>\n<tr style=\"height: 22.65pt;\">\n<p style=\"margin: 0pt; text-align: justify;\">kolor diody<\/p>\n<p style=\"margin: 0pt; text-align: center;\">bia\u0142a\/czerwone<\/p>\n<\/tr>\n<tr style=\"height: 22.65pt;\">\n<p style=\"margin: 0pt; text-align: justify;\">rodzaj akumulatora \u00a0[mAh]<\/p>\n<p style=\"margin: 0pt; text-align: center;\">1800 \/ litowo-polimerowy<\/p>\n<\/tr>\n<tr style=\"height: 22.65pt;\">\n<p style=\"margin: 0pt; text-align: justify;\">czas pracy \u00a0[h]<\/p>\n<p style=\"margin: 0pt; text-align: center;\">6,5-170<\/p>\n<\/tr>\n<tr style=\"height: 22.65pt;\">\n<p style=\"margin: 0pt; text-align: justify;\">czas \u0142adowania [h]<\/p>\n<p style=\"margin: 0pt; text-align: center;\">2,5<\/p>\n<\/tr>\n<tr style=\"height: 22.65pt;\">\n<p style=\"margin: 0pt; text-align: justify;\">zakres temperatur otoczenia pracy [\u00baC]<\/p>\n<p style=\"margin: 0pt; text-align: center;\">-10 \u00a0+40<\/p>\n<\/tr>\n<tr style=\"height: 22.65pt;\">\n<p style=\"margin: 0pt; text-align: justify;\">stopie\u0144 ochrony<\/p>\n<p style=\"margin: 0pt; text-align: center;\">IPX6<\/p>\n<\/tr>\n<tr style=\"height: 22.65pt;\">\n<p style=\"margin: 0pt; text-align: justify;\">wytrzyma\u0142o\u015b\u0107 mechaniczna urz\u0105dzenia<\/p>\n<p style=\"margin: 0pt; text-align: center;\">IK07<\/p>\n<\/tr>\n<tr style=\"height: 22.65pt;\">\n<p style=\"margin: 0pt; text-align: justify;\">wymiary \u00a0[mm]<\/p>\n<p style=\"margin: 0pt; text-align: center;\">63x40x42 mm<\/p>\n<\/tr>\n<tr style=\"height: 22.65pt;\">\n<p style=\"margin: 0pt; text-align: justify;\">waga [g]<\/p>\n<p style=\"margin: 0pt; text-align: center;\">78<\/p>\n<\/tr>\n","protected":false},"excerpt":{"rendered":"<p>UNILITE HL-4R Bardzo lekka czo\u0142\u00f3wka z akumulatorem litowo-polimerowym wyposa\u017cona w bia\u0142\u0105 diod\u0119 CREE\u00ae LED o mocy 275 lumen\u00f3w. HL-4R mo\u017cna u\u017cywa\u0107 zar\u00f3wnno z paskiem na g\u0142ow\u0119 jak i samoprzylepnym mocowanie do kasku (szybki demonta\u017c). Niezale\u017cnie od sposobu mocowania latarka pozwala na 45\u00b0 zakres regulacji. Opr\u00f3cz g\u0142ownej diody CREE\u00ae LED czo\u0142\u00f3wka posiada dwie czerwone diody sygnalizuj\u0105ce&hellip;&nbsp;<a href=\"https:\/\/liquidmaster.pl\/en\/unilite-hl-4r-czolowka-275-lumenow\/\" rel=\"bookmark\">Read More \u00bb<span class=\"screen-reader-text\">Unilite HL-4R Headlamp 275 lumens<\/span><\/a><\/p>","protected":false},"featured_media":1843575,"comment_status":"open","ping_status":"open","template":"","meta":{"neve_meta_sidebar":"","neve_meta_container":"","neve_meta_enable_content_width":"","neve_meta_content_width":0,"neve_meta_title_alignment":"","neve_meta_author_avatar":"","neve_post_elements_order":"","neve_meta_disable_header":"","neve_meta_disable_footer":"","neve_meta_disable_title":"","_themeisle_gutenberg_block_has_review":false},"product_brand":[],"product_cat":[749,827,748],"product_tag":[373],"class_list":{"0":"post-1802405","1":"product","2":"type-product","3":"status-publish","4":"has-post-thumbnail","6":"product_cat-akcesoria-polerskie","7":"product_cat-lampy-inspekcyjne","8":"product_cat-polerowanie","9":"product_tag-unilite","11":"first","12":"instock","13":"taxable","14":"shipping-taxable","15":"purchasable","16":"product-type-simple"},"_links":{"self":[{"href":"https:\/\/liquidmaster.pl\/en\/wp-json\/wp\/v2\/product\/1802405","targetHints":{"allow":["GET"]}}],"collection":[{"href":"https:\/\/liquidmaster.pl\/en\/wp-json\/wp\/v2\/product"}],"about":[{"href":"https:\/\/liquidmaster.pl\/en\/wp-json\/wp\/v2\/types\/product"}],"replies":[{"embeddable":true,"href":"https:\/\/liquidmaster.pl\/en\/wp-json\/wp\/v2\/comments?post=1802405"}],"wp:featuredmedia":[{"embeddable":true,"href":"https:\/\/liquidmaster.pl\/en\/wp-json\/wp\/v2\/media\/1843575"}],"wp:attachment":[{"href":"https:\/\/liquidmaster.pl\/en\/wp-json\/wp\/v2\/media?parent=1802405"}],"wp:term":[{"taxonomy":"product_brand","embeddable":true,"href":"https:\/\/liquidmaster.pl\/en\/wp-json\/wp\/v2\/product_brand?post=1802405"},{"taxonomy":"product_cat","embeddable":true,"href":"https:\/\/liquidmaster.pl\/en\/wp-json\/wp\/v2\/product_cat?post=1802405"},{"taxonomy":"product_tag","embeddable":true,"href":"https:\/\/liquidmaster.pl\/en\/wp-json\/wp\/v2\/product_tag?post=1802405"}],"curies":[{"name":"wp","href":"https:\/\/api.w.org\/{rel}","templated":true}]}}