{"id":1802403,"date":"2025-03-28T00:07:46","date_gmt":"2025-03-27T22:07:46","guid":{"rendered":"https:\/\/liquidmaster.pl\/unilite-cri-h200r-czolowka-200-lumenow\/"},"modified":"2026-04-18T04:21:21","modified_gmt":"2026-04-18T02:21:21","slug":"unilite-cri-h200r-czolowka-200-lumenow","status":"publish","type":"product","link":"https:\/\/liquidmaster.pl\/en\/unilite-cri-h200r-czolowka-200-lumenow\/","title":{"rendered":"Unilite CRI-H200R 200 lumen headlamp"},"content":{"rendered":"<p style=\"margin: 0pt; text-align: justify;\">UNILITE CRI-H200R<\/p>\n<p style=\"margin: 0pt; text-align: justify;\">Czo\u0142\u00f3wka UNILITE CRI-H200R oferuje 200 lumen\u00f3w i a\u017c 3 ustawienia temperatury \u015bwiat\u0142a 2500K \/ 4500K \/ 6500K, co czyni j\u0105 najmocniejsz\u0105 czo\u0142\u00f3wk\u0105 HIGH CRI na rynku. Dioda COB LED o wysokim wsp\u00f3\u0142czynniku oddawania barw naturalnych CRI \u00a096+ umo\u017cliwiaj\u0105 perfekcyjne dobranie w\u0142a\u015bciwego odcienia koloru.<\/p>\n<p style=\"margin: 0pt; text-align: justify;\">\u00a0<\/p>\n<p style=\"margin: 0pt; text-align: justify;\">Czo\u0142\u00f3wka zosta\u0142a wyposa\u017cona w czunik ruchu, kt\u00f3ry pozwala na obs\u0142ug\u0119 bez u\u017cycia r\u0105k. Dodatkowo H200R pozwala na 60\u00b0 zakres regulacji. Urz\u0105dzenie jest wodoszczelne i py\u0142oodporne wed\u0142ug standard\u00f3w IP65. CRI-600R zosta\u0142a wyposa\u017cona w szybkie \u0142adowanie micro-USB 1A.<\/p>\n<p style=\"margin: 0pt; text-align: justify;\">\u00a0<\/p>\n<p style=\"margin: 0pt; text-align: justify;\">Obs\u0142uga lampy:<\/p>\n<p style=\"margin: 0pt; text-align: justify;\">Prawy przycisk &#8211; obs\u0142uga czo\u0142\u00f3wki<\/p>\n<p style=\"margin: 0pt; text-align: justify;\">sekwencja &#8211; 2500K > 4500K > 6500K > wy\u0142\u0105czenie<\/p>\n<p style=\"margin: 0pt; text-align: justify;\">Funkcja pami\u0119ci zapami\u0119tuje ostatnio u\u017cywan\u0105 temperatur\u0119 \u015bwiat\u0142a po 8 sekundach ci\u0105g\u0142ej pracy. Kolejne za\u0142\u0105czenie czo\u0142\u00f3wki uruchomi ostatnio u\u017cywany tryb.<\/p>\n<p style=\"margin: 0pt; text-align: justify;\">Lewy przycisk &#8211; obs\u0142uga sensoru ruchu<\/p>\n<p style=\"margin: 0pt; text-align: justify;\">Po w\u0142\u0105czeniu czujnika ruchu pojawi si\u0119 czerwone \u015bwiate\u0142ko, inforumj\u0105ce o w\u0142\u0105czonym trybie. W\u0142aczenie czo\u0142\u00f3wki odbywa si\u0119 przez machni\u0119cie r\u0119k\u0105 w odleg\u0142o\u015bci ok. 15cm.<\/p>\n<p style=\"margin: 0pt; text-align: justify;\">\n<p style=\"margin: 0pt; text-align: justify;\">\u00a0<\/p>\n<p style=\"margin: 0pt; text-align: justify;\">Cechy:<\/p>\n<p style=\"margin: 0pt; text-align: left; tab-stops: left 28pt left 56pt left 84pt left 112pt left 140pt left 168pt left 196pt left 224pt left 252pt left 280pt left 308pt left 336pt;\">\u2022 200 lumen\u00f3w, COB LED<\/p>\n<p style=\"margin: 0pt; text-align: left; tab-stops: left 28pt left 56pt left 84pt left 112pt left 140pt left 168pt left 196pt left 224pt left 252pt left 280pt left 308pt left 336pt;\">\u2022 Wysokie CRI 96+ 3 kolorowa dioda COB LED<\/p>\n<p style=\"margin: 0pt; text-align: left; tab-stops: left 28pt left 56pt left 84pt left 112pt left 140pt left 168pt left 196pt left 224pt left 252pt left 280pt left 308pt left 336pt;\">\u2022 Zakres CCT: 2500K \/ 4500K \/ 6500K<\/p>\n<p style=\"margin: 0pt; text-align: left; tab-stops: left 28pt left 56pt left 84pt left 112pt left 140pt left 168pt left 196pt left 224pt left 252pt left 280pt left 308pt left 336pt;\">\u2022 Czujnik ruchu, do obs\u0142ugi bez uz\u0307ycia ra\u0328k<\/p>\n<p style=\"margin: 0pt; text-align: left; tab-stops: left 28pt left 56pt left 84pt left 112pt left 140pt left 168pt left 196pt left 224pt left 252pt left 280pt left 308pt left 336pt;\">\u2022 60\u00b0 zakres regulacji<\/p>\n<p style=\"margin: 0pt; text-align: left; tab-stops: left 28pt left 56pt left 84pt left 112pt left 140pt left 168pt left 196pt left 224pt left 252pt left 280pt left 308pt left 336pt;\">\u2022 Regulowany, antypos\u0301lizgowy silikonowy pasek<\/p>\n<p style=\"margin: 0pt; text-align: left; tab-stops: left 28pt left 56pt left 84pt left 112pt left 140pt left 168pt left 196pt left 224pt left 252pt left 280pt left 308pt left 336pt;\">\u2022 Odpornos\u0301c\u0301 na kurz i wode\u0328 IP65<\/p>\n<p style=\"margin: 0pt; text-align: left; tab-stops: left 28pt left 56pt left 84pt left 112pt left 140pt left 168pt left 196pt left 224pt left 252pt left 280pt left 308pt left 336pt;\">\u2022 Odpornos\u0301c\u0301 na wstrza\u0328sy IK07<\/p>\n<p style=\"margin: 0pt; text-align: left; tab-stops: left 28pt left 56pt left 84pt left 112pt left 140pt left 168pt left 196pt left 224pt left 252pt left 280pt left 308pt left 336pt;\">\u2022 Wskaz\u0301nik \u0142adowania czerwony\/zielony<\/p>\n<p style=\"margin: 0pt; text-align: left; tab-stops: left 28pt left 56pt left 84pt left 112pt left 140pt left 168pt left 196pt left 224pt left 252pt left 280pt left 308pt left 336pt;\">\u2022 Szybkie \u0142adowanie mico-USB 1A &#8211; 3 godziny \u0142adowania \u2022 W zestawie 1 kabel micro-USB<\/p>\n<p style=\"margin: 0pt; text-align: justify;\">\u00a0<\/p>\n<tr style=\"height: 22.65pt;\">\n<p style=\"margin: 0pt; text-align: center; background-color: rgb(0, 0, 0);\">DANE TECHNICZNE<\/p>\n<\/tr>\n<tr style=\"height: 22.65pt;\">\n<p style=\"margin: 0pt; text-align: left;\">\u017ar\u00f3d\u0142o \u015bwiat\u0142a<\/p>\n<p style=\"margin: 0pt; text-align: center;\">COB LED <\/p>\n<\/tr>\n<tr style=\"height: 22.65pt;\">\n<p style=\"margin: 0pt; text-align: left;\">moc \u015bwiat\u0142a \u00a0[lm]<\/p>\n<p style=\"margin: 0pt; text-align: center;\">200<\/p>\n<\/tr>\n<tr style=\"height: 22.65pt;\">\n<p style=\"margin: 0pt; text-align: left;\">temperatura barwowa \u00a0[K]<\/p>\n<p style=\"margin: 0pt; text-align: center;\">2500\/4500\/6500 <\/p>\n<\/tr>\n<tr style=\"height: 22.65pt;\">\n<p style=\"margin: 0pt; text-align: left;\">wsp\u00f3\u0142czynnik oddawania barw (CRI) [Ra]<\/p>\n<p style=\"margin: 0pt; text-align: center;\">>96<\/p>\n<\/tr>\n<tr style=\"height: 22.65pt;\">\n<p style=\"margin: 0pt; text-align: left;\">rodzaj akumulatora \u00a0[mAh]<\/p>\n<p style=\"margin: 0pt; text-align: center;\">1500 \/ litowo-polimerowy<\/p>\n<\/tr>\n<tr style=\"height: 22.65pt;\">\n<p style=\"margin: 0pt; text-align: left;\">czas pracy \u00a0[h]<\/p>\n<p style=\"margin: 0pt; text-align: center;\">3<\/p>\n<\/tr>\n<tr style=\"height: 22.65pt;\">\n<p style=\"margin: 0pt; text-align: left;\">czas \u0142adowania [h]<\/p>\n<p style=\"margin: 0pt; text-align: center;\">3<\/p>\n<\/tr>\n<tr style=\"height: 22.65pt;\">\n<p style=\"margin: 0pt; text-align: left;\">zakres temperatur otoczenia pracy [\u00baC]<\/p>\n<p style=\"margin: 0pt; text-align: center;\">-10 \u00a0+40<\/p>\n<\/tr>\n<tr style=\"height: 22.65pt;\">\n<p style=\"margin: 0pt; text-align: left;\">stopie\u0144 ochrony<\/p>\n<p style=\"margin: 0pt; text-align: center;\">IP65<\/p>\n<\/tr>\n<tr style=\"height: 22.65pt;\">\n<p style=\"margin: 0pt; text-align: left;\">wytrzyma\u0142o\u015b\u0107 mechaniczna urz\u0105dzenia<\/p>\n<p style=\"margin: 0pt; text-align: center;\">IK07<\/p>\n<\/tr>\n<tr style=\"height: 22.65pt;\">\n<p style=\"margin: 0pt; text-align: left;\">wymiary \u00a0[mm]<\/p>\n<p style=\"margin: 0pt; text-align: center;\">48x79x46<\/p>\n<\/tr>\n<tr style=\"height: 22.65pt;\">\n<p style=\"margin: 0pt; text-align: left;\">waga [g]<\/p>\n<p style=\"margin: 0pt; text-align: center;\">110<\/p>\n<\/tr>\n","protected":false},"excerpt":{"rendered":"<p>UNILITE CRI-H200R Czo\u0142\u00f3wka UNILITE CRI-H200R oferuje 200 lumen\u00f3w i a\u017c 3 ustawienia temperatury \u015bwiat\u0142a 2500K \/ 4500K \/ 6500K, co czyni j\u0105 najmocniejsz\u0105 czo\u0142\u00f3wk\u0105 HIGH CRI na rynku. Dioda COB LED o wysokim wsp\u00f3\u0142czynniku oddawania barw naturalnych CRI \u00a096+ umo\u017cliwiaj\u0105 perfekcyjne dobranie w\u0142a\u015bciwego odcienia koloru. \u00a0 Czo\u0142\u00f3wka zosta\u0142a wyposa\u017cona w czunik ruchu, kt\u00f3ry pozwala na&hellip;&nbsp;<a href=\"https:\/\/liquidmaster.pl\/en\/unilite-cri-h200r-czolowka-200-lumenow\/\" rel=\"bookmark\">Read More \u00bb<span class=\"screen-reader-text\">Unilite CRI-H200R 200 lumen headlamp<\/span><\/a><\/p>","protected":false},"featured_media":1843569,"comment_status":"open","ping_status":"open","template":"","meta":{"neve_meta_sidebar":"","neve_meta_container":"","neve_meta_enable_content_width":"","neve_meta_content_width":0,"neve_meta_title_alignment":"","neve_meta_author_avatar":"","neve_post_elements_order":"","neve_meta_disable_header":"","neve_meta_disable_footer":"","neve_meta_disable_title":"","_themeisle_gutenberg_block_has_review":false},"product_brand":[],"product_cat":[749,827,748],"product_tag":[373],"class_list":{"0":"post-1802403","1":"product","2":"type-product","3":"status-publish","4":"has-post-thumbnail","6":"product_cat-akcesoria-polerskie","7":"product_cat-lampy-inspekcyjne","8":"product_cat-polerowanie","9":"product_tag-unilite","11":"first","12":"instock","13":"taxable","14":"shipping-taxable","15":"purchasable","16":"product-type-simple"},"_links":{"self":[{"href":"https:\/\/liquidmaster.pl\/en\/wp-json\/wp\/v2\/product\/1802403","targetHints":{"allow":["GET"]}}],"collection":[{"href":"https:\/\/liquidmaster.pl\/en\/wp-json\/wp\/v2\/product"}],"about":[{"href":"https:\/\/liquidmaster.pl\/en\/wp-json\/wp\/v2\/types\/product"}],"replies":[{"embeddable":true,"href":"https:\/\/liquidmaster.pl\/en\/wp-json\/wp\/v2\/comments?post=1802403"}],"wp:featuredmedia":[{"embeddable":true,"href":"https:\/\/liquidmaster.pl\/en\/wp-json\/wp\/v2\/media\/1843569"}],"wp:attachment":[{"href":"https:\/\/liquidmaster.pl\/en\/wp-json\/wp\/v2\/media?parent=1802403"}],"wp:term":[{"taxonomy":"product_brand","embeddable":true,"href":"https:\/\/liquidmaster.pl\/en\/wp-json\/wp\/v2\/product_brand?post=1802403"},{"taxonomy":"product_cat","embeddable":true,"href":"https:\/\/liquidmaster.pl\/en\/wp-json\/wp\/v2\/product_cat?post=1802403"},{"taxonomy":"product_tag","embeddable":true,"href":"https:\/\/liquidmaster.pl\/en\/wp-json\/wp\/v2\/product_tag?post=1802403"}],"curies":[{"name":"wp","href":"https:\/\/api.w.org\/{rel}","templated":true}]}}