{"id":1802401,"date":"2025-03-28T00:07:29","date_gmt":"2025-03-27T22:07:29","guid":{"rendered":"https:\/\/liquidmaster.pl\/unilite-cri-2300-lampa-robocza-2300-lumenow\/"},"modified":"2026-04-20T07:59:15","modified_gmt":"2026-04-20T05:59:15","slug":"unilite-cri-2300-lampa-robocza-2300-lumenow","status":"publish","type":"product","link":"https:\/\/liquidmaster.pl\/en\/unilite-cri-2300-lampa-robocza-2300-lumenow\/","title":{"rendered":"Unilite CRI-2300 work lamp 2300 lumens"},"content":{"rendered":"<p style=\"margin: 0pt; text-align: justify;\">UNILITE CRI-2300<\/p>\n<p style=\"margin: 0pt; text-align: justify;\">Profesjonalne o\u015bwietlenie detailingowe o mocy 2300 lumen\u00f3w idealnie sprawdza si\u0119 przy inspekcji du\u017cych powierzchni podczas polerowania, lakierowania, czyszczenia. Dioda COB LED o wysokim wsp\u00f3\u0142czynniku oddawania barw naturalnych CRI 96+ umo\u017cliwiaj\u0105 perfekcyjne dobranie w\u0142a\u015bciwego odcienia koloru. Lampa oferuje 5 ustawie\u0144 temperatury \u015bwiat\u0142a &#8211; 2700K \/ 3500K \/ 4500K \/ 5500K \/ 6500K.<\/p>\n<p style=\"margin: 0pt; text-align: justify;\">\u00a0<\/p>\n<p style=\"margin: 0pt; text-align: justify;\">Lampa posiada wbudowany akumulator, co pozwala na prac\u0119 bezprzewodow\u0105. Regulowany uchwyt 180\u00b0 umo\u017cliwia zamocowanie lampy na stojaku.<\/p>\n<p style=\"margin: 0pt; text-align: justify;\">\u00a0<\/p>\n<p style=\"margin: 0pt; text-align: justify;\">Obs\u0142uga lampy:<\/p>\n<p style=\"margin: 0pt; text-align: justify;\">Przycisk g\u00f3rny &#8211; zmiana temperatury \u015bwiat\u0142a<\/p>\n<p style=\"margin: 0pt; text-align: justify;\">sekwencja &#8211; Reflektor 2700K > Reflektor 3500K > Reflektor 4500K > Reflektor 5500K > Reflektor 6500K <\/p>\n<p style=\"margin: 0pt; text-align: justify;\">Przycisk dolny zmienia nat\u0119\u017cenie \u015bwiat\u0142a<\/p>\n<p style=\"margin: 0pt; text-align: justify;\">sekwencja &#8211; 550lm > 1100lm > 2300lm<\/p>\n<p style=\"margin: 0pt; text-align: justify;\">\u00a0<\/p>\n<p style=\"margin: 0pt; text-align: justify;\">Cechy:<\/p>\n<p style=\"margin: 0pt; text-align: left; tab-stops: left 28pt left 56pt left 84pt left 112pt left 140pt left 168pt left 196pt left 224pt left 252pt left 280pt left 308pt left 336pt;\">\u2022 2300 lumen\u00f3w, 20W COB LED<\/p>\n<p style=\"margin: 0pt; text-align: left; tab-stops: left 28pt left 56pt left 84pt left 112pt left 140pt left 168pt left 196pt left 224pt left 252pt left 280pt left 308pt left 336pt;\">\u2022 Wysokie CRI 96+ 5 kolor\u00f3w COB LED<\/p>\n<p style=\"margin: 0pt; text-align: left; tab-stops: left 28pt left 56pt left 84pt left 112pt left 140pt left 168pt left 196pt left 224pt left 252pt left 280pt left 308pt left 336pt;\">\u2022 Zakres CCT : 2700K \/ 3500K \/ 4500K \/ 5500K \/ 6500K <\/p>\n<p style=\"margin: 0pt; text-align: left; tab-stops: left 28pt left 56pt left 84pt left 112pt left 140pt left 168pt left 196pt left 224pt left 252pt left 280pt left 308pt left 336pt;\">\u2022 Podw\u00f3jne zasilanie &#8211; akumulatorowe i sieciowe<\/p>\n<p style=\"margin: 0pt; text-align: left; tab-stops: left 28pt left 56pt left 84pt left 112pt left 140pt left 168pt left 196pt left 224pt left 252pt left 280pt left 308pt left 336pt;\">\u2022 Bardzo wytrzyma\u0142a konstrukcja aluminiowa<\/p>\n<p style=\"margin: 0pt; text-align: left; tab-stops: left 28pt left 56pt left 84pt left 112pt left 140pt left 168pt left 196pt left 224pt left 252pt left 280pt left 308pt left 336pt;\">\u2022 Wbudowany aluminiowy radiator<\/p>\n<p style=\"margin: 0pt; text-align: left; tab-stops: left 28pt left 56pt left 84pt left 112pt left 140pt left 168pt left 196pt left 224pt left 252pt left 280pt left 308pt left 336pt;\">\u2022 Regulowana podstawka \/ uchwyt 180\u00b0<\/p>\n<p style=\"margin: 0pt; text-align: left; tab-stops: left 28pt left 56pt left 84pt left 112pt left 140pt left 168pt left 196pt left 224pt left 252pt left 280pt left 308pt left 336pt;\">\u2022 Odpornos\u0301c\u0301 na kurz i wode\u0328 IP65<\/p>\n<p style=\"margin: 0pt; text-align: left; tab-stops: left 28pt left 56pt left 84pt left 112pt left 140pt left 168pt left 196pt left 224pt left 252pt left 280pt left 308pt left 336pt;\">\u2022 Odpornos\u0301c\u0301 na wstrza\u0328sy IK07<\/p>\n<p style=\"margin: 0pt; text-align: left; tab-stops: left 28pt left 56pt left 84pt left 112pt left 140pt left 168pt left 196pt left 224pt left 252pt left 280pt left 308pt left 336pt;\">\u2022 W zestawie \u0142adowarka \/ przew\u00f3d zasilaja\u0328cy<\/p>\n<p style=\"margin: 0pt; text-align: left;\">\u2022 3,5godziny \u0142adowania<\/p>\n<p style=\"margin: 0pt; text-align: justify;\">\u00a0<\/p>\n<tr style=\"height: 22.65pt;\">\n<p style=\"margin: 0pt; text-align: center; background-color: rgb(0, 0, 0);\">DANE TECHNICZNE<\/p>\n<\/tr>\n<tr style=\"height: 22.65pt;\">\n<p style=\"margin: 0pt; text-align: left;\">\u017ar\u00f3d\u0142o \u015bwiat\u0142a<\/p>\n<p style=\"margin: 0pt; text-align: center;\">COB LED <\/p>\n<\/tr>\n<tr style=\"height: 22.65pt;\">\n<p style=\"margin: 0pt; text-align: left;\">moc \u015bwiat\u0142a \u00a0[lm]<\/p>\n<p style=\"margin: 0pt; text-align: center;\">2300\/1100\/550<\/p>\n<\/tr>\n<tr style=\"height: 22.65pt;\">\n<p style=\"margin: 0pt; text-align: left;\">temperatura barwowa \u00a0[K]<\/p>\n<p style=\"margin: 0pt; text-align: center;\">2700\/3500\/4500\/5500\/6500 <\/p>\n<\/tr>\n<tr style=\"height: 22.65pt;\">\n<p style=\"margin: 0pt; text-align: left;\">wsp\u00f3\u0142czynnik oddawania barw (CRI) [Ra]<\/p>\n<p style=\"margin: 0pt; text-align: center;\">>96<\/p>\n<\/tr>\n<tr style=\"height: 22.65pt;\">\n<p style=\"margin: 0pt; text-align: left;\">rodzaj akumulatora \u00a0[mAh]<\/p>\n<p style=\"margin: 0pt; text-align: center;\">44000 \/ litowo-jonowy<\/p>\n<\/tr>\n<tr style=\"height: 22.65pt;\">\n<p style=\"margin: 0pt; text-align: left;\">czas pracy \u00a0[h]<\/p>\n<p style=\"margin: 0pt; text-align: center;\">2-8<\/p>\n<\/tr>\n<tr style=\"height: 22.65pt;\">\n<p style=\"margin: 0pt; text-align: left;\">czas \u0142adowania [h]<\/p>\n<p style=\"margin: 0pt; text-align: center;\">3,5<\/p>\n<\/tr>\n<tr style=\"height: 22.65pt;\">\n<p style=\"margin: 0pt; text-align: left;\">zakres temperatur otoczenia pracy [\u00baC]<\/p>\n<p style=\"margin: 0pt; text-align: center;\">-10 \u00a0+40<\/p>\n<\/tr>\n<tr style=\"height: 22.65pt;\">\n<p style=\"margin: 0pt; text-align: left;\">stopie\u0144 ochrony<\/p>\n<p style=\"margin: 0pt; text-align: center;\">IPX5<\/p>\n<\/tr>\n<tr style=\"height: 22.65pt;\">\n<p style=\"margin: 0pt; text-align: left;\">wytrzyma\u0142o\u015b\u0107 mechaniczna urz\u0105dzenia<\/p>\n<p style=\"margin: 0pt; text-align: center;\">IK07<\/p>\n<\/tr>\n<tr style=\"height: 22.65pt;\">\n<p style=\"margin: 0pt; text-align: left;\">wymiary \u00a0[mm]<\/p>\n<p style=\"margin: 0pt; text-align: center;\">74x224x199<\/p>\n<\/tr>\n<tr style=\"height: 22.65pt;\">\n<p style=\"margin: 0pt; text-align: left;\">waga [g]<\/p>\n<p style=\"margin: 0pt; text-align: center;\">1150<\/p>\n<\/tr>\n","protected":false},"excerpt":{"rendered":"<p>UNILITE CRI-2300 Professional detailing lighting with a power of 2,300 lumens is ideal for inspecting large surfaces during polishing, painting and cleaning. The COB LED with a high natural color rendering index CRI 96+ allows you to perfectly select the right color shade. The lamp offers 5 light temperature settings - 2700K \/ 3500K \/ 4500K \/ 5500K \/ 6500K.  Lamp\u2026&nbsp;<a href=\"https:\/\/liquidmaster.pl\/en\/unilite-cri-2300-lampa-robocza-2300-lumenow\/\" rel=\"bookmark\">Read More \u00bb<span class=\"screen-reader-text\">Unilite CRI-2300 work lamp 2300 lumens<\/span><\/a><\/p>","protected":false},"featured_media":1843567,"comment_status":"open","ping_status":"open","template":"","meta":{"neve_meta_sidebar":"","neve_meta_container":"","neve_meta_enable_content_width":"","neve_meta_content_width":0,"neve_meta_title_alignment":"","neve_meta_author_avatar":"","neve_post_elements_order":"","neve_meta_disable_header":"","neve_meta_disable_footer":"","neve_meta_disable_title":"","_themeisle_gutenberg_block_has_review":false},"product_brand":[],"product_cat":[749,827,748],"product_tag":[373],"class_list":{"0":"post-1802401","1":"product","2":"type-product","3":"status-publish","4":"has-post-thumbnail","6":"product_cat-akcesoria-polerskie","7":"product_cat-lampy-inspekcyjne","8":"product_cat-polerowanie","9":"product_tag-unilite","11":"first","12":"outofstock","13":"taxable","14":"shipping-taxable","15":"purchasable","16":"product-type-simple"},"_links":{"self":[{"href":"https:\/\/liquidmaster.pl\/en\/wp-json\/wp\/v2\/product\/1802401","targetHints":{"allow":["GET"]}}],"collection":[{"href":"https:\/\/liquidmaster.pl\/en\/wp-json\/wp\/v2\/product"}],"about":[{"href":"https:\/\/liquidmaster.pl\/en\/wp-json\/wp\/v2\/types\/product"}],"replies":[{"embeddable":true,"href":"https:\/\/liquidmaster.pl\/en\/wp-json\/wp\/v2\/comments?post=1802401"}],"wp:featuredmedia":[{"embeddable":true,"href":"https:\/\/liquidmaster.pl\/en\/wp-json\/wp\/v2\/media\/1843567"}],"wp:attachment":[{"href":"https:\/\/liquidmaster.pl\/en\/wp-json\/wp\/v2\/media?parent=1802401"}],"wp:term":[{"taxonomy":"product_brand","embeddable":true,"href":"https:\/\/liquidmaster.pl\/en\/wp-json\/wp\/v2\/product_brand?post=1802401"},{"taxonomy":"product_cat","embeddable":true,"href":"https:\/\/liquidmaster.pl\/en\/wp-json\/wp\/v2\/product_cat?post=1802401"},{"taxonomy":"product_tag","embeddable":true,"href":"https:\/\/liquidmaster.pl\/en\/wp-json\/wp\/v2\/product_tag?post=1802401"}],"curies":[{"name":"wp","href":"https:\/\/api.w.org\/{rel}","templated":true}]}}