{"id":1802398,"date":"2025-03-28T00:07:05","date_gmt":"2025-03-27T22:07:05","guid":{"rendered":"https:\/\/liquidmaster.pl\/unilite-cri-1250r-reczna-lampa-inspekcyjna-1250-lumenow\/"},"modified":"2026-04-18T04:21:20","modified_gmt":"2026-04-18T02:21:20","slug":"unilite-cri-1250r-reczna-lampa-inspekcyjna-1250-lumenow","status":"publish","type":"product","link":"https:\/\/liquidmaster.pl\/en\/unilite-cri-1250r-reczna-lampa-inspekcyjna-1250-lumenow\/","title":{"rendered":"Unilite CRI-1250R - handheld inspection lamp 1250 lumens"},"content":{"rendered":"<p style=\"margin: 0pt; text-align: justify;\">UNILITE CRI-1250R to bardzo mocna r\u0119czna lampa inspekcyjna o mocy 1250 lumen\u00f3w z wbudowanym akumulatorem. 3 kolorowe diody o wysokim wsp\u00f3\u0142czynniku oddawania barw naturalnych CRI \u00a096+ umo\u017cliwiaj\u0105 perfekcyjne dobranie w\u0142a\u015bciwego odcienia koloru. Opr\u00f3cz g\u0142\u00f3wnej diody COB LED, CRI-1250R zosta\u0142a wyposa\u017cona w g\u00f3rn\u0105 latark\u0119 inspekcyjn\u0105 o mocy 250 lumen\u00f3w i lamp\u0119 UV LED (385nm). <\/p>\n<p style=\"margin: 0pt; text-align: justify;\">\u00a0<\/p>\n<p style=\"margin: 0pt; text-align: justify;\">Lampa posiada bardzo mocne magnesy z ty\u0142u i w podstawie, dzi\u0119ki czemu mo\u017cemy j\u0105 przytwierdzi\u0107 do ka\u017cdej metalowej powierzchni. Wysuwany obrotowy haczyk umo\u017cliwia zawieszenie jej w dowolenj pozycji. Urz\u0105dzenie jest wodoszczelne i py\u0142oodporne wed\u0142ug standard\u00f3w IP65. Mocny akumulator 5000 mAh mo\u017ce r\u00f3wnie\u017c pos\u0142u\u017cy\u0107 jako powerbank USB. CRI-1250R zosta\u0142a wyposa\u017cona w szybkie \u0142adowanie USB Typ-C 2A.<\/p>\n<p style=\"margin: 0pt; text-align: justify;\">\u00a0<\/p>\n<p style=\"margin: 0pt; text-align: justify;\">Obs\u0142uga lampy:<\/p>\n<p style=\"margin: 0pt; text-align: justify;\">G\u00f3rny przycisk &#8211; lampa UV i g\u00f3rna latarka<\/p>\n<p style=\"margin: 0pt; text-align: justify;\">sekwencja &#8211; UV LED > g\u00f3rna latarka > wy\u0142\u0105czenie<\/p>\n<p style=\"margin: 0pt; text-align: justify;\">Dolny przycisk &#8211; obs\u0142uga g\u0142\u00f3wnej diody COB LED<\/p>\n<p style=\"margin: 0pt; text-align: justify;\">sekwencja &#8211; 2700K > 4500K > 6500K > wy\u0142aczenie<\/p>\n<p style=\"margin: 0pt; text-align: justify;\">Przytrzymanie dolnego przycisku zmienia nat\u0119\u017cenie \u015bwiat\u0142a<\/p>\n<p style=\"margin: 0pt; text-align: justify;\">Po 3 sekundach ci\u0105g\u0142ej pracy w dowolnym trybie, kolejne naci\u015bni\u0119cie przycisku spowoduje wy\u0142\u0105czenie lampy.<\/p>\n<p style=\"margin: 0pt; text-align: justify;\">\u00a0<\/p>\n<p style=\"margin: 0pt; text-align: justify;\">\n<p style=\"margin: 0pt; text-align: left;\">\u00a0<\/p>\n<p style=\"margin: 0pt; text-align: left;\">Cechy:<\/p>\n<p style=\"margin: 0pt; text-align: left;\">\u2022 1250 lumen\u00f3w 10W wysoki CRI 96+ COB LED<\/p>\n<p style=\"margin: 0pt; text-align: left;\">\u2022 3 kolorowe diody COB LED &#8211; CCT: 2700k \/ 4500k \/ 6500k<\/p>\n<p style=\"margin: 0pt; text-align: left;\">\u2022 funkcja p\u0142ynnego s\u0301ciemniania<\/p>\n<p style=\"margin: 0pt; text-align: left;\">\u2022 latarka g\u00f3rna 250 lumen\u00f3w 3W SMD LED<\/p>\n<p style=\"margin: 0pt; text-align: left;\">\u2022 lampa UV LED 5W (385nm)<\/p>\n<p style=\"margin: 0pt; text-align: left;\">\u2022 bardzo wytrzyma\u0142a konstrukcja z aluminium i poliwe\u0328glanu<\/p>\n<p style=\"margin: 0pt; text-align: left;\">\u2022 mocny magnes z ty\u0142u i u podstawy<\/p>\n<p style=\"margin: 0pt; text-align: left;\">\u2022 wysuwany haczyk obrotowy 360\u00b0<\/p>\n<p style=\"margin: 0pt; text-align: left;\">\u2022 \u015bwieca\u0328cy w ciemnos\u0301ci pasek wok\u00f3\u0142 diody LED<\/p>\n<p style=\"margin: 0pt; text-align: left;\">\u2022 poziom na\u0142adowania baterii i wskaz\u0301nik \u0142adowania<\/p>\n<p style=\"margin: 0pt; text-align: left;\">\u2022 wbudowany power bank do \u0142adowania innych urza\u0328dzen\u0301 USB<\/p>\n<p style=\"margin: 0pt; text-align: left;\">\u2022 szybkie \u0142adowanie 2A USB Typ-C &#8211; 5 godzin \u0142adowania<\/p>\n<p style=\"margin: 0pt; text-align: left;\">\u2022 magnetyczna stacja \u0142aduja\u0328ca i kabel do \u0142adowania 1 m USB w zestawie<\/p>\n<p style=\"margin: 0pt; text-align: left;\">\u00a0<\/p>\n<tr style=\"height: 22.65pt;\">\n<p style=\"margin: 0pt; text-align: center; background-color: rgb(0, 0, 0);\">DANE TECHNICZNE<\/p>\n<\/tr>\n<tr style=\"height: 22.65pt;\">\n<p style=\"margin: 0pt; text-align: left;\">\u017ar\u00f3d\u0142o \u015bwiat\u0142a<\/p>\n<p style=\"margin: 0pt; text-align: center;\">COB LED <\/p>\n<\/tr>\n<tr style=\"height: 22.65pt;\">\n<p style=\"margin: 0pt; text-align: left;\">moc \u015bwiat\u0142a \u00a0[lm]<\/p>\n<p style=\"margin: 0pt; text-align: center;\">1250\/250\/250 (tryb1\/tryb2\/g\u00f3rna)<\/p>\n<\/tr>\n<tr style=\"height: 22.65pt;\">\n<p style=\"margin: 0pt; text-align: left;\">UV LED \u00a0[nm]<\/p>\n<p style=\"margin: 0pt; text-align: center;\">385<\/p>\n<\/tr>\n<tr style=\"height: 22.65pt;\">\n<p style=\"margin: 0pt; text-align: left;\">temperatura barwowa \u00a0[K]<\/p>\n<p style=\"margin: 0pt; text-align: center;\">2700\/4500\/6500 <\/p>\n<\/tr>\n<tr style=\"height: 22.65pt;\">\n<p style=\"margin: 0pt; text-align: left;\">wsp\u00f3\u0142czynnik oddawania barw (CRI) [Ra]<\/p>\n<p style=\"margin: 0pt; text-align: center;\">>96<\/p>\n<\/tr>\n<tr style=\"height: 22.65pt;\">\n<p style=\"margin: 0pt; text-align: left;\">rodzaj akumulatora \u00a0[mAh]<\/p>\n<p style=\"margin: 0pt; text-align: center;\">5000 \/ litowo-jonowy<\/p>\n<\/tr>\n<tr style=\"height: 22.65pt;\">\n<p style=\"margin: 0pt; text-align: left;\">czas pracy \u00a0[h]<\/p>\n<p style=\"margin: 0pt; text-align: center;\">3-24<\/p>\n<\/tr>\n<tr style=\"height: 22.65pt;\">\n<p style=\"margin: 0pt; text-align: left;\">czas \u0142adowania [h]<\/p>\n<p style=\"margin: 0pt; text-align: center;\">5<\/p>\n<\/tr>\n<tr style=\"height: 22.65pt;\">\n<p style=\"margin: 0pt; text-align: left;\">zakres temperatur otoczenia pracy [\u00baC]<\/p>\n<p style=\"margin: 0pt; text-align: center;\">-10 \u00a0+40<\/p>\n<\/tr>\n<tr style=\"height: 22.65pt;\">\n<p style=\"margin: 0pt; text-align: left;\">stopie\u0144 ochrony<\/p>\n<p style=\"margin: 0pt; text-align: center;\">IP65<\/p>\n<\/tr>\n<tr style=\"height: 22.65pt;\">\n<p style=\"margin: 0pt; text-align: left;\">wytrzyma\u0142o\u015b\u0107 mechaniczna urz\u0105dzenia<\/p>\n<p style=\"margin: 0pt; text-align: center;\">IK07<\/p>\n<\/tr>\n<tr style=\"height: 22.65pt;\">\n<p style=\"margin: 0pt; text-align: left;\">wymiary \u00a0[mm]<\/p>\n<p style=\"margin: 0pt; text-align: center;\">216x58x38<\/p>\n<\/tr>\n<tr style=\"height: 22.65pt;\">\n<p style=\"margin: 0pt; text-align: left;\">waga [g]<\/p>\n<p style=\"margin: 0pt; text-align: center;\">406<\/p>\n<\/tr>\n","protected":false},"excerpt":{"rendered":"<p>UNILITE CRI-1250R to bardzo mocna r\u0119czna lampa inspekcyjna o mocy 1250 lumen\u00f3w z wbudowanym akumulatorem. 3 kolorowe diody o wysokim wsp\u00f3\u0142czynniku oddawania barw naturalnych CRI \u00a096+ umo\u017cliwiaj\u0105 perfekcyjne dobranie w\u0142a\u015bciwego odcienia koloru. Opr\u00f3cz g\u0142\u00f3wnej diody COB LED, CRI-1250R zosta\u0142a wyposa\u017cona w g\u00f3rn\u0105 latark\u0119 inspekcyjn\u0105 o mocy 250 lumen\u00f3w i lamp\u0119 UV LED (385nm). \u00a0 Lampa&hellip;&nbsp;<a href=\"https:\/\/liquidmaster.pl\/en\/unilite-cri-1250r-reczna-lampa-inspekcyjna-1250-lumenow\/\" rel=\"bookmark\">Read More \u00bb<span class=\"screen-reader-text\">Unilite CRI-1250R - handheld inspection lamp 1250 lumens<\/span><\/a><\/p>","protected":false},"featured_media":1843561,"comment_status":"open","ping_status":"open","template":"","meta":{"neve_meta_sidebar":"","neve_meta_container":"","neve_meta_enable_content_width":"","neve_meta_content_width":0,"neve_meta_title_alignment":"","neve_meta_author_avatar":"","neve_post_elements_order":"","neve_meta_disable_header":"","neve_meta_disable_footer":"","neve_meta_disable_title":"","_themeisle_gutenberg_block_has_review":false},"product_brand":[],"product_cat":[749,827,748],"product_tag":[373],"class_list":{"0":"post-1802398","1":"product","2":"type-product","3":"status-publish","4":"has-post-thumbnail","6":"product_cat-akcesoria-polerskie","7":"product_cat-lampy-inspekcyjne","8":"product_cat-polerowanie","9":"product_tag-unilite","11":"first","12":"instock","13":"taxable","14":"shipping-taxable","15":"purchasable","16":"product-type-simple"},"_links":{"self":[{"href":"https:\/\/liquidmaster.pl\/en\/wp-json\/wp\/v2\/product\/1802398","targetHints":{"allow":["GET"]}}],"collection":[{"href":"https:\/\/liquidmaster.pl\/en\/wp-json\/wp\/v2\/product"}],"about":[{"href":"https:\/\/liquidmaster.pl\/en\/wp-json\/wp\/v2\/types\/product"}],"replies":[{"embeddable":true,"href":"https:\/\/liquidmaster.pl\/en\/wp-json\/wp\/v2\/comments?post=1802398"}],"wp:featuredmedia":[{"embeddable":true,"href":"https:\/\/liquidmaster.pl\/en\/wp-json\/wp\/v2\/media\/1843561"}],"wp:attachment":[{"href":"https:\/\/liquidmaster.pl\/en\/wp-json\/wp\/v2\/media?parent=1802398"}],"wp:term":[{"taxonomy":"product_brand","embeddable":true,"href":"https:\/\/liquidmaster.pl\/en\/wp-json\/wp\/v2\/product_brand?post=1802398"},{"taxonomy":"product_cat","embeddable":true,"href":"https:\/\/liquidmaster.pl\/en\/wp-json\/wp\/v2\/product_cat?post=1802398"},{"taxonomy":"product_tag","embeddable":true,"href":"https:\/\/liquidmaster.pl\/en\/wp-json\/wp\/v2\/product_tag?post=1802398"}],"curies":[{"name":"wp","href":"https:\/\/api.w.org\/{rel}","templated":true}]}}