{"id":1802394,"date":"2025-03-28T00:06:29","date_gmt":"2025-03-27T22:06:29","guid":{"rendered":"https:\/\/liquidmaster.pl\/unilite-tripod-sgl-stojak-do-lamp\/"},"modified":"2026-04-18T04:21:19","modified_gmt":"2026-04-18T02:21:19","slug":"unilite-tripod-sgl-stojak-do-lamp","status":"publish","type":"product","link":"https:\/\/liquidmaster.pl\/en\/unilite-tripod-sgl-stojak-do-lamp\/","title":{"rendered":"Unilite TRIPOD-SGL lamp stand"},"content":{"rendered":"<p style=\"margin: 0pt; text-align: left;\">UNILITE TRIPOD-SGL<\/p>\n<p style=\"margin: 0pt; text-align: left;\">Stojak do lamp UNILITE TRIPOD-SGL jest niezb\u0119dnym elementem wyposa\u017cenia zar\u00f3wno warsztatu samochodowego, lakierni i nie tylko. Umo\u017cliwia wygodne i szybkie zamocowanie lampy na podp\u00f3rce (szybki demonta\u017c) lub na \u015brubie. Zamocowana\u0328 na stojaku lampe\u0328 moz\u0307na przechylic\u0301 tak, aby s\u0301wiat\u0142o pada\u0142o pod optymalnym k\u0105tem. Solidna konstrukcja zapewnia stabilno\u015b\u0107 nawet po rozsuni\u0119ciu na pe\u0142n\u0105 wysoko\u015b\u0107.<\/p>\n<p style=\"margin: 0pt; text-align: left;\">\u00a0<\/p>\n<p style=\"margin: 0pt; text-align: left;\">\u00a0<\/p>\n<tr style=\"height: 22.65pt;\">\n<p style=\"margin: 0pt; text-align: center; background-color: rgb(0, 0, 0);\">DANE TECHNICZNE<\/p>\n<\/tr>\n<tr style=\"height: 22.65pt;\">\n<p style=\"margin: 0pt; text-align: left;\">wymiary\u00a0[mm]<\/p>\n<p style=\"margin: 0pt; text-align: center;\">1240 x 1240 x 1800<\/p>\n<\/tr>\n","protected":false},"excerpt":{"rendered":"<p>UNILITE TRIPOD-SGL The UNILITE TRIPOD-SGL lamp stand is an essential element of equipment for car workshops, paint shops and more. It allows for convenient and quick mounting of the lamp on a support (quick disassembly) or on a screw. The lamp mounted on the stand can be tilted so that the light falls at the optimal angle. The solid construction ensures stability even when extended to full height.  \u2026&nbsp;<a href=\"https:\/\/liquidmaster.pl\/en\/unilite-tripod-sgl-stojak-do-lamp\/\" rel=\"bookmark\">Read More \u00bb<span class=\"screen-reader-text\">Unilite TRIPOD-SGL lamp stand<\/span><\/a><\/p>","protected":false},"featured_media":1843553,"comment_status":"open","ping_status":"open","template":"","meta":{"neve_meta_sidebar":"","neve_meta_container":"","neve_meta_enable_content_width":"","neve_meta_content_width":0,"neve_meta_title_alignment":"","neve_meta_author_avatar":"","neve_post_elements_order":"","neve_meta_disable_header":"","neve_meta_disable_footer":"","neve_meta_disable_title":"","_themeisle_gutenberg_block_has_review":false},"product_brand":[],"product_cat":[749,827,748],"product_tag":[373],"class_list":{"0":"post-1802394","1":"product","2":"type-product","3":"status-publish","4":"has-post-thumbnail","6":"product_cat-akcesoria-polerskie","7":"product_cat-lampy-inspekcyjne","8":"product_cat-polerowanie","9":"product_tag-unilite","11":"first","12":"outofstock","13":"taxable","14":"shipping-taxable","15":"purchasable","16":"product-type-simple"},"_links":{"self":[{"href":"https:\/\/liquidmaster.pl\/en\/wp-json\/wp\/v2\/product\/1802394","targetHints":{"allow":["GET"]}}],"collection":[{"href":"https:\/\/liquidmaster.pl\/en\/wp-json\/wp\/v2\/product"}],"about":[{"href":"https:\/\/liquidmaster.pl\/en\/wp-json\/wp\/v2\/types\/product"}],"replies":[{"embeddable":true,"href":"https:\/\/liquidmaster.pl\/en\/wp-json\/wp\/v2\/comments?post=1802394"}],"wp:featuredmedia":[{"embeddable":true,"href":"https:\/\/liquidmaster.pl\/en\/wp-json\/wp\/v2\/media\/1843553"}],"wp:attachment":[{"href":"https:\/\/liquidmaster.pl\/en\/wp-json\/wp\/v2\/media?parent=1802394"}],"wp:term":[{"taxonomy":"product_brand","embeddable":true,"href":"https:\/\/liquidmaster.pl\/en\/wp-json\/wp\/v2\/product_brand?post=1802394"},{"taxonomy":"product_cat","embeddable":true,"href":"https:\/\/liquidmaster.pl\/en\/wp-json\/wp\/v2\/product_cat?post=1802394"},{"taxonomy":"product_tag","embeddable":true,"href":"https:\/\/liquidmaster.pl\/en\/wp-json\/wp\/v2\/product_tag?post=1802394"}],"curies":[{"name":"wp","href":"https:\/\/api.w.org\/{rel}","templated":true}]}}