{"id":1802377,"date":"2025-03-28T00:04:04","date_gmt":"2025-03-27T22:04:04","guid":{"rendered":"https:\/\/liquidmaster.pl\/revive-wheel-cleaner-500ml\/"},"modified":"2026-04-18T04:21:16","modified_gmt":"2026-04-18T02:21:16","slug":"revive-wheel-cleaner-500ml","status":"publish","type":"product","link":"https:\/\/liquidmaster.pl\/en\/revive-wheel-cleaner-500ml\/","title":{"rendered":"Revive Wheel Cleaner 500ml"},"content":{"rendered":"<p>Wheel Cleaner,<\/p>\n<p>Neutral, pH-balanced wheel cleaner designed to remove mild road grime and fresh brake dust. Its pH-balanced formula contains high-performance cleaning and degreasing agents and is safe for classic and modern rim finishes, including polished rims. Ideal for safe and regular cleaning where alkaline or acidic preparations would not be suitable.<\/p>\n<p>To use: Start by using a pressure washer or hose to remove any loose debris. You can also pre-wash using our Snow Foam active foam. Spray the product generously onto the wheels. Leave for a few minutes to soften and loosen impurities. Clean the entire rim and tire thoroughly using a soft brush or sponge. Rinse thoroughly with a pressure washer or hose.<\/p>","protected":false},"excerpt":{"rendered":"<p>Wheel Cleaner, Neutralny \u015brodek do czyszczenia k\u00f3\u0142 o zr\u00f3wnowa\u017conym pH, przeznaczony do usuwania \u0142agodnego brudu drogowego i \u015bwie\u017cego py\u0142u hamulcowego. Jego formu\u0142a o zr\u00f3wnowa\u017conym pH, zawiera wysokowydajne \u015brodki czyszcz\u0105ce i odt\u0142uszczaj\u0105ce i jest bezpieczna dla klasycznych i nowoczesnych wyko\u0144cze\u0144 felg, w tym felg polerowanych. Idealny do bezpiecznego i regularnego czyszczenia, gdzie preparaty alkaliczne lub kwasowe&hellip;&nbsp;<a href=\"https:\/\/liquidmaster.pl\/en\/revive-wheel-cleaner-500ml\/\" rel=\"bookmark\">Read More \u00bb<span class=\"screen-reader-text\">Revive Wheel Cleaner 500ml<\/span><\/a><\/p>","protected":false},"featured_media":1843520,"comment_status":"open","ping_status":"open","template":"","meta":{"neve_meta_sidebar":"","neve_meta_container":"","neve_meta_enable_content_width":"","neve_meta_content_width":0,"neve_meta_title_alignment":"","neve_meta_author_avatar":"","neve_post_elements_order":"","neve_meta_disable_header":"","neve_meta_disable_footer":"","neve_meta_disable_title":"","_themeisle_gutenberg_block_has_review":false},"product_brand":[],"product_cat":[746,745,733],"product_tag":[352],"class_list":{"0":"post-1802377","1":"product","2":"type-product","3":"status-publish","4":"has-post-thumbnail","6":"product_cat-czyszczenie-felg","7":"product_cat-kola-i-opony","8":"product_cat-na-zewnatrz","9":"product_tag-revive","10":"pa_promocja-promocje","12":"first","13":"outofstock","14":"sale","15":"taxable","16":"shipping-taxable","17":"purchasable","18":"product-type-simple"},"_links":{"self":[{"href":"https:\/\/liquidmaster.pl\/en\/wp-json\/wp\/v2\/product\/1802377","targetHints":{"allow":["GET"]}}],"collection":[{"href":"https:\/\/liquidmaster.pl\/en\/wp-json\/wp\/v2\/product"}],"about":[{"href":"https:\/\/liquidmaster.pl\/en\/wp-json\/wp\/v2\/types\/product"}],"replies":[{"embeddable":true,"href":"https:\/\/liquidmaster.pl\/en\/wp-json\/wp\/v2\/comments?post=1802377"}],"wp:featuredmedia":[{"embeddable":true,"href":"https:\/\/liquidmaster.pl\/en\/wp-json\/wp\/v2\/media\/1843520"}],"wp:attachment":[{"href":"https:\/\/liquidmaster.pl\/en\/wp-json\/wp\/v2\/media?parent=1802377"}],"wp:term":[{"taxonomy":"product_brand","embeddable":true,"href":"https:\/\/liquidmaster.pl\/en\/wp-json\/wp\/v2\/product_brand?post=1802377"},{"taxonomy":"product_cat","embeddable":true,"href":"https:\/\/liquidmaster.pl\/en\/wp-json\/wp\/v2\/product_cat?post=1802377"},{"taxonomy":"product_tag","embeddable":true,"href":"https:\/\/liquidmaster.pl\/en\/wp-json\/wp\/v2\/product_tag?post=1802377"}],"curies":[{"name":"wp","href":"https:\/\/api.w.org\/{rel}","templated":true}]}}