{"id":1802369,"date":"2025-03-28T00:02:50","date_gmt":"2025-03-27T22:02:50","guid":{"rendered":"https:\/\/liquidmaster.pl\/gyeon-q2m-tire-applicator-large-2-pack-duze-apliaktory-do-opon-2-szt\/"},"modified":"2026-04-18T04:21:15","modified_gmt":"2026-04-18T02:21:15","slug":"gyeon-q2m-tire-applicator-large-2-pack-duze-apliaktory-do-opon-2-szt","status":"publish","type":"product","link":"https:\/\/liquidmaster.pl\/en\/gyeon-q2m-tire-applicator-large-2-pack-duze-apliaktory-do-opon-2-szt\/","title":{"rendered":"Gyeon Q2M Tire Applicator Large 2-pack - large tire applicators 2 pcs."},"content":{"rendered":"<p>Gyeon Q2M Tire Applicator \u2013 two large tire applicators. Whether you want to cover low-profile sports tires or high-wall SUV tires. Thanks to the strong handle and curved shape of the foam, the applicators enable effective and precise work in any area.<\/p>\n<p>Package: 2 pieces<\/p>","protected":false},"excerpt":{"rendered":"<p>Gyeon Q2M Tire Applicator \u2013 dwa du\u017ce aplikatory do opon. Bez wzgl\u0119du na to, czy chcesz pokry\u0107 niskoprofilowe opony sportowe, czy ogumienie do SUV-\u00f3w z wysokimi \u015bciankami. Dzi\u0119ki mocnemu uchwytowi i zakrzywionemu kszta\u0142towi pianki aplikatory umo\u017cliwiaj\u0105 efektywn\u0105 i precyzyjn\u0105 prac\u0119 w ka\u017cdym obszarze. Opakowanie: 2 sztuki<\/p>","protected":false},"featured_media":1843503,"comment_status":"open","ping_status":"open","template":"","meta":{"neve_meta_sidebar":"","neve_meta_container":"","neve_meta_enable_content_width":"","neve_meta_content_width":0,"neve_meta_title_alignment":"","neve_meta_author_avatar":"","neve_post_elements_order":"","neve_meta_disable_header":"","neve_meta_disable_footer":"","neve_meta_disable_title":"","_themeisle_gutenberg_block_has_review":false},"product_brand":[],"product_cat":[745,733,779],"product_tag":[302],"class_list":{"0":"post-1802369","1":"product","2":"type-product","3":"status-publish","4":"has-post-thumbnail","6":"product_cat-kola-i-opony","7":"product_cat-na-zewnatrz","8":"product_cat-szczotki-pedzelki-i-aplikatory-do-kol","9":"product_tag-gyeon","11":"first","12":"instock","13":"taxable","14":"shipping-taxable","15":"purchasable","16":"product-type-simple"},"_links":{"self":[{"href":"https:\/\/liquidmaster.pl\/en\/wp-json\/wp\/v2\/product\/1802369","targetHints":{"allow":["GET"]}}],"collection":[{"href":"https:\/\/liquidmaster.pl\/en\/wp-json\/wp\/v2\/product"}],"about":[{"href":"https:\/\/liquidmaster.pl\/en\/wp-json\/wp\/v2\/types\/product"}],"replies":[{"embeddable":true,"href":"https:\/\/liquidmaster.pl\/en\/wp-json\/wp\/v2\/comments?post=1802369"}],"wp:featuredmedia":[{"embeddable":true,"href":"https:\/\/liquidmaster.pl\/en\/wp-json\/wp\/v2\/media\/1843503"}],"wp:attachment":[{"href":"https:\/\/liquidmaster.pl\/en\/wp-json\/wp\/v2\/media?parent=1802369"}],"wp:term":[{"taxonomy":"product_brand","embeddable":true,"href":"https:\/\/liquidmaster.pl\/en\/wp-json\/wp\/v2\/product_brand?post=1802369"},{"taxonomy":"product_cat","embeddable":true,"href":"https:\/\/liquidmaster.pl\/en\/wp-json\/wp\/v2\/product_cat?post=1802369"},{"taxonomy":"product_tag","embeddable":true,"href":"https:\/\/liquidmaster.pl\/en\/wp-json\/wp\/v2\/product_tag?post=1802369"}],"curies":[{"name":"wp","href":"https:\/\/api.w.org\/{rel}","templated":true}]}}