{"id":1802362,"date":"2025-03-28T00:01:35","date_gmt":"2025-03-27T22:01:35","guid":{"rendered":"https:\/\/liquidmaster.pl\/gyeon-q2m-fabric-cleaner-1l-preparat-do-czyszczenia-tapicerki\/"},"modified":"2026-04-21T07:03:13","modified_gmt":"2026-04-21T05:03:13","slug":"gyeon-q2m-fabric-cleaner-1l-preparat-do-czyszczenia-tapicerki","status":"publish","type":"product","link":"https:\/\/liquidmaster.pl\/en\/gyeon-q2m-fabric-cleaner-1l-preparat-do-czyszczenia-tapicerki\/","title":{"rendered":"Gyeon Q2M Fabric Cleaner 1L - preparation for cleaning upholstery"},"content":{"rendered":"<p>Gyeon Q2M Fabric Cleaner \u2013 a strong agent for cleaning fabric upholstery. Its formula has been developed to effectively and safely remove dirt, stains and odors from all types of fabrics. It will leave the interior fresh, clean and ready to be protected with Q\u00b2 FabricCoat.<\/p>\n<p>Q\u00b2M FabricCleaner can be used as a one-step cleaner (using a brush and microfiber) or as an effective wet cleaning pre-spray using an extraction vacuum cleaner. Cleans but also prepares textiles before coating with Q\u00b2 FabricCoat.<\/p>\n<p>Spray the surface generously. Wipe in circular motions with Q\u00b2M LeatherBrush. Wipe away any residue with Q\u00b2M BaldWipe microfiber. Repeat as necessary. In case of light dirt, spray the microfiber cloth and wipe it off. Tip: If heavily dirty, rub in Q\u00b2M FabricCleaner with a brush and remove with an extraction vacuum cleaner.<\/p>\n<p>Capacity: 1L<\/p>\n<p>\u00a0<\/p>","protected":false},"excerpt":{"rendered":"<p>Gyeon Q2M Fabric Cleaner \u2013 silny \u015brodek do czyszczenia tapicerki materia\u0142owej. Jego formu\u0142a zosta\u0142a opracowana, aby skutecznie i bezpiecznie usuwa\u0107 brud, plamy i zapachy ze wszystkich rodzaj\u00f3w tkanin. Pozostawi wn\u0119trze \u015bwie\u017ce, czyste i gotowe do zabezpieczenia Q\u00b2 FabricCoat. Q\u00b2M FabricCleaner mo\u017ce by\u0107 u\u017cywany jako jednoetapowy \u015brodek czyszcz\u0105cy (za pomoc\u0105 szczotki i mikrofibry) lub jako skuteczny&hellip;&nbsp;<a href=\"https:\/\/liquidmaster.pl\/en\/gyeon-q2m-fabric-cleaner-1l-preparat-do-czyszczenia-tapicerki\/\" rel=\"bookmark\">Read More \u00bb<span class=\"screen-reader-text\">Gyeon Q2M Fabric Cleaner 1L - preparation for cleaning upholstery<\/span><\/a><\/p>","protected":false},"featured_media":1843493,"comment_status":"open","ping_status":"open","template":"","meta":{"neve_meta_sidebar":"","neve_meta_container":"","neve_meta_enable_content_width":"","neve_meta_content_width":0,"neve_meta_title_alignment":"","neve_meta_author_avatar":"","neve_post_elements_order":"","neve_meta_disable_header":"","neve_meta_disable_footer":"","neve_meta_disable_title":"","_themeisle_gutenberg_block_has_review":false},"product_brand":[],"product_cat":[771,769,768],"product_tag":[302],"class_list":{"0":"post-1802362","1":"product","2":"type-product","3":"status-publish","4":"has-post-thumbnail","6":"product_cat-czyszczenie","7":"product_cat-tapicerka-i-dywaniki","8":"product_cat-wnetrze-auta","9":"product_tag-gyeon","11":"first","12":"instock","13":"taxable","14":"shipping-taxable","15":"purchasable","16":"product-type-simple"},"_links":{"self":[{"href":"https:\/\/liquidmaster.pl\/en\/wp-json\/wp\/v2\/product\/1802362","targetHints":{"allow":["GET"]}}],"collection":[{"href":"https:\/\/liquidmaster.pl\/en\/wp-json\/wp\/v2\/product"}],"about":[{"href":"https:\/\/liquidmaster.pl\/en\/wp-json\/wp\/v2\/types\/product"}],"replies":[{"embeddable":true,"href":"https:\/\/liquidmaster.pl\/en\/wp-json\/wp\/v2\/comments?post=1802362"}],"wp:featuredmedia":[{"embeddable":true,"href":"https:\/\/liquidmaster.pl\/en\/wp-json\/wp\/v2\/media\/1843493"}],"wp:attachment":[{"href":"https:\/\/liquidmaster.pl\/en\/wp-json\/wp\/v2\/media?parent=1802362"}],"wp:term":[{"taxonomy":"product_brand","embeddable":true,"href":"https:\/\/liquidmaster.pl\/en\/wp-json\/wp\/v2\/product_brand?post=1802362"},{"taxonomy":"product_cat","embeddable":true,"href":"https:\/\/liquidmaster.pl\/en\/wp-json\/wp\/v2\/product_cat?post=1802362"},{"taxonomy":"product_tag","embeddable":true,"href":"https:\/\/liquidmaster.pl\/en\/wp-json\/wp\/v2\/product_tag?post=1802362"}],"curies":[{"name":"wp","href":"https:\/\/api.w.org\/{rel}","templated":true}]}}