{"id":1802352,"date":"2025-03-28T00:00:01","date_gmt":"2025-03-27T22:00:01","guid":{"rendered":"https:\/\/liquidmaster.pl\/gyeon-q2m-coating-applicator-2-pac-aplikator-do-powlok\/"},"modified":"2026-04-18T04:21:11","modified_gmt":"2026-04-18T02:21:11","slug":"gyeon-q2m-coating-applicator-2-pac-aplikator-do-powlok","status":"publish","type":"product","link":"https:\/\/liquidmaster.pl\/en\/gyeon-q2m-coating-applicator-2-pac-aplikator-do-powlok\/","title":{"rendered":"Gyeon Q2M Coating Applicator 2-pac - coating applicator"},"content":{"rendered":"<p>Gyeon Q2M Coating Applicator \u2013 an applicator entirely designed for applying coatings.<\/p>\n<p>It is reversible and includes both a suede side (made from the same material as Q\u00b2M Suede) and a regular low-pile, high-weight microfiber (Q\u00b2M BaldWipe). Microfiber is wrapped around high-density foam.<\/p>\n<p>It has an edgeless design to reduce the risk of paint damage when applying the coating. The really important detail is hidden between the sponge and the microfiber. The applicator contains a thin plastic insert to reduce product usage and limit the absorption of too much coating. This allows for extremely even application of the coating.<\/p>\n<p>Package: 2 pieces<\/p>","protected":false},"excerpt":{"rendered":"<p>Gyeon Q2M Coating Applicator \u2013 aplikator w ca\u0142o\u015bci zaprojektowany z my\u015bl\u0105 o nak\u0142adaniu pow\u0142oki. Jest dwustronny i zawiera zar\u00f3wno stron\u0119 zamszow\u0105 (wykonan\u0105 z tego samego materia\u0142u co Q\u00b2M Suede), jak i zwyk\u0142\u0105 mikrofibr\u0119 o niskim w\u0142osiu i wysokiej gramaturze (Q\u00b2M BaldWipe). Mikrofibra jest owini\u0119ta wok\u00f3\u0142 pianki o du\u017cej g\u0119sto\u015bci. Ma konstrukcj\u0119 bez kraw\u0119dzi, aby zmniejszy\u0107&hellip;&nbsp;<a href=\"https:\/\/liquidmaster.pl\/en\/gyeon-q2m-coating-applicator-2-pac-aplikator-do-powlok\/\" rel=\"bookmark\">Read More \u00bb<span class=\"screen-reader-text\">Gyeon Q2M Coating Applicator 2-pac - coating applicator<\/span><\/a><\/p>","protected":false},"featured_media":1843471,"comment_status":"open","ping_status":"open","template":"","meta":{"neve_meta_sidebar":"","neve_meta_container":"","neve_meta_enable_content_width":"","neve_meta_content_width":0,"neve_meta_title_alignment":"","neve_meta_author_avatar":"","neve_post_elements_order":"","neve_meta_disable_header":"","neve_meta_disable_footer":"","neve_meta_disable_title":"","_themeisle_gutenberg_block_has_review":false},"product_brand":[],"product_cat":[757,786,787],"product_tag":[302],"class_list":{"0":"post-1802352","1":"product","2":"type-product","3":"status-publish","4":"has-post-thumbnail","6":"product_cat-akcesoria","7":"product_cat-aplikatory","8":"product_cat-aplikatory-do-ceramiki","9":"product_tag-gyeon","11":"first","12":"instock","13":"taxable","14":"shipping-taxable","15":"purchasable","16":"product-type-simple"},"_links":{"self":[{"href":"https:\/\/liquidmaster.pl\/en\/wp-json\/wp\/v2\/product\/1802352","targetHints":{"allow":["GET"]}}],"collection":[{"href":"https:\/\/liquidmaster.pl\/en\/wp-json\/wp\/v2\/product"}],"about":[{"href":"https:\/\/liquidmaster.pl\/en\/wp-json\/wp\/v2\/types\/product"}],"replies":[{"embeddable":true,"href":"https:\/\/liquidmaster.pl\/en\/wp-json\/wp\/v2\/comments?post=1802352"}],"wp:featuredmedia":[{"embeddable":true,"href":"https:\/\/liquidmaster.pl\/en\/wp-json\/wp\/v2\/media\/1843471"}],"wp:attachment":[{"href":"https:\/\/liquidmaster.pl\/en\/wp-json\/wp\/v2\/media?parent=1802352"}],"wp:term":[{"taxonomy":"product_brand","embeddable":true,"href":"https:\/\/liquidmaster.pl\/en\/wp-json\/wp\/v2\/product_brand?post=1802352"},{"taxonomy":"product_cat","embeddable":true,"href":"https:\/\/liquidmaster.pl\/en\/wp-json\/wp\/v2\/product_cat?post=1802352"},{"taxonomy":"product_tag","embeddable":true,"href":"https:\/\/liquidmaster.pl\/en\/wp-json\/wp\/v2\/product_tag?post=1802352"}],"curies":[{"name":"wp","href":"https:\/\/api.w.org\/{rel}","templated":true}]}}