{"id":1802340,"date":"2025-03-27T23:58:18","date_gmt":"2025-03-27T21:58:18","guid":{"rendered":"https:\/\/liquidmaster.pl\/fx-protect-mikrofibra-mystic-blue-350gsm-uniwersalna-delikatna-mikrofibra\/"},"modified":"2026-04-18T04:21:08","modified_gmt":"2026-04-18T02:21:08","slug":"fx-protect-mikrofibra-mystic-blue-350gsm-uniwersalna-delikatna-mikrofibra","status":"publish","type":"product","link":"https:\/\/liquidmaster.pl\/en\/fx-protect-mikrofibra-mystic-blue-350gsm-uniwersalna-delikatna-mikrofibra\/","title":{"rendered":"FX Protect Mystic Blue 350gsm microfiber - universal, delicate microfiber"},"content":{"rendered":"<p>Mystic Blue is definitely the most popular type of fiber with a wide and universal application. Made of high-quality yarn, it meets the highest quality standards. The appropriate thickness and length of the fibers ensures easy cleaning of dirt and high work efficiency.<\/p>\n<p>Mystic Blue microfiber is characterized by a unique design of two types of bristles. One side - long, soft fibers perfectly collect dirt and are suitable for work using water. The other side - short, densely woven fibers are perfect for removing excess polishing pastes and lapping waxes and protective coatings. It does not leave streaks or stubborn micro hairs on cleaned surfaces.<\/p>\n<p>In our projects, we pay attention to the smallest details. In addition to ensuring the highest quality, we try to make our products visually attractive. Mystic Blue is a timeless, elegant in its simplicity, beautiful classic blue color, which was created especially for us.<\/p>","protected":false},"excerpt":{"rendered":"<p>Mystic Blue to zdecydowanie najpopularniejszy rodzaj fibry charakteryzuj\u0105cy si\u0119 szerokim i uniwersalnym zastosowaniem. Wykonana z wysokiej jako\u015bci prz\u0119dzy spe\u0142nia najwy\u017csze standardy jako\u015bci. Odpowiednia grubo\u015b\u0107 i d\u0142ugo\u015b\u0107 w\u0142\u00f3kien zapewnia \u0142atwo\u015b\u0107 czyszczenia brudu, a tak\u017ce wysok\u0105 wydajno\u015b\u0107 pracy. Mikrofibra Mystic Blue cechuje si\u0119 unikaln\u0105 konstrukcj\u0105 dw\u00f3ch rodzaj\u00f3w w\u0142osia. Jedna strona \u2013 d\u0142ugie, mi\u0119kkie w\u0142\u00f3kna idealnie zbieraj\u0105 brud&hellip;&nbsp;<a href=\"https:\/\/liquidmaster.pl\/en\/fx-protect-mikrofibra-mystic-blue-350gsm-uniwersalna-delikatna-mikrofibra\/\" rel=\"bookmark\">Read More \u00bb<span class=\"screen-reader-text\">FX Protect Mystic Blue 350gsm microfiber - universal, delicate microfiber<\/span><\/a><\/p>","protected":false},"featured_media":1843448,"comment_status":"open","ping_status":"open","template":"","meta":{"neve_meta_sidebar":"","neve_meta_container":"","neve_meta_enable_content_width":"","neve_meta_content_width":0,"neve_meta_title_alignment":"","neve_meta_author_avatar":"","neve_post_elements_order":"","neve_meta_disable_header":"","neve_meta_disable_footer":"","neve_meta_disable_title":"","_themeisle_gutenberg_block_has_review":false},"product_brand":[],"product_cat":[757,758,798],"product_tag":[299],"class_list":{"0":"post-1802340","1":"product","2":"type-product","3":"status-publish","4":"has-post-thumbnail","6":"product_cat-akcesoria","7":"product_cat-mikrofibry-i-reczniki","8":"product_cat-uniwersalne","9":"product_tag-fx-protect","11":"first","12":"instock","13":"taxable","14":"shipping-taxable","15":"purchasable","16":"product-type-simple"},"_links":{"self":[{"href":"https:\/\/liquidmaster.pl\/en\/wp-json\/wp\/v2\/product\/1802340","targetHints":{"allow":["GET"]}}],"collection":[{"href":"https:\/\/liquidmaster.pl\/en\/wp-json\/wp\/v2\/product"}],"about":[{"href":"https:\/\/liquidmaster.pl\/en\/wp-json\/wp\/v2\/types\/product"}],"replies":[{"embeddable":true,"href":"https:\/\/liquidmaster.pl\/en\/wp-json\/wp\/v2\/comments?post=1802340"}],"wp:featuredmedia":[{"embeddable":true,"href":"https:\/\/liquidmaster.pl\/en\/wp-json\/wp\/v2\/media\/1843448"}],"wp:attachment":[{"href":"https:\/\/liquidmaster.pl\/en\/wp-json\/wp\/v2\/media?parent=1802340"}],"wp:term":[{"taxonomy":"product_brand","embeddable":true,"href":"https:\/\/liquidmaster.pl\/en\/wp-json\/wp\/v2\/product_brand?post=1802340"},{"taxonomy":"product_cat","embeddable":true,"href":"https:\/\/liquidmaster.pl\/en\/wp-json\/wp\/v2\/product_cat?post=1802340"},{"taxonomy":"product_tag","embeddable":true,"href":"https:\/\/liquidmaster.pl\/en\/wp-json\/wp\/v2\/product_tag?post=1802340"}],"curies":[{"name":"wp","href":"https:\/\/api.w.org\/{rel}","templated":true}]}}