{"id":1802336,"date":"2025-03-27T23:57:44","date_gmt":"2025-03-27T21:57:44","guid":{"rendered":"https:\/\/liquidmaster.pl\/shiny-garage-perfect-glass-cleaner-1l-plyn-do-mycia-szyb\/"},"modified":"2026-04-20T07:59:00","modified_gmt":"2026-04-20T05:59:00","slug":"shiny-garage-perfect-glass-cleaner-1l-plyn-do-mycia-szyb","status":"publish","type":"product","link":"https:\/\/liquidmaster.pl\/en\/shiny-garage-perfect-glass-cleaner-1l-plyn-do-mycia-szyb\/","title":{"rendered":"Shiny Garage Perfect Glass Cleaner 1L \u2013 glass cleaning liquid"},"content":{"rendered":"<p>Product description<\/p>\n<p>Shiny Garage Perfect Glass Cleaner is one of the best preparations for cleaning windows both inside and outside.<br \/>\nThe product is very efficient, one spray is enough to clean the entire side window of the car.<br \/>\nThe preparation does not leave any streaks, it is very easy to apply and polish, it does not evaporate too quickly, which makes working with it pleasant.<\/p>\n<p>We recommend using with Shiny Garage Glass Cloth.<\/p>\n<p>\u2013 very efficient \u2013 2-3 sprays are enough to clean the entire windshield,<br \/>\n\u2013 does not leave streaks,<br \/>\n\u2013 does not contain ammonia and methyl alcohol,<br \/>\n\u2013 easy application and polishing<\/p>\n<p>1L capacity<\/p>","protected":false},"excerpt":{"rendered":"<p>Opis produktu Shiny Garage Perfect Glass Cleaner\u00a0to jeden z lepszych preparat\u00f3w do mycia szyb wewn\u0105trz jak r\u00f3wnie\u017c na zewn\u0105trz. Produkt jest bardzo wydajny, jedno psikni\u0119cie wystarcza na umycie ca\u0142ej bocznej szyby w samochodzie. Preparat nie pozostawia \u017cadnych smug, bardzo \u0142atwo si\u0119 go aplikuje i poleruje, nie odparowuje za szybko dzi\u0119ki czemu praca z nim jest&hellip;&nbsp;<a href=\"https:\/\/liquidmaster.pl\/en\/shiny-garage-perfect-glass-cleaner-1l-plyn-do-mycia-szyb\/\" rel=\"bookmark\">Read More \u00bb<span class=\"screen-reader-text\">Shiny Garage Perfect Glass Cleaner 1L \u2013 glass cleaning liquid<\/span><\/a><\/p>","protected":false},"featured_media":1843440,"comment_status":"open","ping_status":"open","template":"","meta":{"neve_meta_sidebar":"","neve_meta_container":"","neve_meta_enable_content_width":"","neve_meta_content_width":0,"neve_meta_title_alignment":"","neve_meta_author_avatar":"","neve_post_elements_order":"","neve_meta_disable_header":"","neve_meta_disable_footer":"","neve_meta_disable_title":"","_themeisle_gutenberg_block_has_review":false},"product_brand":[],"product_cat":[733,774,773],"product_tag":[360],"class_list":{"0":"post-1802336","1":"product","2":"type-product","3":"status-publish","4":"has-post-thumbnail","6":"product_cat-na-zewnatrz","7":"product_cat-plyny-do-szyb","8":"product_cat-szyby","9":"product_tag-shiny-garage","11":"first","12":"instock","13":"taxable","14":"shipping-taxable","15":"purchasable","16":"product-type-simple"},"_links":{"self":[{"href":"https:\/\/liquidmaster.pl\/en\/wp-json\/wp\/v2\/product\/1802336","targetHints":{"allow":["GET"]}}],"collection":[{"href":"https:\/\/liquidmaster.pl\/en\/wp-json\/wp\/v2\/product"}],"about":[{"href":"https:\/\/liquidmaster.pl\/en\/wp-json\/wp\/v2\/types\/product"}],"replies":[{"embeddable":true,"href":"https:\/\/liquidmaster.pl\/en\/wp-json\/wp\/v2\/comments?post=1802336"}],"wp:featuredmedia":[{"embeddable":true,"href":"https:\/\/liquidmaster.pl\/en\/wp-json\/wp\/v2\/media\/1843440"}],"wp:attachment":[{"href":"https:\/\/liquidmaster.pl\/en\/wp-json\/wp\/v2\/media?parent=1802336"}],"wp:term":[{"taxonomy":"product_brand","embeddable":true,"href":"https:\/\/liquidmaster.pl\/en\/wp-json\/wp\/v2\/product_brand?post=1802336"},{"taxonomy":"product_cat","embeddable":true,"href":"https:\/\/liquidmaster.pl\/en\/wp-json\/wp\/v2\/product_cat?post=1802336"},{"taxonomy":"product_tag","embeddable":true,"href":"https:\/\/liquidmaster.pl\/en\/wp-json\/wp\/v2\/product_tag?post=1802336"}],"curies":[{"name":"wp","href":"https:\/\/api.w.org\/{rel}","templated":true}]}}