{"id":1802324,"date":"2025-03-27T23:55:43","date_gmt":"2025-03-27T21:55:43","guid":{"rendered":"https:\/\/liquidmaster.pl\/imao-voyage-a-new-york-zawieszka-zapachowa\/"},"modified":"2026-04-20T07:58:56","modified_gmt":"2026-04-20T05:58:56","slug":"imao-voyage-a-new-york-zawieszka-zapachowa","status":"publish","type":"product","link":"https:\/\/liquidmaster.pl\/en\/imao-voyage-a-new-york-zawieszka-zapachowa\/","title":{"rendered":"Imao Voyage A New York - scented pendant"},"content":{"rendered":"<p>IMAO Voyage A New York takes you on an action-packed adventure through New York with its clean and refreshing notes. Experience an action-packed adventure in New York City. The clean and refreshing notes of this fragrance immerse you in the city that never sleeps.<\/p>\n<p>Optimum use temperature: 10 \u2013 35\u00b0C<br \/>\nDimensions: 180 x 80 x 3mm<br \/>\nWeight: 22 grams<br \/>\nShelf life: up to 30 days<\/p>\n<p>Top notes: Apple, Pineapple.<br \/>\nHeart notes: Jasmine.<br \/>\nBase notes: Cedar, Amber, Patchouli, Sandalwood.<\/p>\n<p>\u00a0<\/p>\n<p>Zapasowe od\u015bwie\u017cacze przechowuj zawsze w ch\u0142odnym i suchym miejscu. Wysoka temperatura i wilgo\u0107 mog\u0105 os\u0142abi\u0107 ich intensywno\u015b\u0107, nawet jeszcze zanim zostan\u0105 u\u017cyte.<\/p>","protected":false},"excerpt":{"rendered":"<p>Zapach IMAO Voyage A New York zabierze Ci\u0119 w pe\u0142n\u0105 akcji przygod\u0119 po Nowym Jorku z jego czystymi i orze\u017awiaj\u0105cymi nutami.\u00a0Prze\u017cyj pe\u0142n\u0105 akcji przygod\u0119 w Nowym Jorku.\u00a0Czyste i orze\u017awiaj\u0105ce nuty tego zapachu pogr\u0105\u017caj\u0105 ci\u0119 w mie\u015bcie, kt\u00f3re nigdy nie \u015bpi. Optymalna temperatura u\u017cytkowania: 10 &#8211; 35\u00b0C Wymiary: 180 x 80 x 3 mm Waga: 22&hellip;&nbsp;<a href=\"https:\/\/liquidmaster.pl\/en\/imao-voyage-a-new-york-zawieszka-zapachowa\/\" rel=\"bookmark\">Read More \u00bb<span class=\"screen-reader-text\">Imao Voyage A New York - scented pendant<\/span><\/a><\/p>","protected":false},"featured_media":1843404,"comment_status":"open","ping_status":"open","template":"","meta":{"neve_meta_sidebar":"","neve_meta_container":"","neve_meta_enable_content_width":"","neve_meta_content_width":0,"neve_meta_title_alignment":"","neve_meta_author_avatar":"","neve_post_elements_order":"","neve_meta_disable_header":"","neve_meta_disable_footer":"","neve_meta_disable_title":"","_themeisle_gutenberg_block_has_review":false},"product_brand":[],"product_cat":[888,801,768],"product_tag":[307],"class_list":{"0":"post-1802324","1":"product","2":"type-product","3":"status-publish","4":"has-post-thumbnail","6":"product_cat-dyfuzory-i-zawieszki","7":"product_cat-odswiezacze-powietrza","8":"product_cat-wnetrze-auta","9":"product_tag-imao","11":"first","12":"instock","13":"taxable","14":"shipping-taxable","15":"purchasable","16":"product-type-simple"},"_links":{"self":[{"href":"https:\/\/liquidmaster.pl\/en\/wp-json\/wp\/v2\/product\/1802324","targetHints":{"allow":["GET"]}}],"collection":[{"href":"https:\/\/liquidmaster.pl\/en\/wp-json\/wp\/v2\/product"}],"about":[{"href":"https:\/\/liquidmaster.pl\/en\/wp-json\/wp\/v2\/types\/product"}],"replies":[{"embeddable":true,"href":"https:\/\/liquidmaster.pl\/en\/wp-json\/wp\/v2\/comments?post=1802324"}],"wp:featuredmedia":[{"embeddable":true,"href":"https:\/\/liquidmaster.pl\/en\/wp-json\/wp\/v2\/media\/1843404"}],"wp:attachment":[{"href":"https:\/\/liquidmaster.pl\/en\/wp-json\/wp\/v2\/media?parent=1802324"}],"wp:term":[{"taxonomy":"product_brand","embeddable":true,"href":"https:\/\/liquidmaster.pl\/en\/wp-json\/wp\/v2\/product_brand?post=1802324"},{"taxonomy":"product_cat","embeddable":true,"href":"https:\/\/liquidmaster.pl\/en\/wp-json\/wp\/v2\/product_cat?post=1802324"},{"taxonomy":"product_tag","embeddable":true,"href":"https:\/\/liquidmaster.pl\/en\/wp-json\/wp\/v2\/product_tag?post=1802324"}],"curies":[{"name":"wp","href":"https:\/\/api.w.org\/{rel}","templated":true}]}}