{"id":1802318,"date":"2025-03-27T23:54:49","date_gmt":"2025-03-27T21:54:49","guid":{"rendered":"https:\/\/liquidmaster.pl\/imao-printemps-a-tokyo-zawieszka-zapachowa\/"},"modified":"2026-04-20T07:58:54","modified_gmt":"2026-04-20T05:58:54","slug":"imao-printemps-a-tokyo-zawieszka-zapachowa","status":"publish","type":"product","link":"https:\/\/liquidmaster.pl\/en\/imao-printemps-a-tokyo-zawieszka-zapachowa\/","title":{"rendered":"Imao Printemps A Tokyo - scented pendant"},"content":{"rendered":"<p>How about escaping to the cherry blossom country?<\/p>\n<p>IMAO Printemps A TOKYO captures the essence of Japanese gardens.<\/p>\n<p>Optimum use temperature: 10 \u2013 35\u00b0C<br \/>\nDimensions: 180 x 80 x 3mm<br \/>\nWeight: 22 grams<br \/>\nShelf life: up to 30 days<\/p>\n<p>Top notes: Bergamot, Mandarin.<br \/>\nHeart notes: Fig, Violet.<br \/>\nBase notes: Patchouli, Vanilla.<\/p>\n<p>\u00a0<\/p>\n<p>Zapasowe od\u015bwie\u017cacze przechowuj zawsze w ch\u0142odnym i suchym miejscu. Wysoka temperatura i wilgo\u0107 mog\u0105 os\u0142abi\u0107 ich intensywno\u015b\u0107, nawet jeszcze zanim zostan\u0105 u\u017cyte.<\/p>","protected":false},"excerpt":{"rendered":"<p>A co powiesz na ucieczk\u0119 do kraju kwitn\u0105cej wi\u015bni? IMAO Printemps A TOKYO oddaje istot\u0119 japo\u0144skich ogrod\u00f3w. Optymalna temperatura u\u017cytkowania: 10 &#8211; 35\u00b0C Wymiary: 180 x 80 x 3 mm Waga: 22 gramy Trwa\u0142o\u015b\u0107: do 30 dni Nuty g\u0142owy: Bergamotka, Mandarynka. Nuty serca: Figa, Fio\u0142ek. Nuty bazy: Paczula, Wanilia. \u00a0 Zapasowe od\u015bwie\u017cacze przechowuj zawsze w&hellip;&nbsp;<a href=\"https:\/\/liquidmaster.pl\/en\/imao-printemps-a-tokyo-zawieszka-zapachowa\/\" rel=\"bookmark\">Read More \u00bb<span class=\"screen-reader-text\">Imao Printemps A Tokyo - scented pendant<\/span><\/a><\/p>","protected":false},"featured_media":1843394,"comment_status":"open","ping_status":"open","template":"","meta":{"neve_meta_sidebar":"","neve_meta_container":"","neve_meta_enable_content_width":"","neve_meta_content_width":0,"neve_meta_title_alignment":"","neve_meta_author_avatar":"","neve_post_elements_order":"","neve_meta_disable_header":"","neve_meta_disable_footer":"","neve_meta_disable_title":"","_themeisle_gutenberg_block_has_review":false},"product_brand":[],"product_cat":[888,801,768],"product_tag":[307],"class_list":{"0":"post-1802318","1":"product","2":"type-product","3":"status-publish","4":"has-post-thumbnail","6":"product_cat-dyfuzory-i-zawieszki","7":"product_cat-odswiezacze-powietrza","8":"product_cat-wnetrze-auta","9":"product_tag-imao","11":"first","12":"instock","13":"taxable","14":"shipping-taxable","15":"purchasable","16":"product-type-simple"},"_links":{"self":[{"href":"https:\/\/liquidmaster.pl\/en\/wp-json\/wp\/v2\/product\/1802318","targetHints":{"allow":["GET"]}}],"collection":[{"href":"https:\/\/liquidmaster.pl\/en\/wp-json\/wp\/v2\/product"}],"about":[{"href":"https:\/\/liquidmaster.pl\/en\/wp-json\/wp\/v2\/types\/product"}],"replies":[{"embeddable":true,"href":"https:\/\/liquidmaster.pl\/en\/wp-json\/wp\/v2\/comments?post=1802318"}],"wp:featuredmedia":[{"embeddable":true,"href":"https:\/\/liquidmaster.pl\/en\/wp-json\/wp\/v2\/media\/1843394"}],"wp:attachment":[{"href":"https:\/\/liquidmaster.pl\/en\/wp-json\/wp\/v2\/media?parent=1802318"}],"wp:term":[{"taxonomy":"product_brand","embeddable":true,"href":"https:\/\/liquidmaster.pl\/en\/wp-json\/wp\/v2\/product_brand?post=1802318"},{"taxonomy":"product_cat","embeddable":true,"href":"https:\/\/liquidmaster.pl\/en\/wp-json\/wp\/v2\/product_cat?post=1802318"},{"taxonomy":"product_tag","embeddable":true,"href":"https:\/\/liquidmaster.pl\/en\/wp-json\/wp\/v2\/product_tag?post=1802318"}],"curies":[{"name":"wp","href":"https:\/\/api.w.org\/{rel}","templated":true}]}}