{"id":1802306,"date":"2025-03-27T23:52:59","date_gmt":"2025-03-27T21:52:59","guid":{"rendered":"https:\/\/liquidmaster.pl\/imao-dyfuzor-douceurs-de-capri-zapach-do-samochodu\/"},"modified":"2026-04-18T04:21:00","modified_gmt":"2026-04-18T02:21:00","slug":"imao-dyfuzor-douceurs-de-capri-zapach-do-samochodu","status":"publish","type":"product","link":"https:\/\/liquidmaster.pl\/en\/imao-dyfuzor-douceurs-de-capri-zapach-do-samochodu\/","title":{"rendered":"Imao Diffuser Douceurs DE Capri - car fragrance"},"content":{"rendered":"<p>Feel the charm of the sun-drenched Italian island of Capri!<\/p>\n<p>The color of the Douceurs De Capri bottle and pendant is not accidental.<br \/>\nThe Italian island of Capri hides a treasure - the Coral Grotto (coral in a natural environment). Transport yourself to an Italian island with Douceurs De Capri car fragrance.<\/p>\n<p>\u00a0<\/p>\n<p>Zapasowe od\u015bwie\u017cacze przechowuj zawsze w ch\u0142odnym i suchym miejscu. Wysoka temperatura i wilgo\u0107 mog\u0105 os\u0142abi\u0107 ich intensywno\u015b\u0107, nawet jeszcze zanim zostan\u0105 u\u017cyte.<\/p>","protected":false},"excerpt":{"rendered":"<p>Poczuj urok sk\u0105panej w s\u0142o\u0144cu w\u0142oskiej wyspy Capri! Kolor butelki i zawieszki Douceurs De Capri nie jest przypadkowy. W\u0142oska wyspa Capri kryje skarb jakim jest Koralowa Grota (koral w naturalnym \u015brodowisku). Przenie\u015b si\u0119 na w\u0142osk\u0105 wysp\u0119 z zapachem do auta Douceurs De Capri. \u00a0 Zapasowe od\u015bwie\u017cacze przechowuj zawsze w ch\u0142odnym i suchym miejscu. Wysoka temperatura&hellip;&nbsp;<a href=\"https:\/\/liquidmaster.pl\/en\/imao-dyfuzor-douceurs-de-capri-zapach-do-samochodu\/\" rel=\"bookmark\">Read More \u00bb<span class=\"screen-reader-text\">Imao Diffuser Douceurs DE Capri - car fragrance<\/span><\/a><\/p>","protected":false},"featured_media":1843370,"comment_status":"open","ping_status":"open","template":"","meta":{"neve_meta_sidebar":"","neve_meta_container":"","neve_meta_enable_content_width":"","neve_meta_content_width":0,"neve_meta_title_alignment":"","neve_meta_author_avatar":"","neve_post_elements_order":"","neve_meta_disable_header":"","neve_meta_disable_footer":"","neve_meta_disable_title":"","_themeisle_gutenberg_block_has_review":false},"product_brand":[],"product_cat":[888,801,768],"product_tag":[307],"class_list":{"0":"post-1802306","1":"product","2":"type-product","3":"status-publish","4":"has-post-thumbnail","6":"product_cat-dyfuzory-i-zawieszki","7":"product_cat-odswiezacze-powietrza","8":"product_cat-wnetrze-auta","9":"product_tag-imao","10":"pa_promocja-promocje","12":"first","13":"instock","14":"sale","15":"taxable","16":"shipping-taxable","17":"purchasable","18":"product-type-simple"},"_links":{"self":[{"href":"https:\/\/liquidmaster.pl\/en\/wp-json\/wp\/v2\/product\/1802306","targetHints":{"allow":["GET"]}}],"collection":[{"href":"https:\/\/liquidmaster.pl\/en\/wp-json\/wp\/v2\/product"}],"about":[{"href":"https:\/\/liquidmaster.pl\/en\/wp-json\/wp\/v2\/types\/product"}],"replies":[{"embeddable":true,"href":"https:\/\/liquidmaster.pl\/en\/wp-json\/wp\/v2\/comments?post=1802306"}],"wp:featuredmedia":[{"embeddable":true,"href":"https:\/\/liquidmaster.pl\/en\/wp-json\/wp\/v2\/media\/1843370"}],"wp:attachment":[{"href":"https:\/\/liquidmaster.pl\/en\/wp-json\/wp\/v2\/media?parent=1802306"}],"wp:term":[{"taxonomy":"product_brand","embeddable":true,"href":"https:\/\/liquidmaster.pl\/en\/wp-json\/wp\/v2\/product_brand?post=1802306"},{"taxonomy":"product_cat","embeddable":true,"href":"https:\/\/liquidmaster.pl\/en\/wp-json\/wp\/v2\/product_cat?post=1802306"},{"taxonomy":"product_tag","embeddable":true,"href":"https:\/\/liquidmaster.pl\/en\/wp-json\/wp\/v2\/product_tag?post=1802306"}],"curies":[{"name":"wp","href":"https:\/\/api.w.org\/{rel}","templated":true}]}}