{"id":1802302,"date":"2025-03-27T23:52:25","date_gmt":"2025-03-27T21:52:25","guid":{"rendered":"https:\/\/liquidmaster.pl\/imao-douceurs-de-capri-zawieszka-zapachowa\/"},"modified":"2026-04-20T07:58:52","modified_gmt":"2026-04-20T05:58:52","slug":"imao-douceurs-de-capri-zawieszka-zapachowa","status":"publish","type":"product","link":"https:\/\/liquidmaster.pl\/en\/imao-douceurs-de-capri-zawieszka-zapachowa\/","title":{"rendered":"Imao Douceurs DE Capri - scented pendant"},"content":{"rendered":"<p>Feel the charm of the sun-drenched Italian island of Capri!<\/p>\n<p>The color of the Douceurs De Capri bottle and pendant is not accidental.<br \/>\nThe Italian island of Capri hides a treasure - the Coral Grotto (coral in a natural environment). Transport yourself to an Italian island with Douceurs De Capri car fragrance.<\/p>\n<p>Optimum use temperature: 10 \u2013 35\u00b0C<br \/>\nDimensions: 180 x 80 x 3mm<br \/>\nWeight: 22 grams<br \/>\nShelf life: up to 30 days<\/p>\n<p>Top notes: Bergamot, Mandarin<br \/>\nHeart notes: Fig, Violet<br \/>\nBase notes: Patchouli, Vanilla<\/p>\n<p>\u00a0<\/p>\n<p>Zapasowe od\u015bwie\u017cacze przechowuj zawsze w ch\u0142odnym i suchym miejscu. Wysoka temperatura i wilgo\u0107 mog\u0105 os\u0142abi\u0107 ich intensywno\u015b\u0107, nawet jeszcze zanim zostan\u0105 u\u017cyte.<\/p>","protected":false},"excerpt":{"rendered":"<p>Poczuj urok sk\u0105panej w s\u0142o\u0144cu w\u0142oskiej wyspy Capri! Kolor butelki i zawieszki Douceurs De Capri nie jest przypadkowy. W\u0142oska wyspa Capri kryje skarb jakim jest Koralowa Grota (koral w naturalnym \u015brodowisku).\u00a0 \u00a0 \u00a0 Przenie\u015b si\u0119 na w\u0142osk\u0105 wysp\u0119 z zapachem do auta Douceurs De Capri. Optymalna temperatura u\u017cytkowania: 10 &#8211; 35\u00b0C Wymiary: 180 x 80&hellip;&nbsp;<a href=\"https:\/\/liquidmaster.pl\/en\/imao-douceurs-de-capri-zawieszka-zapachowa\/\" rel=\"bookmark\">Read More \u00bb<span class=\"screen-reader-text\">Imao Douceurs DE Capri - scented pendant<\/span><\/a><\/p>","protected":false},"featured_media":1843364,"comment_status":"open","ping_status":"open","template":"","meta":{"neve_meta_sidebar":"","neve_meta_container":"","neve_meta_enable_content_width":"","neve_meta_content_width":0,"neve_meta_title_alignment":"","neve_meta_author_avatar":"","neve_post_elements_order":"","neve_meta_disable_header":"","neve_meta_disable_footer":"","neve_meta_disable_title":"","_themeisle_gutenberg_block_has_review":false},"product_brand":[],"product_cat":[888,801,768],"product_tag":[307],"class_list":{"0":"post-1802302","1":"product","2":"type-product","3":"status-publish","4":"has-post-thumbnail","6":"product_cat-dyfuzory-i-zawieszki","7":"product_cat-odswiezacze-powietrza","8":"product_cat-wnetrze-auta","9":"product_tag-imao","11":"first","12":"outofstock","13":"taxable","14":"shipping-taxable","15":"purchasable","16":"product-type-simple"},"_links":{"self":[{"href":"https:\/\/liquidmaster.pl\/en\/wp-json\/wp\/v2\/product\/1802302","targetHints":{"allow":["GET"]}}],"collection":[{"href":"https:\/\/liquidmaster.pl\/en\/wp-json\/wp\/v2\/product"}],"about":[{"href":"https:\/\/liquidmaster.pl\/en\/wp-json\/wp\/v2\/types\/product"}],"replies":[{"embeddable":true,"href":"https:\/\/liquidmaster.pl\/en\/wp-json\/wp\/v2\/comments?post=1802302"}],"wp:featuredmedia":[{"embeddable":true,"href":"https:\/\/liquidmaster.pl\/en\/wp-json\/wp\/v2\/media\/1843364"}],"wp:attachment":[{"href":"https:\/\/liquidmaster.pl\/en\/wp-json\/wp\/v2\/media?parent=1802302"}],"wp:term":[{"taxonomy":"product_brand","embeddable":true,"href":"https:\/\/liquidmaster.pl\/en\/wp-json\/wp\/v2\/product_brand?post=1802302"},{"taxonomy":"product_cat","embeddable":true,"href":"https:\/\/liquidmaster.pl\/en\/wp-json\/wp\/v2\/product_cat?post=1802302"},{"taxonomy":"product_tag","embeddable":true,"href":"https:\/\/liquidmaster.pl\/en\/wp-json\/wp\/v2\/product_tag?post=1802302"}],"curies":[{"name":"wp","href":"https:\/\/api.w.org\/{rel}","templated":true}]}}