{"id":1802292,"date":"2025-03-27T23:50:51","date_gmt":"2025-03-27T21:50:51","guid":{"rendered":"https:\/\/liquidmaster.pl\/house-of-wax-pre-wax-cleaner-250ml-lekko-scierny-cleaner-do-lakieru\/"},"modified":"2026-04-18T04:20:57","modified_gmt":"2026-04-18T02:20:57","slug":"house-of-wax-pre-wax-cleaner-250ml-lekko-scierny-cleaner-do-lakieru","status":"publish","type":"product","link":"https:\/\/liquidmaster.pl\/en\/house-of-wax-pre-wax-cleaner-250ml-lekko-scierny-cleaner-do-lakieru\/","title":{"rendered":"House Of Wax Pre-Wax Cleaner 250ml - slightly abrasive paint cleaner"},"content":{"rendered":"<p>House of Wax AMBER Pre-Wax Cleaner \u2013 is a cosmetic intended for deep cleaning of the bodywork. Thanks to its delicate abrasive properties, it perfectly unclogs paint pores, removes minor imperfections, restores beautiful shine and brings out the depth of color.<\/p>\n<p>After using House of Wax AMBER Pre-Wax Cleaner, you can better apply waxes, sealants, coatings and other protective preparations. The agent thoroughly cleanses the bodywork, removing not only dirt, but also the remains of other auto detailing cosmetics. This will help you achieve better results during subsequent treatments.<\/p>\n<p>The applied preparations penetrate deeper into the structure of the varnish and create more durable bonds with it, so they retain their properties for longer. In this way, you can fully bring out the beauty of the bodywork and take care of its condition.<\/p>\n<p>House of Wax AMBER paint cleaner is a professional product, but its application will not be difficult even for people just starting their adventure with detailing. Before using it, wash the car thoroughly using shampoo or active foam.<\/p>\n<p>Then the preparation should be spread and worked using a special applicator or a polishing machine with a lightly abrasive pad. Because the procedure is enough to thoroughly degrease the body surface with isopropyl alcohol. Any auto detailing preparation can be successfully applied to the prepared surface.<\/p>\n<p>By using House of Wax AMBER paint cleaner, you can be sure that the waxes, coatings and other cosmetics used will effectively protect the bodywork. Thanks to this, the car will look beautiful and will be effectively protected not only against dirt, but also, among others, UV radiation, micro-scratches or chemicals. Additionally, you can wash them less often because the bodywork will remain clean for a long time.<\/p>","protected":false},"excerpt":{"rendered":"<p>House of Wax AMBER Pre-Wax Cleaner\u00a0\u2013 jest kosmetykiem przeznaczonym do dog\u0142\u0119bnego czyszczenia karoserii. Dzi\u0119ki swoim delikatnym w\u0142a\u015bciwo\u015bciom \u015bciernym rewelacyjnie odtyka pory lakieru, usuwa drobne niedoskona\u0142o\u015bci, a tak\u017ce przywraca pi\u0119kny blask i wydobywa g\u0142\u0119bi\u0119 koloru. Po zastosowaniu House of Wax AMBER Pre-Wax Cleanera mo\u017cna lepiej zaaplikowa\u0107 woski, sealanty, pow\u0142oki i inne preparaty zabezpieczaj\u0105ce. \u015arodek dok\u0142adnie oczyszcza&hellip;&nbsp;<a href=\"https:\/\/liquidmaster.pl\/en\/house-of-wax-pre-wax-cleaner-250ml-lekko-scierny-cleaner-do-lakieru\/\" rel=\"bookmark\">Read More \u00bb<span class=\"screen-reader-text\">House Of Wax Pre-Wax Cleaner 250ml - slightly abrasive paint cleaner<\/span><\/a><\/p>","protected":false},"featured_media":1843346,"comment_status":"open","ping_status":"open","template":"","meta":{"neve_meta_sidebar":"","neve_meta_container":"","neve_meta_enable_content_width":"","neve_meta_content_width":0,"neve_meta_title_alignment":"","neve_meta_author_avatar":"","neve_post_elements_order":"","neve_meta_disable_header":"","neve_meta_disable_footer":"","neve_meta_disable_title":"","_themeisle_gutenberg_block_has_review":false},"product_brand":[],"product_cat":[820,733,808],"product_tag":[305],"class_list":{"0":"post-1802292","1":"product","2":"type-product","3":"status-publish","4":"has-post-thumbnail","6":"product_cat-cleanery-pre-wax","7":"product_cat-na-zewnatrz","8":"product_cat-przygotowanie-lakieru","9":"product_tag-house-of-wax","11":"first","12":"instock","13":"taxable","14":"shipping-taxable","15":"purchasable","16":"product-type-simple"},"_links":{"self":[{"href":"https:\/\/liquidmaster.pl\/en\/wp-json\/wp\/v2\/product\/1802292","targetHints":{"allow":["GET"]}}],"collection":[{"href":"https:\/\/liquidmaster.pl\/en\/wp-json\/wp\/v2\/product"}],"about":[{"href":"https:\/\/liquidmaster.pl\/en\/wp-json\/wp\/v2\/types\/product"}],"replies":[{"embeddable":true,"href":"https:\/\/liquidmaster.pl\/en\/wp-json\/wp\/v2\/comments?post=1802292"}],"wp:featuredmedia":[{"embeddable":true,"href":"https:\/\/liquidmaster.pl\/en\/wp-json\/wp\/v2\/media\/1843346"}],"wp:attachment":[{"href":"https:\/\/liquidmaster.pl\/en\/wp-json\/wp\/v2\/media?parent=1802292"}],"wp:term":[{"taxonomy":"product_brand","embeddable":true,"href":"https:\/\/liquidmaster.pl\/en\/wp-json\/wp\/v2\/product_brand?post=1802292"},{"taxonomy":"product_cat","embeddable":true,"href":"https:\/\/liquidmaster.pl\/en\/wp-json\/wp\/v2\/product_cat?post=1802292"},{"taxonomy":"product_tag","embeddable":true,"href":"https:\/\/liquidmaster.pl\/en\/wp-json\/wp\/v2\/product_tag?post=1802292"}],"curies":[{"name":"wp","href":"https:\/\/api.w.org\/{rel}","templated":true}]}}