{"id":1802278,"date":"2025-03-27T23:48:50","date_gmt":"2025-03-27T21:48:50","guid":{"rendered":"https:\/\/liquidmaster.pl\/valetpro-mad-wax-250ml-wosk-naturalny\/"},"modified":"2026-04-18T04:20:54","modified_gmt":"2026-04-18T02:20:54","slug":"valetpro-mad-wax-250ml-wosk-naturalny","status":"publish","type":"product","link":"https:\/\/liquidmaster.pl\/en\/valetpro-mad-wax-250ml-wosk-naturalny\/","title":{"rendered":"ValetPRO Mad Wax 250ml \u2013 natural wax"},"content":{"rendered":"<p>ValetPRO Mad Wax \u2013 is a wax based on montan wax and carnauba. After application, it leaves a great and lasting effect for about 3 months. The wax is very soft, making it very easy to apply and polish.<\/p>\n<p>It ranks high in its price class. The owners of ValetPRO are proud to introduce it to the market, as evidenced by very good reviews of the product around the world.<\/p>\n<p>App:<\/p>\n<p>Apply a small amount of the product to a &quot;sunshine&quot; foam applicator or similar and work it out. After applying to a given panel, wait a while and polish with a delicate microfiber cloth.<\/p>","protected":false},"excerpt":{"rendered":"<p>ValetPRO Mad Wax\u00a0\u2013 to wosk na bazie wosku montanowego oraz carnauby. Po aplikacji pozostawia \u015bwietny i trwa\u0142y efekt na oko\u0142o 3 miesi\u0105ce. Wosk jest bardzo mi\u0119kki dzi\u0119ki temu jest bardzo \u0142atwy w aplikacji i polerowaniu. W swojej klasie cenowej zajmuje wysokie miejsce. W\u0142a\u015bciciele firmy ValetPRO s\u0105 dumni z wprowadzenia go na rynek, czego dowodem s\u0105&hellip;&nbsp;<a href=\"https:\/\/liquidmaster.pl\/en\/valetpro-mad-wax-250ml-wosk-naturalny\/\" rel=\"bookmark\">Read More \u00bb<span class=\"screen-reader-text\">ValetPRO Mad Wax 250ml \u2013 natural wax<\/span><\/a><\/p>","protected":false},"featured_media":1843316,"comment_status":"open","ping_status":"open","template":"","meta":{"neve_meta_sidebar":"","neve_meta_container":"","neve_meta_enable_content_width":"","neve_meta_content_width":0,"neve_meta_title_alignment":"","neve_meta_author_avatar":"","neve_post_elements_order":"","neve_meta_disable_header":"","neve_meta_disable_footer":"","neve_meta_disable_title":"","_themeisle_gutenberg_block_has_review":false},"product_brand":[],"product_cat":[733,766,788],"product_tag":[375],"class_list":{"0":"post-1802278","1":"product","2":"type-product","3":"status-publish","4":"has-post-thumbnail","6":"product_cat-na-zewnatrz","7":"product_cat-ochrona-lakieru","8":"product_cat-woski","9":"product_tag-valetpro","10":"pa_promocja-promocje","12":"first","13":"instock","14":"sale","15":"taxable","16":"shipping-taxable","17":"purchasable","18":"product-type-simple"},"_links":{"self":[{"href":"https:\/\/liquidmaster.pl\/en\/wp-json\/wp\/v2\/product\/1802278","targetHints":{"allow":["GET"]}}],"collection":[{"href":"https:\/\/liquidmaster.pl\/en\/wp-json\/wp\/v2\/product"}],"about":[{"href":"https:\/\/liquidmaster.pl\/en\/wp-json\/wp\/v2\/types\/product"}],"replies":[{"embeddable":true,"href":"https:\/\/liquidmaster.pl\/en\/wp-json\/wp\/v2\/comments?post=1802278"}],"wp:featuredmedia":[{"embeddable":true,"href":"https:\/\/liquidmaster.pl\/en\/wp-json\/wp\/v2\/media\/1843316"}],"wp:attachment":[{"href":"https:\/\/liquidmaster.pl\/en\/wp-json\/wp\/v2\/media?parent=1802278"}],"wp:term":[{"taxonomy":"product_brand","embeddable":true,"href":"https:\/\/liquidmaster.pl\/en\/wp-json\/wp\/v2\/product_brand?post=1802278"},{"taxonomy":"product_cat","embeddable":true,"href":"https:\/\/liquidmaster.pl\/en\/wp-json\/wp\/v2\/product_cat?post=1802278"},{"taxonomy":"product_tag","embeddable":true,"href":"https:\/\/liquidmaster.pl\/en\/wp-json\/wp\/v2\/product_tag?post=1802278"}],"curies":[{"name":"wp","href":"https:\/\/api.w.org\/{rel}","templated":true}]}}