{"id":1802272,"date":"2025-03-27T23:47:58","date_gmt":"2025-03-27T21:47:58","guid":{"rendered":"https:\/\/liquidmaster.pl\/valetpro-classic-protectant-5l-dressing-do-tworzyw-sztucznych-i-gumy\/"},"modified":"2026-04-19T03:06:33","modified_gmt":"2026-04-19T01:06:33","slug":"valetpro-classic-protectant-5l-dressing-do-tworzyw-sztucznych-i-gumy","status":"publish","type":"product","link":"https:\/\/liquidmaster.pl\/en\/valetpro-classic-protectant-5l-dressing-do-tworzyw-sztucznych-i-gumy\/","title":{"rendered":"ValetPRO Classic Protectant 5L \u2013 dressing for plastics and rubber"},"content":{"rendered":"<p>ValetPRO Classic Protectant \u2013 Multi-tasking dressing\u00a0<\/p>\n<p>Formulated to nourish and protect external and internal plastics and rubber. It has fantastic abilities to restore the original color of faded plastics. Classic Protectant shines and protects rubber elements, tires, plastic bumpers and vinyl interior elements against weather conditions.\u00a0<\/p>\n<p>Specification:<\/p>\n<ul>\n<li>Resistant to weather conditions<\/li>\n<li>Can be used both inside and outside the vehicle<\/li>\n<li>Non-greasy, natural finish<\/li>\n<li>Protects against UV rays<\/li>\n<li>It has hydrophobic properties - it repels water<\/li>\n<\/ul>\n<p>Usage:<\/p>\n<p>Tires - make sure your tires are clean and dry. Spray the product on all four tires. Leave it for about 2 minutes and then rub it in with the applicator. You can also spray the sponge applicator and spread the product evenly over the surface of a clean and dry tire.<\/p>\n<p>External plastic elements - apply a small amount of the product on the sponge applicator. Rub it into the plastic surface and leave it to dry.\u00a0<\/p>\n<p>Interior Plastics - Clean and dry the surface before use. Apply a small amount to the sponge applicator, then wipe the surfaces, making sure to cover everything with a thin layer. Wipe after a while with a clean and dry microfiber for a satin effect or leave to dry for a glossy finish. Finally, polish with a clean and dry microfiber cloth.<\/p>","protected":false},"excerpt":{"rendered":"<p>ValetPRO Classic Protectant\u00a0&#8211;\u00a0Wielozadaniowy dressing\u00a0 Opracowany do od\u017cywiania i zabezpieczenia zewn\u0119trznych oraz wewn\u0119trznych tworzyw sztucznych i gumy. Posiada fantastyczne zdolno\u015bci do przywracania \u00a0pierwotnego koloru wyblak\u0142ym plastikom.\u00a0Classic Protectant nadaje po\u0142yski i chroni elementy gumowe, opony, zderzaki z tworzywa sztucznego oraz winylowe elementy wn\u0119trza przed dzia\u0142aniem czynnik\u00f3w atmosferycznych.\u00a0 Specyfikacja: Odporny na dzia\u0142anie czynnik\u00f3w atmosferycznych Mo\u017cna stosowa\u0107 we wn\u0119trzu&hellip;&nbsp;<a href=\"https:\/\/liquidmaster.pl\/en\/valetpro-classic-protectant-5l-dressing-do-tworzyw-sztucznych-i-gumy\/\" rel=\"bookmark\">Read More \u00bb<span class=\"screen-reader-text\">ValetPRO Classic Protectant 5L \u2013 dressing for plastics and rubber<\/span><\/a><\/p>","protected":false},"featured_media":1843307,"comment_status":"open","ping_status":"open","template":"","meta":{"neve_meta_sidebar":"","neve_meta_container":"","neve_meta_enable_content_width":"","neve_meta_content_width":0,"neve_meta_title_alignment":"","neve_meta_author_avatar":"","neve_post_elements_order":"","neve_meta_disable_header":"","neve_meta_disable_footer":"","neve_meta_disable_title":"","_themeisle_gutenberg_block_has_review":false},"product_brand":[],"product_cat":[765,745,733],"product_tag":[375],"class_list":{"0":"post-1802272","1":"product","2":"type-product","3":"status-publish","4":"has-post-thumbnail","6":"product_cat-dressingi","7":"product_cat-kola-i-opony","8":"product_cat-na-zewnatrz","9":"product_tag-valetpro","11":"first","12":"outofstock","13":"taxable","14":"shipping-taxable","15":"purchasable","16":"product-type-simple"},"_links":{"self":[{"href":"https:\/\/liquidmaster.pl\/en\/wp-json\/wp\/v2\/product\/1802272","targetHints":{"allow":["GET"]}}],"collection":[{"href":"https:\/\/liquidmaster.pl\/en\/wp-json\/wp\/v2\/product"}],"about":[{"href":"https:\/\/liquidmaster.pl\/en\/wp-json\/wp\/v2\/types\/product"}],"replies":[{"embeddable":true,"href":"https:\/\/liquidmaster.pl\/en\/wp-json\/wp\/v2\/comments?post=1802272"}],"wp:featuredmedia":[{"embeddable":true,"href":"https:\/\/liquidmaster.pl\/en\/wp-json\/wp\/v2\/media\/1843307"}],"wp:attachment":[{"href":"https:\/\/liquidmaster.pl\/en\/wp-json\/wp\/v2\/media?parent=1802272"}],"wp:term":[{"taxonomy":"product_brand","embeddable":true,"href":"https:\/\/liquidmaster.pl\/en\/wp-json\/wp\/v2\/product_brand?post=1802272"},{"taxonomy":"product_cat","embeddable":true,"href":"https:\/\/liquidmaster.pl\/en\/wp-json\/wp\/v2\/product_cat?post=1802272"},{"taxonomy":"product_tag","embeddable":true,"href":"https:\/\/liquidmaster.pl\/en\/wp-json\/wp\/v2\/product_tag?post=1802272"}],"curies":[{"name":"wp","href":"https:\/\/api.w.org\/{rel}","templated":true}]}}