{"id":1802264,"date":"2025-03-27T23:46:46","date_gmt":"2025-03-27T21:46:46","guid":{"rendered":"https:\/\/liquidmaster.pl\/funky-witch-two-faced-yaga-towel-40x40-recznik-do-osuszania\/"},"modified":"2026-04-20T07:58:43","modified_gmt":"2026-04-20T05:58:43","slug":"funky-witch-two-faced-yaga-towel-40x40-recznik-do-osuszania","status":"publish","type":"product","link":"https:\/\/liquidmaster.pl\/en\/funky-witch-two-faced-yaga-towel-40x40-recznik-do-osuszania\/","title":{"rendered":"Funky Witch Two-Faced Yaga Towel 40\u00d740 \u2013 drying towel"},"content":{"rendered":"<p>Two-Faced Yaga \u2013 General Purpose Towel<\/p>\n<p>320GSM towel with two different fiber lengths. It can be used for various works. It works great on plastics, upholstery and glass. Works perfectly with Funky Witch Magic Ball Glass Cleaner.<\/p>\n<p>General information:<\/p>\n<ul>\n<li>wash at a maximum temperature of 30 degrees,<\/li>\n<li>do not use fabric softeners,<\/li>\n<li>do not dry mechanically or on radiators.<\/li>\n<\/ul>\n<p>Dimensions: 40 x 40cm<\/p>","protected":false},"excerpt":{"rendered":"<p>Two-Faced Yaga &#8211; General Purpose Towel 320GSM r\u0119cznik o dw\u00f3ch r\u00f3\u017cnych d\u0142ugo\u015bciach w\u0142\u00f3kien. Mo\u017cna go zastosowa\u0107 do r\u00f3\u017cnych prac. Wspaniale sprawdza si\u0119 przy plastikach, tapicerkach oraz szybach. Doskonale wsp\u00f3\u0142pracuje z Funky Witch Magic Ball Glass Cleaner. Informacje og\u00f3lne: pra\u0107 w temperaturze maksymalnie 30 stopni, nie u\u017cywa\u0107 p\u0142yn\u00f3w zmi\u0119kczaj\u0105cych, nie suszy\u0107 mechanicznie lub na grzejnikach. Wymiary:\u00a040&hellip;&nbsp;<a href=\"https:\/\/liquidmaster.pl\/en\/funky-witch-two-faced-yaga-towel-40x40-recznik-do-osuszania\/\" rel=\"bookmark\">Read More \u00bb<span class=\"screen-reader-text\">Funky Witch Two-Faced Yaga Towel 40\u00d740 \u2013 drying towel<\/span><\/a><\/p>","protected":false},"featured_media":1843292,"comment_status":"open","ping_status":"open","template":"","meta":{"neve_meta_sidebar":"","neve_meta_container":"","neve_meta_enable_content_width":"","neve_meta_content_width":0,"neve_meta_title_alignment":"","neve_meta_author_avatar":"","neve_post_elements_order":"","neve_meta_disable_header":"","neve_meta_disable_footer":"","neve_meta_disable_title":"","_themeisle_gutenberg_block_has_review":false},"product_brand":[],"product_cat":[860,733,773],"product_tag":[298],"class_list":{"0":"post-1802264","1":"product","2":"type-product","3":"status-publish","4":"has-post-thumbnail","6":"product_cat-fibry","7":"product_cat-na-zewnatrz","8":"product_cat-szyby","9":"product_tag-funky-witch","11":"first","12":"instock","13":"taxable","14":"shipping-taxable","15":"purchasable","16":"product-type-simple"},"_links":{"self":[{"href":"https:\/\/liquidmaster.pl\/en\/wp-json\/wp\/v2\/product\/1802264","targetHints":{"allow":["GET"]}}],"collection":[{"href":"https:\/\/liquidmaster.pl\/en\/wp-json\/wp\/v2\/product"}],"about":[{"href":"https:\/\/liquidmaster.pl\/en\/wp-json\/wp\/v2\/types\/product"}],"replies":[{"embeddable":true,"href":"https:\/\/liquidmaster.pl\/en\/wp-json\/wp\/v2\/comments?post=1802264"}],"wp:featuredmedia":[{"embeddable":true,"href":"https:\/\/liquidmaster.pl\/en\/wp-json\/wp\/v2\/media\/1843292"}],"wp:attachment":[{"href":"https:\/\/liquidmaster.pl\/en\/wp-json\/wp\/v2\/media?parent=1802264"}],"wp:term":[{"taxonomy":"product_brand","embeddable":true,"href":"https:\/\/liquidmaster.pl\/en\/wp-json\/wp\/v2\/product_brand?post=1802264"},{"taxonomy":"product_cat","embeddable":true,"href":"https:\/\/liquidmaster.pl\/en\/wp-json\/wp\/v2\/product_cat?post=1802264"},{"taxonomy":"product_tag","embeddable":true,"href":"https:\/\/liquidmaster.pl\/en\/wp-json\/wp\/v2\/product_tag?post=1802264"}],"curies":[{"name":"wp","href":"https:\/\/api.w.org\/{rel}","templated":true}]}}