{"id":1802258,"date":"2025-03-27T23:45:53","date_gmt":"2025-03-27T21:45:53","guid":{"rendered":"https:\/\/liquidmaster.pl\/binder-extreme-wheel-cleaner-5l-plyn-do-czyszczenia-felg\/"},"modified":"2026-04-18T04:20:51","modified_gmt":"2026-04-18T02:20:51","slug":"binder-extreme-wheel-cleaner-5l-plyn-do-czyszczenia-felg","status":"publish","type":"product","link":"https:\/\/liquidmaster.pl\/en\/binder-extreme-wheel-cleaner-5l-plyn-do-czyszczenia-felg\/","title":{"rendered":"Binder Extreme Wheel Cleaner+ 5L - liquid for cleaning rims"},"content":{"rendered":"<p>Binder Extreme Wheel Cleaner+ - a specialized, express 2-in-1 wheel cleaning product. Perfectly removes both metallic and other impurities. It has a pH of 9.37. Causes a bleeding effect. It leaves the rims thoroughly cleaned of all impurities.<\/p>\n<p>Usage:<\/p>\n<li>Shake before use.<\/li>\n<li>Spread on the surface with an atomizer.<\/li>\n<li>Use a brush to clean very heavy dirt.<\/li>\n<li>Rinse thoroughly with water.<\/li>\n<p>Additional information:<\/p>\n<ul>\n<li>You can leave it on the wheels for up to 2 minutes, depending on the environmental conditions.<\/li>\n<li>Do not use on heated surfaces.<\/li>\n<\/ul>\n<p>Capacity: 5L<\/p>","protected":false},"excerpt":{"rendered":"<p>Binder Extreme Wheel Cleaner+ \u2013 specjalistyczny, ekspresowy produkt do czyszczenia felg 2 w 1. Doskonale usuwa zar\u00f3wno zanieczyszczenia metaliczne jak i pozosta\u0142e nieczysto\u015bci. Posiada pH 9,37. Powoduje efekt krwawienia. Pozostawia felgi dog\u0142\u0119bnie oczyszczone z wszelkich zanieczyszcze\u0144. Spos\u00f3b u\u017cycia: Przed u\u017cyciem wstrz\u0105\u015bnij. Rozprowad\u017a na powierzchni za pomoc\u0105 atomizera. W celu doczyszczenia bardzo silnych zabrudze\u0144 u\u017cyj p\u0119dzla.&hellip;&nbsp;<a href=\"https:\/\/liquidmaster.pl\/en\/binder-extreme-wheel-cleaner-5l-plyn-do-czyszczenia-felg\/\" rel=\"bookmark\">Read More \u00bb<span class=\"screen-reader-text\">Binder Extreme Wheel Cleaner+ 5L - liquid for cleaning rims<\/span><\/a><\/p>","protected":false},"featured_media":1843281,"comment_status":"open","ping_status":"open","template":"","meta":{"neve_meta_sidebar":"","neve_meta_container":"","neve_meta_enable_content_width":"","neve_meta_content_width":0,"neve_meta_title_alignment":"","neve_meta_author_avatar":"","neve_post_elements_order":"","neve_meta_disable_header":"","neve_meta_disable_footer":"","neve_meta_disable_title":"","_themeisle_gutenberg_block_has_review":false},"product_brand":[],"product_cat":[746,745,733],"product_tag":[270],"class_list":{"0":"post-1802258","1":"product","2":"type-product","3":"status-publish","4":"has-post-thumbnail","6":"product_cat-czyszczenie-felg","7":"product_cat-kola-i-opony","8":"product_cat-na-zewnatrz","9":"product_tag-binder","10":"pa_promocja-promocje","12":"first","13":"outofstock","14":"sale","15":"taxable","16":"shipping-taxable","17":"purchasable","18":"product-type-simple"},"_links":{"self":[{"href":"https:\/\/liquidmaster.pl\/en\/wp-json\/wp\/v2\/product\/1802258","targetHints":{"allow":["GET"]}}],"collection":[{"href":"https:\/\/liquidmaster.pl\/en\/wp-json\/wp\/v2\/product"}],"about":[{"href":"https:\/\/liquidmaster.pl\/en\/wp-json\/wp\/v2\/types\/product"}],"replies":[{"embeddable":true,"href":"https:\/\/liquidmaster.pl\/en\/wp-json\/wp\/v2\/comments?post=1802258"}],"wp:featuredmedia":[{"embeddable":true,"href":"https:\/\/liquidmaster.pl\/en\/wp-json\/wp\/v2\/media\/1843281"}],"wp:attachment":[{"href":"https:\/\/liquidmaster.pl\/en\/wp-json\/wp\/v2\/media?parent=1802258"}],"wp:term":[{"taxonomy":"product_brand","embeddable":true,"href":"https:\/\/liquidmaster.pl\/en\/wp-json\/wp\/v2\/product_brand?post=1802258"},{"taxonomy":"product_cat","embeddable":true,"href":"https:\/\/liquidmaster.pl\/en\/wp-json\/wp\/v2\/product_cat?post=1802258"},{"taxonomy":"product_tag","embeddable":true,"href":"https:\/\/liquidmaster.pl\/en\/wp-json\/wp\/v2\/product_tag?post=1802258"}],"curies":[{"name":"wp","href":"https:\/\/api.w.org\/{rel}","templated":true}]}}