{"id":1802250,"date":"2025-03-27T23:44:42","date_gmt":"2025-03-27T21:44:42","guid":{"rendered":"https:\/\/liquidmaster.pl\/zvizzer-mini-pad-green-15mm-bardzo-miekka-gabka-polerska-do-trudno-dostepnych-miejsc\/"},"modified":"2026-04-01T15:19:33","modified_gmt":"2026-04-01T13:19:33","slug":"zvizzer-mini-pad-green-15mm-bardzo-miekka-gabka-polerska-do-trudno-dostepnych-miejsc","status":"publish","type":"product","link":"https:\/\/liquidmaster.pl\/en\/zvizzer-mini-pad-green-15mm-bardzo-miekka-gabka-polerska-do-trudno-dostepnych-miejsc\/","title":{"rendered":"ZviZZer Mini Pad Green 15mm - very soft polishing sponge for hard-to-reach places"},"content":{"rendered":"<p>Mini Pad Green 15mm<\/p>\n<p>Mini Pad Green 15mm<\/p>\n<p>Soft polishing sponge, suitable for removing holograms and maximizing the finish of painted surfaces. Works perfectly with finishing polishing pastes.<\/p>\n<p>Mini zvizzer pads are used for polishing details and hard-to-reach places. They work great with micro polishers and allow you to reach the most inaccessible points on the body.\u00a0<\/p>\n<p>Thickness: 9mm<\/p>\n<p>Zvizzer polishing sponges are characterized by high-quality open-cell foam that maintains maximum properties throughout the polishing cycle. The pads have high-quality Velcro.\u00a0<\/p>","protected":false},"excerpt":{"rendered":"<p>Mini Pad Green 15mm Mini Pad\u00a0Green 15mm G\u0105bka polerska mi\u0119kka, dostosowana do usuwania hologram\u00f3w i maksymalnego wyka\u0144czania powierzchni lakierowanych. Doskonale wsp\u00f3\u0142pracuje z wyko\u0144czeniowymi pastami polerskimi. Mini pady zvizzer s\u0142u\u017c\u0105 do polerowania detali oraz trudno dost\u0119pnych miejsc. Swietnie wsp\u00f3\u0142pracuj\u0105 z mikropolerkami i pozwalaja na dotarcie w najbardziej niedost\u0119pne punkty na karoserii.\u00a0 Grubo\u015b\u0107: 9mm G\u0105bki polerskie Zvizzer&hellip;&nbsp;<a href=\"https:\/\/liquidmaster.pl\/en\/zvizzer-mini-pad-green-15mm-bardzo-miekka-gabka-polerska-do-trudno-dostepnych-miejsc\/\" rel=\"bookmark\">Read More \u00bb<span class=\"screen-reader-text\">ZviZZer Mini Pad Green 15mm - very soft polishing sponge for hard-to-reach places<\/span><\/a><\/p>","protected":false},"featured_media":1843267,"comment_status":"open","ping_status":"open","template":"","meta":{"neve_meta_sidebar":"","neve_meta_container":"","neve_meta_enable_content_width":"","neve_meta_content_width":0,"neve_meta_title_alignment":"","neve_meta_author_avatar":"","neve_post_elements_order":"","neve_meta_disable_header":"","neve_meta_disable_footer":"","neve_meta_disable_title":"","_themeisle_gutenberg_block_has_review":false},"product_brand":[],"product_cat":[823,822,748],"product_tag":[386],"class_list":{"0":"post-1802250","1":"product","2":"type-product","3":"status-publish","4":"has-post-thumbnail","6":"product_cat-gabki-polerskie","7":"product_cat-pady-polerskie","8":"product_cat-polerowanie","9":"product_tag-zvizzer","11":"first","12":"outofstock","13":"taxable","14":"shipping-taxable","15":"purchasable","16":"product-type-simple"},"_links":{"self":[{"href":"https:\/\/liquidmaster.pl\/en\/wp-json\/wp\/v2\/product\/1802250","targetHints":{"allow":["GET"]}}],"collection":[{"href":"https:\/\/liquidmaster.pl\/en\/wp-json\/wp\/v2\/product"}],"about":[{"href":"https:\/\/liquidmaster.pl\/en\/wp-json\/wp\/v2\/types\/product"}],"replies":[{"embeddable":true,"href":"https:\/\/liquidmaster.pl\/en\/wp-json\/wp\/v2\/comments?post=1802250"}],"wp:featuredmedia":[{"embeddable":true,"href":"https:\/\/liquidmaster.pl\/en\/wp-json\/wp\/v2\/media\/1843267"}],"wp:attachment":[{"href":"https:\/\/liquidmaster.pl\/en\/wp-json\/wp\/v2\/media?parent=1802250"}],"wp:term":[{"taxonomy":"product_brand","embeddable":true,"href":"https:\/\/liquidmaster.pl\/en\/wp-json\/wp\/v2\/product_brand?post=1802250"},{"taxonomy":"product_cat","embeddable":true,"href":"https:\/\/liquidmaster.pl\/en\/wp-json\/wp\/v2\/product_cat?post=1802250"},{"taxonomy":"product_tag","embeddable":true,"href":"https:\/\/liquidmaster.pl\/en\/wp-json\/wp\/v2\/product_tag?post=1802250"}],"curies":[{"name":"wp","href":"https:\/\/api.w.org\/{rel}","templated":true}]}}