{"id":1802236,"date":"2025-03-27T23:42:38","date_gmt":"2025-03-27T21:42:38","guid":{"rendered":"https:\/\/liquidmaster.pl\/gyeon-q2m-waffledryer-60x80-waflowy-recznik-do-osuszania-auta\/"},"modified":"2026-04-18T04:20:48","modified_gmt":"2026-04-18T02:20:48","slug":"gyeon-q2m-waffledryer-60x80-waflowy-recznik-do-osuszania-auta","status":"publish","type":"product","link":"https:\/\/liquidmaster.pl\/en\/gyeon-q2m-waffledryer-60x80-waflowy-recznik-do-osuszania-auta\/","title":{"rendered":"Gyeon Q2M WaffleDryer 60\u00d780 \u2013 a waffle towel for drying a car"},"content":{"rendered":"<p>Gyeon Q\u00b2M WaffleDryer - a great choice, available in three sizes - large 60 x 80 cm for drying the body, plastics and glass, 40 x 60 cm, and 40 x 40 cm, great for smaller and harder-to-reach elements. They are all made of the same super absorbent, highest quality microfiber that dries effectively and quickly while remaining safe! We have put a lot of work into developing the best structure so that the towel does not leave any streaks. The small Q\u00b2M WaffleDryer is great for cleaning windows.<\/p>\n<p>All of our microfibers are designed to work with the formulations in our range. Depending on the surface, Q\u00b2M Microfibers are great for applying Q\u00b2 CanCoat, finishing off Q\u00b2M Cure or drying your vehicle. All towels provide maximum performance and the highest durability.<\/p>\n<p>Care advice: Machine wash, max 30\u00b0C. Do not tumble dry. Do not iron. Do not bleach.<\/p>\n<p>Dimensions: 60 x 80 cm<\/p>","protected":false},"excerpt":{"rendered":"<p>Gyeon Q\u00b2M WaffleDryer \u2013 to\u00a0\u015bwietny wyb\u00f3r, dost\u0119pny w trzech rozmiarach \u2013\u00a0du\u017cy 60 x 80 cm do\u00a0osuszania nadwozia, plastik\u00f3w i\u00a0szk\u0142a, 40 x 60 cm, oraz 40 x 40 cm \u015bwietny do\u00a0mniejszych i\u00a0trudniej dost\u0119pnych element\u00f3w. Wszystkie s\u0105\u00a0wykonane z\u00a0tej samej super ch\u0142onnej mikrofibry najwy\u017cszej jako\u015bci, kt\u00f3ra osusza skutecznie i\u00a0szybko, jednocze\u015bnie pozostaj\u0105c bezpieczn\u0105! W\u0142o\u017cyli\u015bmy du\u017co pracy w\u00a0opracowaniu najlepszej struktury,&hellip;&nbsp;<a href=\"https:\/\/liquidmaster.pl\/en\/gyeon-q2m-waffledryer-60x80-waflowy-recznik-do-osuszania-auta\/\" rel=\"bookmark\">Read More \u00bb<span class=\"screen-reader-text\">Gyeon Q2M WaffleDryer 60\u00d780 \u2013 a waffle towel for drying a car<\/span><\/a><\/p>","protected":false},"featured_media":1843252,"comment_status":"open","ping_status":"open","template":"","meta":{"neve_meta_sidebar":"","neve_meta_container":"","neve_meta_enable_content_width":"","neve_meta_content_width":0,"neve_meta_title_alignment":"","neve_meta_author_avatar":"","neve_post_elements_order":"","neve_meta_disable_header":"","neve_meta_disable_footer":"","neve_meta_disable_title":"","_themeisle_gutenberg_block_has_review":false},"product_brand":[],"product_cat":[734,733,781],"product_tag":[302],"class_list":{"0":"post-1802236","1":"product","2":"type-product","3":"status-publish","4":"has-post-thumbnail","6":"product_cat-mycie-i-osuszanie","7":"product_cat-na-zewnatrz","8":"product_cat-reczniki-do-osuszania","9":"product_tag-gyeon","10":"pa_promocja-promocje","12":"first","13":"instock","14":"sale","15":"taxable","16":"shipping-taxable","17":"purchasable","18":"product-type-simple"},"_links":{"self":[{"href":"https:\/\/liquidmaster.pl\/en\/wp-json\/wp\/v2\/product\/1802236","targetHints":{"allow":["GET"]}}],"collection":[{"href":"https:\/\/liquidmaster.pl\/en\/wp-json\/wp\/v2\/product"}],"about":[{"href":"https:\/\/liquidmaster.pl\/en\/wp-json\/wp\/v2\/types\/product"}],"replies":[{"embeddable":true,"href":"https:\/\/liquidmaster.pl\/en\/wp-json\/wp\/v2\/comments?post=1802236"}],"wp:featuredmedia":[{"embeddable":true,"href":"https:\/\/liquidmaster.pl\/en\/wp-json\/wp\/v2\/media\/1843252"}],"wp:attachment":[{"href":"https:\/\/liquidmaster.pl\/en\/wp-json\/wp\/v2\/media?parent=1802236"}],"wp:term":[{"taxonomy":"product_brand","embeddable":true,"href":"https:\/\/liquidmaster.pl\/en\/wp-json\/wp\/v2\/product_brand?post=1802236"},{"taxonomy":"product_cat","embeddable":true,"href":"https:\/\/liquidmaster.pl\/en\/wp-json\/wp\/v2\/product_cat?post=1802236"},{"taxonomy":"product_tag","embeddable":true,"href":"https:\/\/liquidmaster.pl\/en\/wp-json\/wp\/v2\/product_tag?post=1802236"}],"curies":[{"name":"wp","href":"https:\/\/api.w.org\/{rel}","templated":true}]}}