{"id":1802222,"date":"2025-03-27T23:40:34","date_gmt":"2025-03-27T21:40:34","guid":{"rendered":"https:\/\/liquidmaster.pl\/gyeon-q2m-prism-mini-latarka-inspekcyjna\/"},"modified":"2026-04-20T07:58:36","modified_gmt":"2026-04-20T05:58:36","slug":"gyeon-q2m-prism-mini-latarka-inspekcyjna","status":"publish","type":"product","link":"https:\/\/liquidmaster.pl\/en\/gyeon-q2m-prism-mini-latarka-inspekcyjna\/","title":{"rendered":"Gyeon Q2M Prism Mini - inspection flashlight"},"content":{"rendered":"<p>Gyeon Q2M Prism Mini - inspection flashlight Gyeon Prism Mini is the manufacturer&#039;s latest product, created in cooperation with Scangrip.<\/p>\n<p>Prism Mini with its compact housing is the perfect tool for every detailer - professional and novice enthusiast. Adjustable light intensity (2 powers), adjustable color temperature (cold and warm), dust and water resistance (IP65). The whole thing is covered with a high-quality, damage-resistant rubber coating. It is equipped with a hanger and a magnetic holder.<\/p>\n<p>Contents of the package:<\/p>\n<ul>\n<li>flashlight<\/li>\n<li>USB cable for charging via the USB port<\/li>\n<\/ul>\n<p>\u00a0<\/p>","protected":false},"excerpt":{"rendered":"<p>Gyeon Q2M Prism Mini \u2013 latarka inspekcyjna Gyeon Prism Mini to najnowsze dziecko producenta, stworzone w kooperacji z firm\u0105 Scangrip. Prism Mini ze swoj\u0105 kompaktow\u0105 obudow\u0105 stanowi idealne narz\u0119dzie dla ka\u017cdego detailera \u2013 profesjonalisty, jak i pocz\u0105tkuj\u0105cego entuzjasty. Regulowana si\u0142a \u015bwiecenia (2 moce), regulowana temperatura barwy (zimna oraz ciep\u0142a), odporno\u015b\u0107 na kurz oraz wod\u0119 (IP65).&hellip;&nbsp;<a href=\"https:\/\/liquidmaster.pl\/en\/gyeon-q2m-prism-mini-latarka-inspekcyjna\/\" rel=\"bookmark\">Read More \u00bb<span class=\"screen-reader-text\">Gyeon Q2M Prism Mini - inspection flashlight<\/span><\/a><\/p>","protected":false},"featured_media":1843230,"comment_status":"open","ping_status":"open","template":"","meta":{"neve_meta_sidebar":"","neve_meta_container":"","neve_meta_enable_content_width":"","neve_meta_content_width":0,"neve_meta_title_alignment":"","neve_meta_author_avatar":"","neve_post_elements_order":"","neve_meta_disable_header":"","neve_meta_disable_footer":"","neve_meta_disable_title":"","_themeisle_gutenberg_block_has_review":false},"product_brand":[],"product_cat":[749,827,748],"product_tag":[302],"class_list":{"0":"post-1802222","1":"product","2":"type-product","3":"status-publish","4":"has-post-thumbnail","6":"product_cat-akcesoria-polerskie","7":"product_cat-lampy-inspekcyjne","8":"product_cat-polerowanie","9":"product_tag-gyeon","11":"first","12":"outofstock","13":"taxable","14":"shipping-taxable","15":"purchasable","16":"product-type-simple"},"_links":{"self":[{"href":"https:\/\/liquidmaster.pl\/en\/wp-json\/wp\/v2\/product\/1802222","targetHints":{"allow":["GET"]}}],"collection":[{"href":"https:\/\/liquidmaster.pl\/en\/wp-json\/wp\/v2\/product"}],"about":[{"href":"https:\/\/liquidmaster.pl\/en\/wp-json\/wp\/v2\/types\/product"}],"replies":[{"embeddable":true,"href":"https:\/\/liquidmaster.pl\/en\/wp-json\/wp\/v2\/comments?post=1802222"}],"wp:featuredmedia":[{"embeddable":true,"href":"https:\/\/liquidmaster.pl\/en\/wp-json\/wp\/v2\/media\/1843230"}],"wp:attachment":[{"href":"https:\/\/liquidmaster.pl\/en\/wp-json\/wp\/v2\/media?parent=1802222"}],"wp:term":[{"taxonomy":"product_brand","embeddable":true,"href":"https:\/\/liquidmaster.pl\/en\/wp-json\/wp\/v2\/product_brand?post=1802222"},{"taxonomy":"product_cat","embeddable":true,"href":"https:\/\/liquidmaster.pl\/en\/wp-json\/wp\/v2\/product_cat?post=1802222"},{"taxonomy":"product_tag","embeddable":true,"href":"https:\/\/liquidmaster.pl\/en\/wp-json\/wp\/v2\/product_tag?post=1802222"}],"curies":[{"name":"wp","href":"https:\/\/api.w.org\/{rel}","templated":true}]}}