{"id":1802216,"date":"2025-03-27T23:39:43","date_gmt":"2025-03-27T21:39:43","guid":{"rendered":"https:\/\/liquidmaster.pl\/opt-optimum-intensive-polish-sprayable-38l\/"},"modified":"2026-04-19T03:06:24","modified_gmt":"2026-04-19T01:06:24","slug":"opt-optimum-intensive-polish-sprayable-38l","status":"publish","type":"product","link":"https:\/\/liquidmaster.pl\/en\/opt-optimum-intensive-polish-sprayable-38l\/","title":{"rendered":"OPT Optimum Intensive Polish Sprayable 3.8L"},"content":{"rendered":"<p>Optimum Intensive Polish is another paste from the system of pastes applied from an atomizer, with a non-disintegrating abrasive. As the name suggests, it is a paste with medium polishing power. The application from the atomizer speeds up the work and allows for even distribution of the paste (abrasive) over the entire surface of the pad. Intensive Polish is a more greasy paste than Hyper Compound. A paste made on the basis of water and devoid of unnecessary additives that could worsen the polishing process. The polishing paste can be used both on furs and on sponges of different hardness, depending on the required polishing power. With soft and medium varnishes, it is a paste that, in combination with the appropriate pad, can be successfully used for initial (aggressive) polishing.<\/p>\n<p>Capacity 3.8 liters<\/p>\n<p>\u00a0<\/p>","protected":false},"excerpt":{"rendered":"<p>Optimum Intensive Polish\u00a0to kolejna pasta z systemu past aplikowanych z atomizera, z nierozpadaj\u0105cym si\u0119 \u015bcierniwem. Jak nazwa wskazuje jest past\u0105 o \u015bredniej mocy poleruj\u0105cej. Aplikacja z atomizera przyspiesza prac\u0119 oraz pozwala na r\u00f3wnomierne rozprowadzanie pasty (\u015bcierniwa) na ca\u0142ej powierzchni pada. Intensive Polish jest bardziej t\u0142ust\u0105 past\u0105 ni\u017c Hyper Compound. Pasta stworzona na bazie wody i&hellip;&nbsp;<a href=\"https:\/\/liquidmaster.pl\/en\/opt-optimum-intensive-polish-sprayable-38l\/\" rel=\"bookmark\">Read More \u00bb<span class=\"screen-reader-text\">OPT Optimum Intensive Polish Sprayable 3.8L<\/span><\/a><\/p>","protected":false},"featured_media":1843220,"comment_status":"open","ping_status":"open","template":"","meta":{"neve_meta_sidebar":"","neve_meta_container":"","neve_meta_enable_content_width":"","neve_meta_content_width":0,"neve_meta_title_alignment":"","neve_meta_author_avatar":"","neve_post_elements_order":"","neve_meta_disable_header":"","neve_meta_disable_footer":"","neve_meta_disable_title":"","_themeisle_gutenberg_block_has_review":false},"product_brand":[],"product_cat":[789,791,748],"product_tag":[338],"class_list":{"0":"post-1802216","1":"product","2":"type-product","3":"status-publish","4":"has-post-thumbnail","6":"product_cat-pasty-polerskie","7":"product_cat-pasty-polishowe","8":"product_cat-polerowanie","9":"product_tag-optimum","11":"first","12":"instock","13":"taxable","14":"shipping-taxable","15":"purchasable","16":"product-type-simple"},"_links":{"self":[{"href":"https:\/\/liquidmaster.pl\/en\/wp-json\/wp\/v2\/product\/1802216","targetHints":{"allow":["GET"]}}],"collection":[{"href":"https:\/\/liquidmaster.pl\/en\/wp-json\/wp\/v2\/product"}],"about":[{"href":"https:\/\/liquidmaster.pl\/en\/wp-json\/wp\/v2\/types\/product"}],"replies":[{"embeddable":true,"href":"https:\/\/liquidmaster.pl\/en\/wp-json\/wp\/v2\/comments?post=1802216"}],"wp:featuredmedia":[{"embeddable":true,"href":"https:\/\/liquidmaster.pl\/en\/wp-json\/wp\/v2\/media\/1843220"}],"wp:attachment":[{"href":"https:\/\/liquidmaster.pl\/en\/wp-json\/wp\/v2\/media?parent=1802216"}],"wp:term":[{"taxonomy":"product_brand","embeddable":true,"href":"https:\/\/liquidmaster.pl\/en\/wp-json\/wp\/v2\/product_brand?post=1802216"},{"taxonomy":"product_cat","embeddable":true,"href":"https:\/\/liquidmaster.pl\/en\/wp-json\/wp\/v2\/product_cat?post=1802216"},{"taxonomy":"product_tag","embeddable":true,"href":"https:\/\/liquidmaster.pl\/en\/wp-json\/wp\/v2\/product_tag?post=1802216"}],"curies":[{"name":"wp","href":"https:\/\/api.w.org\/{rel}","templated":true}]}}