{"id":1802206,"date":"2025-03-27T23:38:15","date_gmt":"2025-03-27T21:38:15","guid":{"rendered":"https:\/\/liquidmaster.pl\/detailing-house-mikrofibra-velvet-blue-40x40-380g-m2\/"},"modified":"2026-04-01T15:19:23","modified_gmt":"2026-04-01T13:19:23","slug":"detailing-house-mikrofibra-velvet-blue-40x40-380g-m2","status":"publish","type":"product","link":"https:\/\/liquidmaster.pl\/en\/detailing-house-mikrofibra-velvet-blue-40x40-380gm2\/","title":{"rendered":"Detailing House Microfiber Velvet Blue 40\u00d740 380g\/m2"},"content":{"rendered":"<p>MICROFIBER BLUE VELVET (BLACK PIANO) 40cm x 40cm, SEAMLESS. The most multifunctional microfiber on the market! Dense, short and very delicate bristles. Heavenly soft as velvet, laser cut. It will work primarily with the infamous &quot;BLACK PIANO&quot; as well as with quick detailers. It can also be used for the lapping of pastes and the final lapping of waxes and coatings, 1 pc package (string bag with zipper)<\/p>\n<p>grammage 380g\/m2<\/p>\n<p>\u00a0<\/p>","protected":false},"excerpt":{"rendered":"<p>MIKROFIBRA BLUE VELVET (BLACK PIANO) 40cm x 40cm, BEZSZWOWA. Najbardziej multifunkcyjna mikrofibra na rynku! G\u0119ste, kr\u00f3tkie i bardzo delikatne w\u0142osie. Niebia\u0144sko mi\u0119kka jak aksamit, ci\u0119ta laserowo. Sprawdzi si\u0119 przede wszystkim przy okrytym z\u0142\u0105 s\u0142aw\u0105 &#8222;BLACK PIANO&#8221;, a tak\u017ce przy quick detailerach. Mo\u017cna jej r\u00f3wnie\u017c u\u017cywa\u0107 przy docieraniu past i finalnym dotarciu wosk\u00f3w i pow\u0142ok, opakowanie&hellip;&nbsp;<a href=\"https:\/\/liquidmaster.pl\/en\/detailing-house-mikrofibra-velvet-blue-40x40-380gm2\/\" rel=\"bookmark\">Read More \u00bb<span class=\"screen-reader-text\">Detailing House Microfiber Velvet Blue 40\u00d740 380g\/m2<\/span><\/a><\/p>","protected":false},"featured_media":1843199,"comment_status":"open","ping_status":"open","template":"","meta":{"neve_meta_sidebar":"","neve_meta_container":"","neve_meta_enable_content_width":"","neve_meta_content_width":0,"neve_meta_title_alignment":"","neve_meta_author_avatar":"","neve_post_elements_order":"","neve_meta_disable_header":"","neve_meta_disable_footer":"","neve_meta_disable_title":"","_themeisle_gutenberg_block_has_review":false},"product_brand":[],"product_cat":[757,758,798],"product_tag":[286],"class_list":{"0":"post-1802206","1":"product","2":"type-product","3":"status-publish","4":"has-post-thumbnail","6":"product_cat-akcesoria","7":"product_cat-mikrofibry-i-reczniki","8":"product_cat-uniwersalne","9":"product_tag-detailing-house","11":"first","12":"outofstock","13":"taxable","14":"shipping-taxable","15":"purchasable","16":"product-type-simple"},"_links":{"self":[{"href":"https:\/\/liquidmaster.pl\/en\/wp-json\/wp\/v2\/product\/1802206","targetHints":{"allow":["GET"]}}],"collection":[{"href":"https:\/\/liquidmaster.pl\/en\/wp-json\/wp\/v2\/product"}],"about":[{"href":"https:\/\/liquidmaster.pl\/en\/wp-json\/wp\/v2\/types\/product"}],"replies":[{"embeddable":true,"href":"https:\/\/liquidmaster.pl\/en\/wp-json\/wp\/v2\/comments?post=1802206"}],"wp:featuredmedia":[{"embeddable":true,"href":"https:\/\/liquidmaster.pl\/en\/wp-json\/wp\/v2\/media\/1843199"}],"wp:attachment":[{"href":"https:\/\/liquidmaster.pl\/en\/wp-json\/wp\/v2\/media?parent=1802206"}],"wp:term":[{"taxonomy":"product_brand","embeddable":true,"href":"https:\/\/liquidmaster.pl\/en\/wp-json\/wp\/v2\/product_brand?post=1802206"},{"taxonomy":"product_cat","embeddable":true,"href":"https:\/\/liquidmaster.pl\/en\/wp-json\/wp\/v2\/product_cat?post=1802206"},{"taxonomy":"product_tag","embeddable":true,"href":"https:\/\/liquidmaster.pl\/en\/wp-json\/wp\/v2\/product_tag?post=1802206"}],"curies":[{"name":"wp","href":"https:\/\/api.w.org\/{rel}","templated":true}]}}