{"id":1802202,"date":"2025-03-27T23:37:39","date_gmt":"2025-03-27T21:37:39","guid":{"rendered":"https:\/\/liquidmaster.pl\/detailing-house-the-king-of-ceramics-gray-440g-m2\/"},"modified":"2026-04-18T04:20:42","modified_gmt":"2026-04-18T02:20:42","slug":"detailing-house-the-king-of-ceramics-gray-440g-m2","status":"publish","type":"product","link":"https:\/\/liquidmaster.pl\/en\/detailing-house-the-king-of-ceramics-gray-440gm2\/","title":{"rendered":"Detailing House The King Of Ceramics Gray 440g\/m2"},"content":{"rendered":"<p>THE KING OF CERAMICS GRAY MICROFIBRE 40cm x 40cm, SEAMLESS, Created especially for lapping coatings and polishes. High-quality, laser-cut microfiber. The bristles are identical on both sides. With a short, closed and quite dense weave. Due to its high fleshiness, it fits perfectly in the hand and reaches even the most difficult cases. It works especially well with soft varnishes. Working with her is pure pleasure. Passion - her middle name.<\/p>\n<p>440g\/m2<\/p>","protected":false},"excerpt":{"rendered":"<p>MIKROFIBRA THE KING OF CERAMICS GRAY 40cm x 40cm, BEZSZWOWA, Stworzona specjalnie do docierania pow\u0142ok i past. Wysokiej jako\u015bci, ci\u0119ta laserem mikrofibra. W\u0142osie z dw\u00f3ch stron identyczne. O kr\u00f3tkim, zamkni\u0119tym i do\u015b\u0107 g\u0119stym splocie. Przez swoj\u0105 wysok\u0105 mi\u0119sisto\u015b\u0107, \u015bwietnie uk\u0142ada si\u0119 w d\u0142oni i dociera nawet najtrudniejsze przypadki. Sprawdzi si\u0119 przede wszystkim przy mi\u0119kkich lakierach.&hellip;&nbsp;<a href=\"https:\/\/liquidmaster.pl\/en\/detailing-house-the-king-of-ceramics-gray-440gm2\/\" rel=\"bookmark\">Read More \u00bb<span class=\"screen-reader-text\">Detailing House The King Of Ceramics Gray 440g\/m2<\/span><\/a><\/p>","protected":false},"featured_media":1843191,"comment_status":"open","ping_status":"open","template":"","meta":{"neve_meta_sidebar":"","neve_meta_container":"","neve_meta_enable_content_width":"","neve_meta_content_width":0,"neve_meta_title_alignment":"","neve_meta_author_avatar":"","neve_post_elements_order":"","neve_meta_disable_header":"","neve_meta_disable_footer":"","neve_meta_disable_title":"","_themeisle_gutenberg_block_has_review":false},"product_brand":[],"product_cat":[757,758,798],"product_tag":[286],"class_list":{"0":"post-1802202","1":"product","2":"type-product","3":"status-publish","4":"has-post-thumbnail","6":"product_cat-akcesoria","7":"product_cat-mikrofibry-i-reczniki","8":"product_cat-uniwersalne","9":"product_tag-detailing-house","11":"first","12":"outofstock","13":"taxable","14":"shipping-taxable","15":"purchasable","16":"product-type-simple"},"_links":{"self":[{"href":"https:\/\/liquidmaster.pl\/en\/wp-json\/wp\/v2\/product\/1802202","targetHints":{"allow":["GET"]}}],"collection":[{"href":"https:\/\/liquidmaster.pl\/en\/wp-json\/wp\/v2\/product"}],"about":[{"href":"https:\/\/liquidmaster.pl\/en\/wp-json\/wp\/v2\/types\/product"}],"replies":[{"embeddable":true,"href":"https:\/\/liquidmaster.pl\/en\/wp-json\/wp\/v2\/comments?post=1802202"}],"wp:featuredmedia":[{"embeddable":true,"href":"https:\/\/liquidmaster.pl\/en\/wp-json\/wp\/v2\/media\/1843191"}],"wp:attachment":[{"href":"https:\/\/liquidmaster.pl\/en\/wp-json\/wp\/v2\/media?parent=1802202"}],"wp:term":[{"taxonomy":"product_brand","embeddable":true,"href":"https:\/\/liquidmaster.pl\/en\/wp-json\/wp\/v2\/product_brand?post=1802202"},{"taxonomy":"product_cat","embeddable":true,"href":"https:\/\/liquidmaster.pl\/en\/wp-json\/wp\/v2\/product_cat?post=1802202"},{"taxonomy":"product_tag","embeddable":true,"href":"https:\/\/liquidmaster.pl\/en\/wp-json\/wp\/v2\/product_tag?post=1802202"}],"curies":[{"name":"wp","href":"https:\/\/api.w.org\/{rel}","templated":true}]}}