{"id":1802190,"date":"2025-03-27T23:35:36","date_gmt":"2025-03-27T21:35:36","guid":{"rendered":"https:\/\/liquidmaster.pl\/fx-protect-nano-shampoo-5l-szampon-z-zawartoscia-nanoczasteczek-krzemu\/"},"modified":"2026-04-20T07:58:29","modified_gmt":"2026-04-20T05:58:29","slug":"fx-protect-nano-shampoo-5l-szampon-z-zawartoscia-nanoczasteczek-krzemu","status":"publish","type":"product","link":"https:\/\/liquidmaster.pl\/en\/fx-protect-nano-shampoo-5l-szampon-z-zawartoscia-nanoczasteczek-krzemu\/","title":{"rendered":"FX Protect Nano Shampoo 5L - shampoo with silicon nanoparticles"},"content":{"rendered":"<p>Thanks to the content of silicon nanoparticles, NANO SHAMPOO car shampoo perfectly cares for protective coatings previously applied to the car&#039;s paint surface. The unique composition of surfactants makes the product thoroughly remove dirt from the car body during regular care, easily and safely. The high density and efficiency of NANO SHAMPOO allows you to create abundant foam using a small amount of shampoo.<\/p>\n<p>PROPERTIES:<\/p>\n<ul>\n<li>Contains silicon nanoparticles<\/li>\n<li>Dense and efficient<\/li>\n<li>Produces abundant foam<\/li>\n<li>Intended for ongoing care<\/li>\n<\/ul>","protected":false},"excerpt":{"rendered":"<p>Dzi\u0119ki zawarto\u015bci nanocz\u0105steczek krzemu, szampon samochodowy NANO SHAMPOO znakomicie piel\u0119gnuje zaaplikowane wcze\u015bniej na powierzchni lakierniczej samochodu pow\u0142oki ochronne. Unikalna kompozycja \u015brodk\u00f3w powierzchniowo czynnych sprawia, \u017ce produkt dog\u0142\u0119bnie usuwa zanieczyszczenia z karoserii samochodu podczas bie\u017c\u0105cej piel\u0119gnacji, w spos\u00f3b \u0142atwy i bezpieczny.\u00a0Du\u017ca g\u0119sto\u015b\u0107 oraz wydajno\u015b\u0107 NANO SHAMPOO pozwala na wytworzenie obfitej piany, przy u\u017cyciu niewielkiej ilo\u015bci szamponu.&hellip;&nbsp;<a href=\"https:\/\/liquidmaster.pl\/en\/fx-protect-nano-shampoo-5l-szampon-z-zawartoscia-nanoczasteczek-krzemu\/\" rel=\"bookmark\">Read More \u00bb<span class=\"screen-reader-text\">FX Protect Nano Shampoo 5L - shampoo with silicon nanoparticles<\/span><\/a><\/p>","protected":false},"featured_media":1843172,"comment_status":"open","ping_status":"open","template":"","meta":{"neve_meta_sidebar":"","neve_meta_container":"","neve_meta_enable_content_width":"","neve_meta_content_width":0,"neve_meta_title_alignment":"","neve_meta_author_avatar":"","neve_post_elements_order":"","neve_meta_disable_header":"","neve_meta_disable_footer":"","neve_meta_disable_title":"","_themeisle_gutenberg_block_has_review":false},"product_brand":[],"product_cat":[734,733,740],"product_tag":[299],"class_list":{"0":"post-1802190","1":"product","2":"type-product","3":"status-publish","4":"has-post-thumbnail","6":"product_cat-mycie-i-osuszanie","7":"product_cat-na-zewnatrz","8":"product_cat-szampony-mycie-i-osuszanie","9":"product_tag-fx-protect","11":"first","12":"instock","13":"taxable","14":"shipping-taxable","15":"purchasable","16":"product-type-simple"},"_links":{"self":[{"href":"https:\/\/liquidmaster.pl\/en\/wp-json\/wp\/v2\/product\/1802190","targetHints":{"allow":["GET"]}}],"collection":[{"href":"https:\/\/liquidmaster.pl\/en\/wp-json\/wp\/v2\/product"}],"about":[{"href":"https:\/\/liquidmaster.pl\/en\/wp-json\/wp\/v2\/types\/product"}],"replies":[{"embeddable":true,"href":"https:\/\/liquidmaster.pl\/en\/wp-json\/wp\/v2\/comments?post=1802190"}],"wp:featuredmedia":[{"embeddable":true,"href":"https:\/\/liquidmaster.pl\/en\/wp-json\/wp\/v2\/media\/1843172"}],"wp:attachment":[{"href":"https:\/\/liquidmaster.pl\/en\/wp-json\/wp\/v2\/media?parent=1802190"}],"wp:term":[{"taxonomy":"product_brand","embeddable":true,"href":"https:\/\/liquidmaster.pl\/en\/wp-json\/wp\/v2\/product_brand?post=1802190"},{"taxonomy":"product_cat","embeddable":true,"href":"https:\/\/liquidmaster.pl\/en\/wp-json\/wp\/v2\/product_cat?post=1802190"},{"taxonomy":"product_tag","embeddable":true,"href":"https:\/\/liquidmaster.pl\/en\/wp-json\/wp\/v2\/product_tag?post=1802190"}],"curies":[{"name":"wp","href":"https:\/\/api.w.org\/{rel}","templated":true}]}}