{"id":1802186,"date":"2025-03-27T23:35:36","date_gmt":"2025-03-27T21:35:36","guid":{"rendered":"https:\/\/liquidmaster.pl\/fx-protect-iron-remover-5l-deironizer-usuwa-zabrudzenia-metaliczne\/"},"modified":"2026-04-18T04:20:38","modified_gmt":"2026-04-18T02:20:38","slug":"fx-protect-iron-remover-5l-deironizer-usuwa-zabrudzenia-metaliczne","status":"publish","type":"product","link":"https:\/\/liquidmaster.pl\/en\/fx-protect-iron-remover-5l-deironizer-usuwa-zabrudzenia-metaliczne\/","title":{"rendered":"FX Protect Iron Remover 5L - deironizer, removes metallic dirt"},"content":{"rendered":"<p>FX Protect Iron Remover \u2013 a product with an advanced formula, designed to safely remove metallic contaminants from painted surfaces and rims.<\/p>\n<p>IRON REMOVER perfectly eliminates dust from brake pads as well as stubborn particles of volatile rust. During application, a chemical reaction occurs on the cleaned element with a &quot;bleeding&quot; effect. The product is characterized by incredible effectiveness, efficiency and ease of use.<\/p>","protected":false},"excerpt":{"rendered":"<p>FX Protect Iron Remover \u2013 to produkt o zaawansowanej formule, przeznaczony do bezpiecznego usuwania zanieczyszcze\u0144 pochodzenia metalicznego z powierzchni lakierowanych oraz felg. IRON REMOVER doskonale eliminuje py\u0142 z klock\u00f3w hamulcowych, a tak\u017ce uporczywe cz\u0105stki lotnej rdzy. Podczas aplikacji, na czyszczonym elemencie zachodzi reakacja chemiczna z efektem \u201ekrwawienia\u201d. Produkt cechuje si\u0119 niesamowit\u0105 skuteczno\u015bci\u0105, wydajno\u015bci\u0105 oraz \u0142atwo\u015bci\u0105&hellip;&nbsp;<a href=\"https:\/\/liquidmaster.pl\/en\/fx-protect-iron-remover-5l-deironizer-usuwa-zabrudzenia-metaliczne\/\" rel=\"bookmark\">Read More \u00bb<span class=\"screen-reader-text\">FX Protect Iron Remover 5L - deironizer, removes metallic dirt<\/span><\/a><\/p>","protected":false},"featured_media":1843159,"comment_status":"open","ping_status":"open","template":"","meta":{"neve_meta_sidebar":"","neve_meta_container":"","neve_meta_enable_content_width":"","neve_meta_content_width":0,"neve_meta_title_alignment":"","neve_meta_author_avatar":"","neve_post_elements_order":"","neve_meta_disable_header":"","neve_meta_disable_footer":"","neve_meta_disable_title":"","_themeisle_gutenberg_block_has_review":false},"product_brand":[],"product_cat":[744,743,733],"product_tag":[299],"class_list":{"0":"post-1802186","1":"product","2":"type-product","3":"status-publish","4":"has-post-thumbnail","6":"product_cat-deironizacja","7":"product_cat-dekontaminacja","8":"product_cat-na-zewnatrz","9":"product_tag-fx-protect","11":"first","12":"instock","13":"taxable","14":"shipping-taxable","15":"purchasable","16":"product-type-simple"},"_links":{"self":[{"href":"https:\/\/liquidmaster.pl\/en\/wp-json\/wp\/v2\/product\/1802186","targetHints":{"allow":["GET"]}}],"collection":[{"href":"https:\/\/liquidmaster.pl\/en\/wp-json\/wp\/v2\/product"}],"about":[{"href":"https:\/\/liquidmaster.pl\/en\/wp-json\/wp\/v2\/types\/product"}],"replies":[{"embeddable":true,"href":"https:\/\/liquidmaster.pl\/en\/wp-json\/wp\/v2\/comments?post=1802186"}],"wp:featuredmedia":[{"embeddable":true,"href":"https:\/\/liquidmaster.pl\/en\/wp-json\/wp\/v2\/media\/1843159"}],"wp:attachment":[{"href":"https:\/\/liquidmaster.pl\/en\/wp-json\/wp\/v2\/media?parent=1802186"}],"wp:term":[{"taxonomy":"product_brand","embeddable":true,"href":"https:\/\/liquidmaster.pl\/en\/wp-json\/wp\/v2\/product_brand?post=1802186"},{"taxonomy":"product_cat","embeddable":true,"href":"https:\/\/liquidmaster.pl\/en\/wp-json\/wp\/v2\/product_cat?post=1802186"},{"taxonomy":"product_tag","embeddable":true,"href":"https:\/\/liquidmaster.pl\/en\/wp-json\/wp\/v2\/product_tag?post=1802186"}],"curies":[{"name":"wp","href":"https:\/\/api.w.org\/{rel}","templated":true}]}}