{"id":1802182,"date":"2025-03-27T23:35:13","date_gmt":"2025-03-27T21:35:13","guid":{"rendered":"https:\/\/liquidmaster.pl\/fx-protect-glass-cleaner-5l-produkt-do-czyszczenia-szyb\/"},"modified":"2026-04-20T07:58:26","modified_gmt":"2026-04-20T05:58:26","slug":"fx-protect-glass-cleaner-5l-produkt-do-czyszczenia-szyb","status":"publish","type":"product","link":"https:\/\/liquidmaster.pl\/en\/fx-protect-glass-cleaner-5l-produkt-do-czyszczenia-szyb\/","title":{"rendered":"FX Protect Glass Cleaner 5L - a product for cleaning glass"},"content":{"rendered":"<p>FX Protect Glass Cleaner \u2013 does not contain ammonia, so it is safe for cleaned surfaces. It evaporates and degreases perfectly, so it does not leave streaks on the windows. It is characterized by high efficiency, incredible effectiveness and ease of application. The preparation is ready for use - it does not require dilution<\/p>\n<p>Properties:<\/p>\n<ul>\n<li>Does not contain ammonia<\/li>\n<li>Does not leave streaks<\/li>\n<li>Efficient and easy to use<\/li>\n<li>Nice smell<\/li>\n<\/ul>","protected":false},"excerpt":{"rendered":"<p>FX Protect Glass Cleaner \u2013 nie zawiera amoniaku, w zwi\u0105zku z czym jest bezpieczny dla czyszczonych powierzchni. Doskonale odparowuje oraz odt\u0142uszcza, dzi\u0119ki czemu nie pozostawia smug na szybach. Charakteryzuje si\u0119 du\u017c\u0105 wydajno\u015bci\u0105, niesamowit\u0105 skuteczno\u015bci\u0105, a tak\u017ce \u0142atwo\u015bci\u0105 aplikacji. Preparat jest gotowy do u\u017cycia \u2013 nie wymaga rozcie\u0144czania W\u0142a\u015bciwo\u015bci: Nie zawiera amoniaku Nie pozostawia smug Wydajny&hellip;&nbsp;<a href=\"https:\/\/liquidmaster.pl\/en\/fx-protect-glass-cleaner-5l-produkt-do-czyszczenia-szyb\/\" rel=\"bookmark\">Read More \u00bb<span class=\"screen-reader-text\">FX Protect Glass Cleaner 5L - a product for cleaning glass<\/span><\/a><\/p>","protected":false},"featured_media":1843149,"comment_status":"open","ping_status":"open","template":"","meta":{"neve_meta_sidebar":"","neve_meta_container":"","neve_meta_enable_content_width":"","neve_meta_content_width":0,"neve_meta_title_alignment":"","neve_meta_author_avatar":"","neve_post_elements_order":"","neve_meta_disable_header":"","neve_meta_disable_footer":"","neve_meta_disable_title":"","_themeisle_gutenberg_block_has_review":false},"product_brand":[],"product_cat":[733,774,773],"product_tag":[299],"class_list":{"0":"post-1802182","1":"product","2":"type-product","3":"status-publish","4":"has-post-thumbnail","6":"product_cat-na-zewnatrz","7":"product_cat-plyny-do-szyb","8":"product_cat-szyby","9":"product_tag-fx-protect","11":"first","12":"instock","13":"taxable","14":"shipping-taxable","15":"purchasable","16":"product-type-simple"},"_links":{"self":[{"href":"https:\/\/liquidmaster.pl\/en\/wp-json\/wp\/v2\/product\/1802182","targetHints":{"allow":["GET"]}}],"collection":[{"href":"https:\/\/liquidmaster.pl\/en\/wp-json\/wp\/v2\/product"}],"about":[{"href":"https:\/\/liquidmaster.pl\/en\/wp-json\/wp\/v2\/types\/product"}],"replies":[{"embeddable":true,"href":"https:\/\/liquidmaster.pl\/en\/wp-json\/wp\/v2\/comments?post=1802182"}],"wp:featuredmedia":[{"embeddable":true,"href":"https:\/\/liquidmaster.pl\/en\/wp-json\/wp\/v2\/media\/1843149"}],"wp:attachment":[{"href":"https:\/\/liquidmaster.pl\/en\/wp-json\/wp\/v2\/media?parent=1802182"}],"wp:term":[{"taxonomy":"product_brand","embeddable":true,"href":"https:\/\/liquidmaster.pl\/en\/wp-json\/wp\/v2\/product_brand?post=1802182"},{"taxonomy":"product_cat","embeddable":true,"href":"https:\/\/liquidmaster.pl\/en\/wp-json\/wp\/v2\/product_cat?post=1802182"},{"taxonomy":"product_tag","embeddable":true,"href":"https:\/\/liquidmaster.pl\/en\/wp-json\/wp\/v2\/product_tag?post=1802182"}],"curies":[{"name":"wp","href":"https:\/\/api.w.org\/{rel}","templated":true}]}}