{"id":1802166,"date":"2025-03-27T23:34:02","date_gmt":"2025-03-27T21:34:02","guid":{"rendered":"https:\/\/liquidmaster.pl\/aqua-mikrofibra-suede-sciereczka-z-mikrofibry-do-aplikacji-powlok-kwarcowych-i-ceramicznych\/"},"modified":"2026-04-19T02:15:20","modified_gmt":"2026-04-19T00:15:20","slug":"aqua-mikrofibra-suede-sciereczka-z-mikrofibry-do-aplikacji-powlok-kwarcowych-i-ceramicznych","status":"publish","type":"product","link":"https:\/\/liquidmaster.pl\/en\/aqua-mikrofibra-suede-sciereczka-z-mikrofibry-do-aplikacji-powlok-kwarcowych-i-ceramicznych\/","title":{"rendered":"AQUA Microfiber Suede - a microfiber cloth for applying quartz and ceramic coatings"},"content":{"rendered":"<p>AQUA Microfiber Suede \u2013 a small cloth with great possibilities. The well-thought-out composition of the material makes the application of quartz and ceramic coatings using this product a pleasure. A very handy size (10 x 10 cm) as well as optimal softness and smoothness make the Suede microfiber fit perfectly in the hand and allow for comfortable, efficient and - most importantly - extremely precise performance of activities related to the application of preparations for applying AQUA Coating coatings .<\/p>\n<p>Moreover, it will also work well for wiping navigation screens, TV screens and monitors. Do you want to be sure that the application of your new coating will go smoothly? Don&#039;t forget the details. Suede microfiber, dedicated especially for AQUA Coating coatings, is one of them!<\/p>\n<p>Dimensions: 10 x 10 cm<\/p>","protected":false},"excerpt":{"rendered":"<p>AQUA Mikrofibra Suede \u2013 to niewielka \u015bciereczka o wielkich mo\u017cliwo\u015bciach. Przemy\u015blany sk\u0142ad materia\u0142u sprawia, \u017ce aplikacja pow\u0142ok kwarcowych i ceramicznych przy u\u017cyciu tego produktu to sama przyjemno\u015b\u0107. Bardzo por\u0119czny rozmiar (10 x 10 cm), a tak\u017ce optymalna mi\u0119kko\u015b\u0107 i g\u0142adko\u015b\u0107 sprawiaj\u0105, \u017ce mikrofibra Suede b\u0119dzie \u015bwietnie le\u017ca\u0142a w d\u0142oni i pozwoli na komfortowe, sprawne i&hellip;&nbsp;<a href=\"https:\/\/liquidmaster.pl\/en\/aqua-mikrofibra-suede-sciereczka-z-mikrofibry-do-aplikacji-powlok-kwarcowych-i-ceramicznych\/\" rel=\"bookmark\">Read More \u00bb<span class=\"screen-reader-text\">AQUA Microfiber Suede - a microfiber cloth for applying quartz and ceramic coatings<\/span><\/a><\/p>","protected":false},"featured_media":1843125,"comment_status":"open","ping_status":"open","template":"","meta":{"neve_meta_sidebar":"","neve_meta_container":"","neve_meta_enable_content_width":"","neve_meta_content_width":0,"neve_meta_title_alignment":"","neve_meta_author_avatar":"","neve_post_elements_order":"","neve_meta_disable_header":"","neve_meta_disable_footer":"","neve_meta_disable_title":"","_themeisle_gutenberg_block_has_review":false},"product_brand":[],"product_cat":[757,786,787],"product_tag":[598],"class_list":{"0":"post-1802166","1":"product","2":"type-product","3":"status-publish","4":"has-post-thumbnail","6":"product_cat-akcesoria","7":"product_cat-aplikatory","8":"product_cat-aplikatory-do-ceramiki","9":"product_tag-aqua-car-cosmetics","11":"first","12":"instock","13":"taxable","14":"shipping-taxable","15":"purchasable","16":"product-type-simple"},"_links":{"self":[{"href":"https:\/\/liquidmaster.pl\/en\/wp-json\/wp\/v2\/product\/1802166","targetHints":{"allow":["GET"]}}],"collection":[{"href":"https:\/\/liquidmaster.pl\/en\/wp-json\/wp\/v2\/product"}],"about":[{"href":"https:\/\/liquidmaster.pl\/en\/wp-json\/wp\/v2\/types\/product"}],"replies":[{"embeddable":true,"href":"https:\/\/liquidmaster.pl\/en\/wp-json\/wp\/v2\/comments?post=1802166"}],"wp:featuredmedia":[{"embeddable":true,"href":"https:\/\/liquidmaster.pl\/en\/wp-json\/wp\/v2\/media\/1843125"}],"wp:attachment":[{"href":"https:\/\/liquidmaster.pl\/en\/wp-json\/wp\/v2\/media?parent=1802166"}],"wp:term":[{"taxonomy":"product_brand","embeddable":true,"href":"https:\/\/liquidmaster.pl\/en\/wp-json\/wp\/v2\/product_brand?post=1802166"},{"taxonomy":"product_cat","embeddable":true,"href":"https:\/\/liquidmaster.pl\/en\/wp-json\/wp\/v2\/product_cat?post=1802166"},{"taxonomy":"product_tag","embeddable":true,"href":"https:\/\/liquidmaster.pl\/en\/wp-json\/wp\/v2\/product_tag?post=1802166"}],"curies":[{"name":"wp","href":"https:\/\/api.w.org\/{rel}","templated":true}]}}