{"id":1802148,"date":"2025-03-27T23:32:51","date_gmt":"2025-03-27T21:32:51","guid":{"rendered":"https:\/\/liquidmaster.pl\/work-stuff-handy-leather-brush-szczoteczka-do-tapicerki-i-elementow-skorzanych\/"},"modified":"2026-04-18T04:20:30","modified_gmt":"2026-04-18T02:20:30","slug":"work-stuff-handy-leather-brush-szczoteczka-do-tapicerki-i-elementow-skorzanych","status":"publish","type":"product","link":"https:\/\/liquidmaster.pl\/en\/work-stuff-handy-leather-brush-szczoteczka-do-tapicerki-i-elementow-skorzanych\/","title":{"rendered":"Work Stuff Handy Leather Brush - a brush for upholstery and leather elements"},"content":{"rendered":"<p>Work Stuff Handy Leather Brush \u2013 Professional brush for cleaning upholstery and other leather elements. The brush is comfortable to use thanks to special recesses in the frame. A carefully selected mixture of bristles makes it effective and at the same time gentle on the skin in the car. Everything is made of natural beech wood.<\/p>\n<p>Main features:<\/p>\n<ul>\n<li>Lacquered frame made of natural beech wood<\/li>\n<li>Ergonomic shape for easy holding<\/li>\n<li>Properly selected bristle mixture (30% natural, 70% synthetic)<\/li>\n<\/ul>","protected":false},"excerpt":{"rendered":"<p>Work Stuff Handy Leather Brush \u2013 Profesjonalna szczoteczka do czyszczenia tapicerki i innych element\u00f3w sk\u00f3rzanych. Szczotka jest wygodna w pracy dzi\u0119ki specjalnym wg\u0142\u0119bieniom w oprawie. Odpowiednio dobrana mieszanka w\u0142osia sprawia, \u017ce jest skuteczne, a zarazem delikatne dla sk\u00f3ry w samochodzie. Ca\u0142o\u015b\u0107 wykonana z naturalnego drewna bukowego. G\u0142\u00f3wne cechy: Lakierowana oprawa z naturalnego drewna bukowego Ergonomiczny&hellip;&nbsp;<a href=\"https:\/\/liquidmaster.pl\/en\/work-stuff-handy-leather-brush-szczoteczka-do-tapicerki-i-elementow-skorzanych\/\" rel=\"bookmark\">Read More \u00bb<span class=\"screen-reader-text\">Work Stuff Handy Leather Brush - a brush for upholstery and leather elements<\/span><\/a><\/p>","protected":false},"featured_media":1843098,"comment_status":"open","ping_status":"open","template":"","meta":{"neve_meta_sidebar":"","neve_meta_container":"","neve_meta_enable_content_width":"","neve_meta_content_width":0,"neve_meta_title_alignment":"","neve_meta_author_avatar":"","neve_post_elements_order":"","neve_meta_disable_header":"","neve_meta_disable_footer":"","neve_meta_disable_title":"","_themeisle_gutenberg_block_has_review":false},"product_brand":[],"product_cat":[817,816,768],"product_tag":[381],"class_list":{"0":"post-1802148","1":"product","2":"type-product","3":"status-publish","4":"has-post-thumbnail","6":"product_cat-szczotki-do-skor","7":"product_cat-tapicerka-skorzana","8":"product_cat-wnetrze-auta","9":"product_tag-work-stuff","11":"first","12":"instock","13":"taxable","14":"shipping-taxable","15":"purchasable","16":"product-type-simple"},"_links":{"self":[{"href":"https:\/\/liquidmaster.pl\/en\/wp-json\/wp\/v2\/product\/1802148","targetHints":{"allow":["GET"]}}],"collection":[{"href":"https:\/\/liquidmaster.pl\/en\/wp-json\/wp\/v2\/product"}],"about":[{"href":"https:\/\/liquidmaster.pl\/en\/wp-json\/wp\/v2\/types\/product"}],"replies":[{"embeddable":true,"href":"https:\/\/liquidmaster.pl\/en\/wp-json\/wp\/v2\/comments?post=1802148"}],"wp:featuredmedia":[{"embeddable":true,"href":"https:\/\/liquidmaster.pl\/en\/wp-json\/wp\/v2\/media\/1843098"}],"wp:attachment":[{"href":"https:\/\/liquidmaster.pl\/en\/wp-json\/wp\/v2\/media?parent=1802148"}],"wp:term":[{"taxonomy":"product_brand","embeddable":true,"href":"https:\/\/liquidmaster.pl\/en\/wp-json\/wp\/v2\/product_brand?post=1802148"},{"taxonomy":"product_cat","embeddable":true,"href":"https:\/\/liquidmaster.pl\/en\/wp-json\/wp\/v2\/product_cat?post=1802148"},{"taxonomy":"product_tag","embeddable":true,"href":"https:\/\/liquidmaster.pl\/en\/wp-json\/wp\/v2\/product_tag?post=1802148"}],"curies":[{"name":"wp","href":"https:\/\/api.w.org\/{rel}","templated":true}]}}