{"id":1802106,"date":"2025-03-27T23:30:26","date_gmt":"2025-03-27T21:30:26","guid":{"rendered":"https:\/\/liquidmaster.pl\/chemical-guys-crunchy-bacon-scent-473ml-odswiezacz-powietrza-o-zapachu-chrupiacego-bekonu\/"},"modified":"2026-04-19T03:05:59","modified_gmt":"2026-04-19T01:05:59","slug":"chemical-guys-crunchy-bacon-scent-473ml-odswiezacz-powietrza-o-zapachu-chrupiacego-bekonu","status":"publish","type":"product","link":"https:\/\/liquidmaster.pl\/en\/chemical-guys-crunchy-bacon-scent-473ml-odswiezacz-powietrza-o-zapachu-chrupiacego-bekonu\/","title":{"rendered":"Chemical Guys Crunchy Bacon Scent 473ml - Air freshener with the smell of crunchy bacon"},"content":{"rendered":"<p>The air freshener with the scent of baked bacon is perfect for neutralizing unpleasant odors and lasts for 4 weeks.<\/p>\n<p>\u00a0<\/p>\n<p>It is best to spray the air freshener on fabric rugs or car carpets.<\/p>\n<p>\u00a0<\/p>\n<p>It works great in the car, office and home.<\/p>\n<p>\u00a0<\/p>\n<p>The product is ready to use.<\/p>\n<p>\u00a0<\/p>\n<p>Use sparingly or dilute, it&#039;s important to use it regularly. Over time, as the fabrics soak up the fragrance, you will use less and less of it.<\/p>\n<p>\u00a0<\/p>\n<p>Use on carpet, seats, trunk, air vents - anywhere you need a new, clean scent.<\/p>\n<p>\u00a0<\/p>\n<p>Fresheners smell longest and most effectively when the ambient temperature is 15-25\u00ba C.<\/p>\n<p>\u00a0<\/p>\n<p>\nCapacity: 473ml<\/p>\n<p>\u00a0<\/p>","protected":false},"excerpt":{"rendered":"<p>Od\u015bwie\u017cacz powietrza o zapachu pieczonego bekonu doskonale radzi sobie z neutralizacj\u0105 nieprzyjemnych zapach\u00f3w i zapewnia trwa\u0142o\u015b\u0107 na poziomie 4 tygodni. \u00a0 Od\u015bwie\u017cacz najlepiej rozpyli\u0107 na materia\u0142owe dywaniki lub wyk\u0142adzin\u0119 samochodu. \u00a0 \u015awietnie sprawdza si\u0119 w samochodzie, biurze oraz domu. \u00a0 Produkt gotowy do u\u017cycia. \u00a0 U\u017cywaj oszcz\u0119dnie lub rozcie\u0144czaj, wa\u017cne, aby u\u017cywa\u0107 go regularnie. Z&hellip;&nbsp;<a href=\"https:\/\/liquidmaster.pl\/en\/chemical-guys-crunchy-bacon-scent-473ml-odswiezacz-powietrza-o-zapachu-chrupiacego-bekonu\/\" rel=\"bookmark\">Read More \u00bb<span class=\"screen-reader-text\">Chemical Guys Crunchy Bacon Scent 473ml - Air freshener with the smell of crunchy bacon<\/span><\/a><\/p>","protected":false},"featured_media":1843044,"comment_status":"open","ping_status":"open","template":"","meta":{"neve_meta_sidebar":"","neve_meta_container":"","neve_meta_enable_content_width":"","neve_meta_content_width":0,"neve_meta_title_alignment":"","neve_meta_author_avatar":"","neve_post_elements_order":"","neve_meta_disable_header":"","neve_meta_disable_footer":"","neve_meta_disable_title":"","_themeisle_gutenberg_block_has_review":false},"product_brand":[],"product_cat":[801,802,768],"product_tag":[278],"class_list":{"0":"post-1802106","1":"product","2":"type-product","3":"status-publish","4":"has-post-thumbnail","6":"product_cat-odswiezacze-powietrza","7":"product_cat-perfumy-i-spraye","8":"product_cat-wnetrze-auta","9":"product_tag-chemical-guys","11":"first","12":"outofstock","13":"taxable","14":"shipping-taxable","15":"purchasable","16":"product-type-simple"},"_links":{"self":[{"href":"https:\/\/liquidmaster.pl\/en\/wp-json\/wp\/v2\/product\/1802106","targetHints":{"allow":["GET"]}}],"collection":[{"href":"https:\/\/liquidmaster.pl\/en\/wp-json\/wp\/v2\/product"}],"about":[{"href":"https:\/\/liquidmaster.pl\/en\/wp-json\/wp\/v2\/types\/product"}],"replies":[{"embeddable":true,"href":"https:\/\/liquidmaster.pl\/en\/wp-json\/wp\/v2\/comments?post=1802106"}],"wp:featuredmedia":[{"embeddable":true,"href":"https:\/\/liquidmaster.pl\/en\/wp-json\/wp\/v2\/media\/1843044"}],"wp:attachment":[{"href":"https:\/\/liquidmaster.pl\/en\/wp-json\/wp\/v2\/media?parent=1802106"}],"wp:term":[{"taxonomy":"product_brand","embeddable":true,"href":"https:\/\/liquidmaster.pl\/en\/wp-json\/wp\/v2\/product_brand?post=1802106"},{"taxonomy":"product_cat","embeddable":true,"href":"https:\/\/liquidmaster.pl\/en\/wp-json\/wp\/v2\/product_cat?post=1802106"},{"taxonomy":"product_tag","embeddable":true,"href":"https:\/\/liquidmaster.pl\/en\/wp-json\/wp\/v2\/product_tag?post=1802106"}],"curies":[{"name":"wp","href":"https:\/\/api.w.org\/{rel}","templated":true}]}}