{"id":1801858,"date":"2025-03-27T22:35:50","date_gmt":"2025-03-27T20:35:50","guid":{"rendered":"https:\/\/liquidmaster.pl\/gyeon-q2m-leatherbrush-szczoteczka-do-czyszczenia-skory\/"},"modified":"2026-04-20T07:57:07","modified_gmt":"2026-04-20T05:57:07","slug":"gyeon-q2m-leatherbrush-szczoteczka-do-czyszczenia-skory","status":"publish","type":"product","link":"https:\/\/liquidmaster.pl\/en\/gyeon-q2m-leatherbrush-szczoteczka-do-czyszczenia-skory\/","title":{"rendered":"Gyeon Q2M LeatherBrush - a brush for cleaning leather"},"content":{"rendered":"<p>Gyeon Q\u00b2M LeatherBrush \u2013 delicate horsehair, natural wood handle and ergonomic shape combined in Gyeon Q\u00b2M LeatherBrush to provide you with safe and comfortable care of leather upholstery.<\/p>\n<p>Q\u00b2M LeatherBrush is designed to be safe and effective on all leather types. Natural horsehair effectively removes dirt from the upholstery structure. The ergonomic wooden handle has rounded corners to avoid any damage and provides a good grip even when wet.<\/p>","protected":false},"excerpt":{"rendered":"<p>Gyeon Q\u00b2M LeatherBrush \u2013 delikatne ko\u0144skie w\u0142osie, uchwyt z naturalnego drewna i ergonomiczny kszta\u0142t po\u0142\u0105czone w Gyeon Q\u00b2M LeatherBrush, aby zapewni\u0107 Ci bezpieczn\u0105 i wygodn\u0105 piel\u0119gnacj\u0119 tapicerki sk\u00f3rzanej. Q\u00b2M LeatherBrush jest zaprojektowana, aby by\u0107 bezpieczna i efektywna na wszystkich rodzajach sk\u00f3ry. Naturalnie ko\u0144skie w\u0142osie skutecznie usuwa brud ze struktury tapicerki. Ergonomiczny drewniany uchwyt ma zaokr\u0105glone&hellip;&nbsp;<a href=\"https:\/\/liquidmaster.pl\/en\/gyeon-q2m-leatherbrush-szczoteczka-do-czyszczenia-skory\/\" rel=\"bookmark\">Read More \u00bb<span class=\"screen-reader-text\">Gyeon Q2M LeatherBrush - a brush for cleaning leather<\/span><\/a><\/p>","protected":false},"featured_media":1846866,"comment_status":"open","ping_status":"open","template":"","meta":{"neve_meta_sidebar":"","neve_meta_container":"","neve_meta_enable_content_width":"","neve_meta_content_width":0,"neve_meta_title_alignment":"","neve_meta_author_avatar":"","neve_post_elements_order":"","neve_meta_disable_header":"","neve_meta_disable_footer":"","neve_meta_disable_title":"","_themeisle_gutenberg_block_has_review":false},"product_brand":[],"product_cat":[817,816,768],"product_tag":[302],"class_list":{"0":"post-1801858","1":"product","2":"type-product","3":"status-publish","4":"has-post-thumbnail","6":"product_cat-szczotki-do-skor","7":"product_cat-tapicerka-skorzana","8":"product_cat-wnetrze-auta","9":"product_tag-gyeon","11":"first","12":"instock","13":"taxable","14":"shipping-taxable","15":"purchasable","16":"product-type-simple"},"_links":{"self":[{"href":"https:\/\/liquidmaster.pl\/en\/wp-json\/wp\/v2\/product\/1801858","targetHints":{"allow":["GET"]}}],"collection":[{"href":"https:\/\/liquidmaster.pl\/en\/wp-json\/wp\/v2\/product"}],"about":[{"href":"https:\/\/liquidmaster.pl\/en\/wp-json\/wp\/v2\/types\/product"}],"replies":[{"embeddable":true,"href":"https:\/\/liquidmaster.pl\/en\/wp-json\/wp\/v2\/comments?post=1801858"}],"wp:featuredmedia":[{"embeddable":true,"href":"https:\/\/liquidmaster.pl\/en\/wp-json\/wp\/v2\/media\/1846866"}],"wp:attachment":[{"href":"https:\/\/liquidmaster.pl\/en\/wp-json\/wp\/v2\/media?parent=1801858"}],"wp:term":[{"taxonomy":"product_brand","embeddable":true,"href":"https:\/\/liquidmaster.pl\/en\/wp-json\/wp\/v2\/product_brand?post=1801858"},{"taxonomy":"product_cat","embeddable":true,"href":"https:\/\/liquidmaster.pl\/en\/wp-json\/wp\/v2\/product_cat?post=1801858"},{"taxonomy":"product_tag","embeddable":true,"href":"https:\/\/liquidmaster.pl\/en\/wp-json\/wp\/v2\/product_tag?post=1801858"}],"curies":[{"name":"wp","href":"https:\/\/api.w.org\/{rel}","templated":true}]}}