{"id":1801802,"date":"2025-03-27T22:32:18","date_gmt":"2025-03-27T20:32:18","guid":{"rendered":"https:\/\/liquidmaster.pl\/poorboys-world-nattys-paste-wax-black-235ml-wosk-naturalny\/"},"modified":"2026-04-18T04:19:14","modified_gmt":"2026-04-18T02:19:14","slug":"poorboys-world-nattys-paste-wax-black-235ml-wosk-naturalny","status":"publish","type":"product","link":"https:\/\/liquidmaster.pl\/en\/poorboys-world-nattys-paste-wax-black-235ml-wosk-naturalny\/","title":{"rendered":"Poorboy&#039;s World Natty&#039;s Paste Wax Black 235ml \u2013 natural wax"},"content":{"rendered":"<p>Natty&#039;s Paste Wax Black is a natural wax that contains 100% carnauba wax. Designed for dark and black varnishes. It wonderfully enhances and deepens the color of the varnish, and also gives the so-called wet paint effect.<\/p>\n<p>Additionally, Natty&#039;s Paste Wax Black contains UV filters that very well protect the varnish against harmful sunlight.<\/p>\n<p>It will be perfect for people who participate in Show Car events. Combined with Black Hole Glaze, the effect we achieve is stunning.<\/p>\n<p>Working with Natty&#039;s Paste Wax Black is so easy and pleasant because it can be applied both in the shade and in the sun.<\/p>","protected":false},"excerpt":{"rendered":"<p>Natty\u2019s Paste Wax Black to naturalny wosk, kt\u00f3ry w swoim sk\u0142adzie posiada 100% wosku Carnauba. Przeznaczony do ciemnych i czarnych lakier\u00f3w. Rewelacyjnie podkr\u0119ca i pog\u0142\u0119bia kolor lakieru, a tak\u017ce nadaje tzw. efektu mokrego lakieru. Dodatkowo w sk\u0142adzie Natty\u2019s Paste Wax Black znajduj\u0105 si\u0119 filtry UV, kt\u00f3re bardzo dobrze chroni\u0105 lakier przed szkodliwymi promieniami s\u0142onecznymi. \u015awietnie&hellip;&nbsp;<a href=\"https:\/\/liquidmaster.pl\/en\/poorboys-world-nattys-paste-wax-black-235ml-wosk-naturalny\/\" rel=\"bookmark\">Read More \u00bb<span class=\"screen-reader-text\">Poorboy&#039;s World Natty&#039;s Paste Wax Black 235ml \u2013 natural wax<\/span><\/a><\/p>","protected":false},"featured_media":1846785,"comment_status":"open","ping_status":"open","template":"","meta":{"neve_meta_sidebar":"","neve_meta_container":"","neve_meta_enable_content_width":"","neve_meta_content_width":0,"neve_meta_title_alignment":"","neve_meta_author_avatar":"","neve_post_elements_order":"","neve_meta_disable_header":"","neve_meta_disable_footer":"","neve_meta_disable_title":"","_themeisle_gutenberg_block_has_review":false},"product_brand":[],"product_cat":[733,766,788],"product_tag":[344],"class_list":{"0":"post-1801802","1":"product","2":"type-product","3":"status-publish","4":"has-post-thumbnail","6":"product_cat-na-zewnatrz","7":"product_cat-ochrona-lakieru","8":"product_cat-woski","9":"product_tag-poorboys-world","11":"first","12":"instock","13":"taxable","14":"shipping-taxable","15":"purchasable","16":"product-type-simple"},"_links":{"self":[{"href":"https:\/\/liquidmaster.pl\/en\/wp-json\/wp\/v2\/product\/1801802","targetHints":{"allow":["GET"]}}],"collection":[{"href":"https:\/\/liquidmaster.pl\/en\/wp-json\/wp\/v2\/product"}],"about":[{"href":"https:\/\/liquidmaster.pl\/en\/wp-json\/wp\/v2\/types\/product"}],"replies":[{"embeddable":true,"href":"https:\/\/liquidmaster.pl\/en\/wp-json\/wp\/v2\/comments?post=1801802"}],"wp:featuredmedia":[{"embeddable":true,"href":"https:\/\/liquidmaster.pl\/en\/wp-json\/wp\/v2\/media\/1846785"}],"wp:attachment":[{"href":"https:\/\/liquidmaster.pl\/en\/wp-json\/wp\/v2\/media?parent=1801802"}],"wp:term":[{"taxonomy":"product_brand","embeddable":true,"href":"https:\/\/liquidmaster.pl\/en\/wp-json\/wp\/v2\/product_brand?post=1801802"},{"taxonomy":"product_cat","embeddable":true,"href":"https:\/\/liquidmaster.pl\/en\/wp-json\/wp\/v2\/product_cat?post=1801802"},{"taxonomy":"product_tag","embeddable":true,"href":"https:\/\/liquidmaster.pl\/en\/wp-json\/wp\/v2\/product_tag?post=1801802"}],"curies":[{"name":"wp","href":"https:\/\/api.w.org\/{rel}","templated":true}]}}