{"id":1801800,"date":"2025-03-27T22:32:18","date_gmt":"2025-03-27T20:32:18","guid":{"rendered":"https:\/\/liquidmaster.pl\/poka-prostokatny-wieszak-na-3-do-5-maszyn-polerskich\/"},"modified":"2026-04-20T07:56:52","modified_gmt":"2026-04-20T05:56:52","slug":"poka-prostokatny-wieszak-na-3-do-5-maszyn-polerskich","status":"publish","type":"product","link":"https:\/\/liquidmaster.pl\/en\/poka-prostokatny-wieszak-na-3-do-5-maszyn-polerskich\/","title":{"rendered":"POKA Rectangular Hanger For 3 to 5 Polishing Machines"},"content":{"rendered":"<p>We present a high-quality hanger for three to five polishing machines. Designed for maximum performance and flexibility. For years, car detailing specialists have been struggling with various storage options for their important equipment. Most of these inventions are impractical and simply ugly. Thanks to us, those times are gone!<\/p>\n<p class=\"MsoNormal\">\u00a0<\/p>\n<p>Our hanger can safely accommodate three to five polishing machines, skillfully hiding their cables in a special compartment. Made of high quality durable steel, precisely cut and bent, finally powder coated both inside and out to provide an additional layer of protection against oxidation.<\/p>\n<p class=\"MsoNormal\">\u00a0<\/p>\n<p>Characteristics:<\/p>\n<p>\u2013 Easily adapts to various Dual Action, rotary and pneumatic machines<br \/>\n\u2013 Maintains three to five polishing machines<br \/>\n\u2013 Durable and corrosion-resistant finishing material<br \/>\n\u2013 Rubber seals where the machines are held<br \/>\n\u2013 Additional cable storage<\/p>\n<p class=\"MsoNormal\">\u00a0<\/p>\n<p>\u00a0<\/p>\n<p>Dimensions:<\/p>\n<p>Length: 56 cm<\/p>\n<p>Width from the wall: 8 cm\u00a0<\/p>\n<p>Height: 60 cm<\/p>\n<p>\u00a0<\/p>","protected":false},"excerpt":{"rendered":"<p>Przedstawiamy wysokiej jako\u015bci wieszak na\u00a0trzy do pi\u0119ciu maszyn polerskich. Zaprojektowany z my\u015bl\u0105 o maksymalnej wydajno\u015bci i elastyczno\u015bci. Od lat specjali\u015bci od auto detailingu zmagaj\u0105 si\u0119 z rozmaitymi opcjami przechowywania, jak\u017ce wa\u017cnego dla nich sprz\u0119tu. Wi\u0119kszo\u015b\u0107 z tych wynalazk\u00f3w jest niepraktyczna i po prostu brzydka. Dzi\u0119ki nam te czasy ju\u017c min\u0119\u0142y! \u00a0 Nasz wieszak mo\u017ce bezpiecznie&hellip;&nbsp;<a href=\"https:\/\/liquidmaster.pl\/en\/poka-prostokatny-wieszak-na-3-do-5-maszyn-polerskich\/\" rel=\"bookmark\">Read More \u00bb<span class=\"screen-reader-text\">POKA Rectangular Hanger For 3 to 5 Polishing Machines<\/span><\/a><\/p>","protected":false},"featured_media":1846781,"comment_status":"open","ping_status":"open","template":"","meta":{"neve_meta_sidebar":"","neve_meta_container":"","neve_meta_enable_content_width":"","neve_meta_content_width":0,"neve_meta_title_alignment":"","neve_meta_author_avatar":"","neve_post_elements_order":"","neve_meta_disable_header":"","neve_meta_disable_footer":"","neve_meta_disable_title":"","_themeisle_gutenberg_block_has_review":false},"product_brand":[],"product_cat":[757,811,856],"product_tag":[343],"class_list":{"0":"post-1801800","1":"product","2":"type-product","3":"status-publish","4":"has-post-thumbnail","6":"product_cat-akcesoria","7":"product_cat-pozostale-akcesoria","8":"product_cat-torby-i-organizery","9":"product_tag-poka-premium","11":"first","12":"instock","13":"taxable","14":"shipping-taxable","15":"purchasable","16":"product-type-simple"},"_links":{"self":[{"href":"https:\/\/liquidmaster.pl\/en\/wp-json\/wp\/v2\/product\/1801800","targetHints":{"allow":["GET"]}}],"collection":[{"href":"https:\/\/liquidmaster.pl\/en\/wp-json\/wp\/v2\/product"}],"about":[{"href":"https:\/\/liquidmaster.pl\/en\/wp-json\/wp\/v2\/types\/product"}],"replies":[{"embeddable":true,"href":"https:\/\/liquidmaster.pl\/en\/wp-json\/wp\/v2\/comments?post=1801800"}],"wp:featuredmedia":[{"embeddable":true,"href":"https:\/\/liquidmaster.pl\/en\/wp-json\/wp\/v2\/media\/1846781"}],"wp:attachment":[{"href":"https:\/\/liquidmaster.pl\/en\/wp-json\/wp\/v2\/media?parent=1801800"}],"wp:term":[{"taxonomy":"product_brand","embeddable":true,"href":"https:\/\/liquidmaster.pl\/en\/wp-json\/wp\/v2\/product_brand?post=1801800"},{"taxonomy":"product_cat","embeddable":true,"href":"https:\/\/liquidmaster.pl\/en\/wp-json\/wp\/v2\/product_cat?post=1801800"},{"taxonomy":"product_tag","embeddable":true,"href":"https:\/\/liquidmaster.pl\/en\/wp-json\/wp\/v2\/product_tag?post=1801800"}],"curies":[{"name":"wp","href":"https:\/\/api.w.org\/{rel}","templated":true}]}}