{"id":1801792,"date":"2025-03-27T22:31:29","date_gmt":"2025-03-27T20:31:29","guid":{"rendered":"https:\/\/liquidmaster.pl\/poka-polka-na-mini-maszyny\/"},"modified":"2026-04-18T04:19:11","modified_gmt":"2026-04-18T02:19:11","slug":"poka-polka-na-mini-maszyny","status":"publish","type":"product","link":"https:\/\/liquidmaster.pl\/en\/poka-polka-na-mini-maszyny\/","title":{"rendered":"POKA Shelf For Mini Machines"},"content":{"rendered":"<p>A specially designed shelf for mini machines is a complementary element of our rectangular hangers for polishing machines. The shelf fits single, double and triple hangers. It can easily handle the weight of mini machines and additional equipment, e.g. an extension cord.\u00a0<\/p>\n<p>\u00a0<\/p>\n<p>Made of high-quality, durable steel. Precisely cut and bent, finally covered with a powder finish to provide an additional layer of protection against oxidation.<\/p>\n<p>Dimensions:<\/p>\n<p>Length: 43 cm<\/p>\n<p>Width: 16 cm<\/p>\n<p>Height: 19 cm<\/p>\n<p>\u00a0<\/p>\n<p>\u00a0<\/p>","protected":false},"excerpt":{"rendered":"<p>Specjalnie zaprojektowana p\u00f3\u0142ka na mini maszyny\u00a0jest uzupe\u0142niaj\u0105cym elementem naszych prostok\u0105tnych wieszak\u00f3w na maszyny polerskie. P\u00f3\u0142ka pasuje do pojedy\u0144czego, podw\u00f3jnego oraz potr\u00f3jnego wieszaka.\u00a0Bez problemu poradzi sobie z ci\u0119\u017carem\u00a0maszyn typu mini oraz dodatkowym wyposa\u017ceniu np. przed\u0142u\u017cacz.\u00a0 \u00a0 Wykonany z wysokiej jako\u015bci, wytrzyma\u0142ej stali. Precyzyjnie wyciety i wygiety, finalnie pokryty proszkowym wyko\u0144czeniem aby zapewnic dodatkow\u0105 warstw\u0119 ochronn\u0105 przed&hellip;&nbsp;<a href=\"https:\/\/liquidmaster.pl\/en\/poka-polka-na-mini-maszyny\/\" rel=\"bookmark\">Read More \u00bb<span class=\"screen-reader-text\">POKA Shelf For Mini Machines<\/span><\/a><\/p>","protected":false},"featured_media":1846769,"comment_status":"open","ping_status":"open","template":"","meta":{"neve_meta_sidebar":"","neve_meta_container":"","neve_meta_enable_content_width":"","neve_meta_content_width":0,"neve_meta_title_alignment":"","neve_meta_author_avatar":"","neve_post_elements_order":"","neve_meta_disable_header":"","neve_meta_disable_footer":"","neve_meta_disable_title":"","_themeisle_gutenberg_block_has_review":false},"product_brand":[],"product_cat":[757,811,856],"product_tag":[343],"class_list":{"0":"post-1801792","1":"product","2":"type-product","3":"status-publish","4":"has-post-thumbnail","6":"product_cat-akcesoria","7":"product_cat-pozostale-akcesoria","8":"product_cat-torby-i-organizery","9":"product_tag-poka-premium","11":"first","12":"instock","13":"taxable","14":"shipping-taxable","15":"purchasable","16":"product-type-simple"},"_links":{"self":[{"href":"https:\/\/liquidmaster.pl\/en\/wp-json\/wp\/v2\/product\/1801792","targetHints":{"allow":["GET"]}}],"collection":[{"href":"https:\/\/liquidmaster.pl\/en\/wp-json\/wp\/v2\/product"}],"about":[{"href":"https:\/\/liquidmaster.pl\/en\/wp-json\/wp\/v2\/types\/product"}],"replies":[{"embeddable":true,"href":"https:\/\/liquidmaster.pl\/en\/wp-json\/wp\/v2\/comments?post=1801792"}],"wp:featuredmedia":[{"embeddable":true,"href":"https:\/\/liquidmaster.pl\/en\/wp-json\/wp\/v2\/media\/1846769"}],"wp:attachment":[{"href":"https:\/\/liquidmaster.pl\/en\/wp-json\/wp\/v2\/media?parent=1801792"}],"wp:term":[{"taxonomy":"product_brand","embeddable":true,"href":"https:\/\/liquidmaster.pl\/en\/wp-json\/wp\/v2\/product_brand?post=1801792"},{"taxonomy":"product_cat","embeddable":true,"href":"https:\/\/liquidmaster.pl\/en\/wp-json\/wp\/v2\/product_cat?post=1801792"},{"taxonomy":"product_tag","embeddable":true,"href":"https:\/\/liquidmaster.pl\/en\/wp-json\/wp\/v2\/product_tag?post=1801792"}],"curies":[{"name":"wp","href":"https:\/\/api.w.org\/{rel}","templated":true}]}}