{"id":1801784,"date":"2025-03-27T22:31:05","date_gmt":"2025-03-27T20:31:05","guid":{"rendered":"https:\/\/liquidmaster.pl\/nanolex-finishing-polish-250ml\/"},"modified":"2026-04-01T15:17:38","modified_gmt":"2026-04-01T13:17:38","slug":"nanolex-finishing-polish-250ml","status":"publish","type":"product","link":"https:\/\/liquidmaster.pl\/en\/nanolex-finishing-polish-250ml\/","title":{"rendered":"Nanolex Finishing Polish 250ml"},"content":{"rendered":"<p>Nanolex Finishing Polish was manufactured in accordance with the latest German technologies in the field of car detailing.<\/p>\n<p>Its special consistency means that compared to traditional Nanolex Finishing Polish pastes, it can be worked twice or even three times longer! Thanks to this, we can remove a much larger number of scratches in one application and reduce the amount of overall product used. Compared to other products, it removes paint surface defects much better and allows for a perfect surface finish without holograms on the most delicate paints.<\/p>\n<p>\u2013 The paste is designed to work on Dual Action and rotary machines.<br \/>\n\u2013 Shake the paste before use!<br \/>\n\u2013 Protect it from cold and temperatures above 32 degrees Celsius!<\/p>\n<p>* Nanolex products were created, tested and manufactured in Germany.<\/p>","protected":false},"excerpt":{"rendered":"<p>Nanolex Finishing Polish zosta\u0142a wyprodukowana zgodnie z najnowszymi, niemieckimi technologiami w dziedzinie auto- detailingu. Jej specjalna konsystencja sprawia, \u017ce w stosunku do tradycyjnych past Nanolex Finishing Polish mo\u017ce by\u0107 wypracowywana dwukrotnie, a nawet trzykrotnie d\u0142u\u017cej! Dzi\u0119ki temu w ci\u0105gu jednego wypracowania usuwamy znacznie wi\u0119ksz\u0105 ilo\u015b\u0107 rys oraz zmniejszamy ilo\u015b\u0107 ca\u0142o\u015bciowo zu\u017cytego produktu. W por\u00f3wnaniu do&hellip;&nbsp;<a href=\"https:\/\/liquidmaster.pl\/en\/nanolex-finishing-polish-250ml\/\" rel=\"bookmark\">Read More \u00bb<span class=\"screen-reader-text\">Nanolex Finishing Polish 250ml<\/span><\/a><\/p>","protected":false},"featured_media":1846757,"comment_status":"open","ping_status":"open","template":"","meta":{"neve_meta_sidebar":"","neve_meta_container":"","neve_meta_enable_content_width":"","neve_meta_content_width":0,"neve_meta_title_alignment":"","neve_meta_author_avatar":"","neve_post_elements_order":"","neve_meta_disable_header":"","neve_meta_disable_footer":"","neve_meta_disable_title":"","_themeisle_gutenberg_block_has_review":false},"product_brand":[],"product_cat":[792,789,748],"product_tag":[330],"class_list":{"0":"post-1801784","1":"product","2":"type-product","3":"status-publish","4":"has-post-thumbnail","6":"product_cat-pasty-finishowe","7":"product_cat-pasty-polerskie","8":"product_cat-polerowanie","9":"product_tag-nanolex","10":"pa_promocja-promocje","12":"first","13":"outofstock","14":"sale","15":"taxable","16":"shipping-taxable","17":"purchasable","18":"product-type-simple"},"_links":{"self":[{"href":"https:\/\/liquidmaster.pl\/en\/wp-json\/wp\/v2\/product\/1801784","targetHints":{"allow":["GET"]}}],"collection":[{"href":"https:\/\/liquidmaster.pl\/en\/wp-json\/wp\/v2\/product"}],"about":[{"href":"https:\/\/liquidmaster.pl\/en\/wp-json\/wp\/v2\/types\/product"}],"replies":[{"embeddable":true,"href":"https:\/\/liquidmaster.pl\/en\/wp-json\/wp\/v2\/comments?post=1801784"}],"wp:featuredmedia":[{"embeddable":true,"href":"https:\/\/liquidmaster.pl\/en\/wp-json\/wp\/v2\/media\/1846757"}],"wp:attachment":[{"href":"https:\/\/liquidmaster.pl\/en\/wp-json\/wp\/v2\/media?parent=1801784"}],"wp:term":[{"taxonomy":"product_brand","embeddable":true,"href":"https:\/\/liquidmaster.pl\/en\/wp-json\/wp\/v2\/product_brand?post=1801784"},{"taxonomy":"product_cat","embeddable":true,"href":"https:\/\/liquidmaster.pl\/en\/wp-json\/wp\/v2\/product_cat?post=1801784"},{"taxonomy":"product_tag","embeddable":true,"href":"https:\/\/liquidmaster.pl\/en\/wp-json\/wp\/v2\/product_tag?post=1801784"}],"curies":[{"name":"wp","href":"https:\/\/api.w.org\/{rel}","templated":true}]}}