{"id":1801758,"date":"2025-03-27T22:29:25","date_gmt":"2025-03-27T20:29:25","guid":{"rendered":"https:\/\/liquidmaster.pl\/honey-pad-cutting-da-75-80mm-pad-polerski-przeznaczony-do-pracy-na-dual-action\/"},"modified":"2026-04-20T07:56:43","modified_gmt":"2026-04-20T05:56:43","slug":"honey-pad-cutting-da-75-80mm-pad-polerski-przeznaczony-do-pracy-na-dual-action","status":"publish","type":"product","link":"https:\/\/liquidmaster.pl\/en\/honey-pad-cutting-da-7580mm-pad-polerski-przeznaczony-do-pracy-na-dual-action\/","title":{"rendered":"Honey Pad Cutting DA 75\/80mm - polishing pad designed for dual action work"},"content":{"rendered":"<p lang=\"zxx\" xml_lang=\"zxx\">A series of microfiber pads by Honey Combination designed for use on Dual Action machines. <\/p>\n<p lang=\"zxx\" xml_lang=\"zxx\">A thick weave of microfiber fibers on hard foam is perfect for removing deep scratches using highly abrasive polishing pastes.\u00a0<\/p>\n<p lang=\"zxx\" xml_lang=\"zxx\">The side profile makes it easier to polish hard-to-reach places.<\/p>\n<p lang=\"zxx\" xml_lang=\"zxx\">Dimension: 75\/80 mm<\/p>","protected":false},"excerpt":{"rendered":"<p>Seria pad\u00f3w z mikrofibry\u00a0marki\u00a0Honey Combination\u00a0przeznaczona do pracy na maszynach Dual Action. Gruby splot w\u0142\u00f3kien mikrofibry na twardej piance, doskonale radzi sobie z usuwaniem g\u0142\u0119bokich zarysowa\u0144 z pomoc\u0105 mocno \u015bciernych past polerskich.\u00a0 Profil boczny u\u0142atwia polerowanie trudno dost\u0119pnych miejsc. Wymiar:\u00a075\/80\u00a0mm<\/p>","protected":false},"featured_media":1846717,"comment_status":"open","ping_status":"open","template":"","meta":{"neve_meta_sidebar":"","neve_meta_container":"","neve_meta_enable_content_width":"","neve_meta_content_width":0,"neve_meta_title_alignment":"","neve_meta_author_avatar":"","neve_post_elements_order":"","neve_meta_disable_header":"","neve_meta_disable_footer":"","neve_meta_disable_title":"","_themeisle_gutenberg_block_has_review":false},"product_brand":[],"product_cat":[824,822,748],"product_tag":[304],"class_list":{"0":"post-1801758","1":"product","2":"type-product","3":"status-publish","4":"has-post-thumbnail","6":"product_cat-pady-mikrofibrowe","7":"product_cat-pady-polerskie","8":"product_cat-polerowanie","9":"product_tag-honey","11":"first","12":"instock","13":"taxable","14":"shipping-taxable","15":"purchasable","16":"product-type-simple"},"_links":{"self":[{"href":"https:\/\/liquidmaster.pl\/en\/wp-json\/wp\/v2\/product\/1801758","targetHints":{"allow":["GET"]}}],"collection":[{"href":"https:\/\/liquidmaster.pl\/en\/wp-json\/wp\/v2\/product"}],"about":[{"href":"https:\/\/liquidmaster.pl\/en\/wp-json\/wp\/v2\/types\/product"}],"replies":[{"embeddable":true,"href":"https:\/\/liquidmaster.pl\/en\/wp-json\/wp\/v2\/comments?post=1801758"}],"wp:featuredmedia":[{"embeddable":true,"href":"https:\/\/liquidmaster.pl\/en\/wp-json\/wp\/v2\/media\/1846717"}],"wp:attachment":[{"href":"https:\/\/liquidmaster.pl\/en\/wp-json\/wp\/v2\/media?parent=1801758"}],"wp:term":[{"taxonomy":"product_brand","embeddable":true,"href":"https:\/\/liquidmaster.pl\/en\/wp-json\/wp\/v2\/product_brand?post=1801758"},{"taxonomy":"product_cat","embeddable":true,"href":"https:\/\/liquidmaster.pl\/en\/wp-json\/wp\/v2\/product_cat?post=1801758"},{"taxonomy":"product_tag","embeddable":true,"href":"https:\/\/liquidmaster.pl\/en\/wp-json\/wp\/v2\/product_tag?post=1801758"}],"curies":[{"name":"wp","href":"https:\/\/api.w.org\/{rel}","templated":true}]}}