{"id":1801734,"date":"2025-03-27T22:27:43","date_gmt":"2025-03-27T20:27:43","guid":{"rendered":"https:\/\/liquidmaster.pl\/gyeon-q2m-towelwash-500ml-preparat-do-prania-mikrofibr\/"},"modified":"2026-04-18T04:18:59","modified_gmt":"2026-04-18T02:18:59","slug":"gyeon-q2m-towelwash-500ml-preparat-do-prania-mikrofibr","status":"publish","type":"product","link":"https:\/\/liquidmaster.pl\/en\/gyeon-q2m-towelwash-500ml-preparat-do-prania-mikrofibr\/","title":{"rendered":"Gyeon Q2M TowelWash 500ml - preparation for washing microfibers"},"content":{"rendered":"<p>Gyeon Q2M TowelWash - our experience and laboratory tests have shown that the best results in cleaning and caring for microfiber are achieved with the use of &quot;clean&quot; detergents. Without softeners, fragrances, dyes - that&#039;s why Q\u00b2M TowelWash maintains a clean composition.<\/p>\n<p>High-end microfibers are a valuable accessory for every detailer. That is why their proper care is so important. Q\u00b2M TowelWash is a gentle washing liquid for cleaning microfibre towels without affecting their properties. Q\u00b2M TowelWash can also be used as a gentle handwash cleaner for woolen gloves. It helps to remove accumulated impurities by thoroughly cleaning the fibers.<\/p>\n<p>We care about our planet and its future. As microfibers are often washed in the same washing machine as your clothes, we have made Q\u00b2M TowelWash completely bio-degradable for environmental safety. Not only does it contain no fragrances or dyes, it is devoid of any potentially harmful ingredients.<\/p>\n<p>The amount of product needed depends on the hardness of the water in your area. If you have a water treatment system, use only 10 ml of washing liquid. Tip: Use Q\u00b2M TowelWash to clean your polishing pads, even those made of wool. It will help get rid of polishing paste, even when hand washing.<\/p>\n<ul>\n<li>pH level: neutral<\/li>\n<li>Consumption: 30 ml \/ wash<\/li>\n<\/ul>\n<p>Capacity: 500 ml<\/p>","protected":false},"excerpt":{"rendered":"<p>Gyeon Q2M TowelWash \u2013 nasze do\u015bwiadczenie i testy laboratoryjne wykaza\u0142y, \u017ce najlepsze rezultaty w czyszczeniu i piel\u0119gnacji mikrofibry osi\u0105ga si\u0119 z u\u017cyciem &#8222;czystych&#8221; detergent\u00f3w. Bez dodatk\u00f3w zmi\u0119kczaj\u0105cych, zapachowych, barwnik\u00f3w \u2013 dlatego Q\u00b2M TowelWash zachowuje czysty sk\u0142ad. Wysokiej klasy mikrofibry s\u0105\u00a0cennym akcesorium ka\u017cdego detailera. Dlatego ich odpowiednia piel\u0119gnacja jest tak wa\u017cna. Q\u00b2M TowelWash jest delikatnym p\u0142ynem&hellip;&nbsp;<a href=\"https:\/\/liquidmaster.pl\/en\/gyeon-q2m-towelwash-500ml-preparat-do-prania-mikrofibr\/\" rel=\"bookmark\">Read More \u00bb<span class=\"screen-reader-text\">Gyeon Q2M TowelWash 500ml - preparation for washing microfibers<\/span><\/a><\/p>","protected":false},"featured_media":1846679,"comment_status":"open","ping_status":"open","template":"","meta":{"neve_meta_sidebar":"","neve_meta_container":"","neve_meta_enable_content_width":"","neve_meta_content_width":0,"neve_meta_title_alignment":"","neve_meta_author_avatar":"","neve_post_elements_order":"","neve_meta_disable_header":"","neve_meta_disable_footer":"","neve_meta_disable_title":"","_themeisle_gutenberg_block_has_review":false},"product_brand":[],"product_cat":[749,877,748],"product_tag":[302],"class_list":{"0":"post-1801734","1":"product","2":"type-product","3":"status-publish","4":"has-post-thumbnail","6":"product_cat-akcesoria-polerskie","7":"product_cat-czyszczenie-padow","8":"product_cat-polerowanie","9":"product_tag-gyeon","11":"first","12":"instock","13":"taxable","14":"shipping-taxable","15":"purchasable","16":"product-type-simple"},"_links":{"self":[{"href":"https:\/\/liquidmaster.pl\/en\/wp-json\/wp\/v2\/product\/1801734","targetHints":{"allow":["GET"]}}],"collection":[{"href":"https:\/\/liquidmaster.pl\/en\/wp-json\/wp\/v2\/product"}],"about":[{"href":"https:\/\/liquidmaster.pl\/en\/wp-json\/wp\/v2\/types\/product"}],"replies":[{"embeddable":true,"href":"https:\/\/liquidmaster.pl\/en\/wp-json\/wp\/v2\/comments?post=1801734"}],"wp:featuredmedia":[{"embeddable":true,"href":"https:\/\/liquidmaster.pl\/en\/wp-json\/wp\/v2\/media\/1846679"}],"wp:attachment":[{"href":"https:\/\/liquidmaster.pl\/en\/wp-json\/wp\/v2\/media?parent=1801734"}],"wp:term":[{"taxonomy":"product_brand","embeddable":true,"href":"https:\/\/liquidmaster.pl\/en\/wp-json\/wp\/v2\/product_brand?post=1801734"},{"taxonomy":"product_cat","embeddable":true,"href":"https:\/\/liquidmaster.pl\/en\/wp-json\/wp\/v2\/product_cat?post=1801734"},{"taxonomy":"product_tag","embeddable":true,"href":"https:\/\/liquidmaster.pl\/en\/wp-json\/wp\/v2\/product_tag?post=1801734"}],"curies":[{"name":"wp","href":"https:\/\/api.w.org\/{rel}","templated":true}]}}