{"id":1801670,"date":"2025-03-27T22:23:12","date_gmt":"2025-03-27T20:23:12","guid":{"rendered":"https:\/\/liquidmaster.pl\/detailing-house-aplikator-do-opon-blue-bear-tire\/"},"modified":"2026-04-18T04:18:47","modified_gmt":"2026-04-18T02:18:47","slug":"detailing-house-aplikator-do-opon-blue-bear-tire","status":"publish","type":"product","link":"https:\/\/liquidmaster.pl\/en\/detailing-house-aplikator-do-opon-blue-bear-tire\/","title":{"rendered":"Detailing House Blue Bear Tire Applicator"},"content":{"rendered":"<p>\u00a0<\/p>\n<p style=\"margin: 0cm 0cm 8pt;\">BLUE BEAR TIRE APPLICATOR, an extremely convenient tire applicator. <\/p>\n<p style=\"margin: 0cm 0cm 8pt;\">High-quality sponge. Indispensable when working with dressings. <\/p>\n<p style=\"margin: 0cm 0cm 8pt;\">The plastic cover protects your hands from getting dirty. <\/p>\n<p style=\"margin: 0cm 0cm 8pt;\">Thanks to it, applying the dressing is even easier and more convenient, 1 pc package (foil)<\/p>\n<p>\u00a0<\/p>","protected":false},"excerpt":{"rendered":"<p>\u00a0 APLIKATOR do opon BLUE BEAR TIRE APPLICATOR, niezwykle wygodny w u\u017cytkowaniu aplikator do opon. Wysokiej jako\u015bci g\u0105bka. Niezast\u0105piony w pracy z dressingami. Plastikowa os\u0142ona chroni r\u0119ce przed zabrudzeniem. Dzi\u0119ki niej nak\u0142adanie dressingu jest jeszcze \u0142atwiejsze i wygodniejsze, opakowanie 1szt (folia) \u00a0<\/p>","protected":false},"featured_media":1846583,"comment_status":"open","ping_status":"open","template":"","meta":{"neve_meta_sidebar":"","neve_meta_container":"","neve_meta_enable_content_width":"","neve_meta_content_width":0,"neve_meta_title_alignment":"","neve_meta_author_avatar":"","neve_post_elements_order":"","neve_meta_disable_header":"","neve_meta_disable_footer":"","neve_meta_disable_title":"","_themeisle_gutenberg_block_has_review":false},"product_brand":[],"product_cat":[745,733,779],"product_tag":[286],"class_list":{"0":"post-1801670","1":"product","2":"type-product","3":"status-publish","4":"has-post-thumbnail","6":"product_cat-kola-i-opony","7":"product_cat-na-zewnatrz","8":"product_cat-szczotki-pedzelki-i-aplikatory-do-kol","9":"product_tag-detailing-house","11":"first","12":"instock","13":"taxable","14":"shipping-taxable","15":"purchasable","16":"product-type-simple"},"_links":{"self":[{"href":"https:\/\/liquidmaster.pl\/en\/wp-json\/wp\/v2\/product\/1801670","targetHints":{"allow":["GET"]}}],"collection":[{"href":"https:\/\/liquidmaster.pl\/en\/wp-json\/wp\/v2\/product"}],"about":[{"href":"https:\/\/liquidmaster.pl\/en\/wp-json\/wp\/v2\/types\/product"}],"replies":[{"embeddable":true,"href":"https:\/\/liquidmaster.pl\/en\/wp-json\/wp\/v2\/comments?post=1801670"}],"wp:featuredmedia":[{"embeddable":true,"href":"https:\/\/liquidmaster.pl\/en\/wp-json\/wp\/v2\/media\/1846583"}],"wp:attachment":[{"href":"https:\/\/liquidmaster.pl\/en\/wp-json\/wp\/v2\/media?parent=1801670"}],"wp:term":[{"taxonomy":"product_brand","embeddable":true,"href":"https:\/\/liquidmaster.pl\/en\/wp-json\/wp\/v2\/product_brand?post=1801670"},{"taxonomy":"product_cat","embeddable":true,"href":"https:\/\/liquidmaster.pl\/en\/wp-json\/wp\/v2\/product_cat?post=1801670"},{"taxonomy":"product_tag","embeddable":true,"href":"https:\/\/liquidmaster.pl\/en\/wp-json\/wp\/v2\/product_tag?post=1801670"}],"curies":[{"name":"wp","href":"https:\/\/api.w.org\/{rel}","templated":true}]}}