{"id":1801654,"date":"2025-03-27T22:21:59","date_gmt":"2025-03-27T20:21:59","guid":{"rendered":"https:\/\/liquidmaster.pl\/chemical-guys-white-paste-wax-242ml-wosk-do-jasnych-lakierow\/"},"modified":"2026-04-20T07:56:21","modified_gmt":"2026-04-20T05:56:21","slug":"chemical-guys-white-paste-wax-242ml-wosk-do-jasnych-lakierow","status":"publish","type":"product","link":"https:\/\/liquidmaster.pl\/en\/chemical-guys-white-paste-wax-242ml-wosk-do-jasnych-lakierow\/","title":{"rendered":"Chemical Guys White Paste Wax 242ml - wax for light varnishes"},"content":{"rendered":"<p>Chemical Guys White Paste Wax \u2013 is the highest quality wax designed to bring out the greatest possible shine of light varnish. The wax was made using a special technology patented by Chemical Guys. The product brings out the shine of the car in its highest perfection. Additionally, its unique synthetic polymers create an active protective shield on your paint that repels dirt, water and UV rays for a very long time.<\/p>\n<p>The agent is quick and easy to apply.<\/p>\n<p>\u00a0<\/p><\/p>","protected":false},"excerpt":{"rendered":"<p>Chemical Guys White Paste Wax\u00a0\u2013 to najwy\u017cszej jako\u015bci wosk zaprojektowany, aby wydoby\u0107 jak najwi\u0119kszy po\u0142ysk jasnego lakieru. Wosk zosta\u0142 wykonany w specjalnej technologii opatentowanej przez Chemical Guys. Produkt wydobywa z auta blask w jego najwy\u017cszej doskona\u0142o\u015bci. Dodatkowo jego unikalne syntetyczne polimery tworz\u0105 aktywn\u0105 tarcz\u0119 ochronn\u0105 na Twoim lakierze, kt\u00f3ra odpycha zanieczyszczenia, wod\u0119 i promienie UV&hellip;&nbsp;<a href=\"https:\/\/liquidmaster.pl\/en\/chemical-guys-white-paste-wax-242ml-wosk-do-jasnych-lakierow\/\" rel=\"bookmark\">Read More \u00bb<span class=\"screen-reader-text\">Chemical Guys White Paste Wax 242ml - wax for light varnishes<\/span><\/a><\/p>","protected":false},"featured_media":1846562,"comment_status":"open","ping_status":"open","template":"","meta":{"neve_meta_sidebar":"","neve_meta_container":"","neve_meta_enable_content_width":"","neve_meta_content_width":0,"neve_meta_title_alignment":"","neve_meta_author_avatar":"","neve_post_elements_order":"","neve_meta_disable_header":"","neve_meta_disable_footer":"","neve_meta_disable_title":"","_themeisle_gutenberg_block_has_review":false},"product_brand":[],"product_cat":[733,766,788],"product_tag":[278],"class_list":{"0":"post-1801654","1":"product","2":"type-product","3":"status-publish","4":"has-post-thumbnail","6":"product_cat-na-zewnatrz","7":"product_cat-ochrona-lakieru","8":"product_cat-woski","9":"product_tag-chemical-guys","11":"first","12":"outofstock","13":"taxable","14":"shipping-taxable","15":"purchasable","16":"product-type-simple"},"_links":{"self":[{"href":"https:\/\/liquidmaster.pl\/en\/wp-json\/wp\/v2\/product\/1801654","targetHints":{"allow":["GET"]}}],"collection":[{"href":"https:\/\/liquidmaster.pl\/en\/wp-json\/wp\/v2\/product"}],"about":[{"href":"https:\/\/liquidmaster.pl\/en\/wp-json\/wp\/v2\/types\/product"}],"replies":[{"embeddable":true,"href":"https:\/\/liquidmaster.pl\/en\/wp-json\/wp\/v2\/comments?post=1801654"}],"wp:featuredmedia":[{"embeddable":true,"href":"https:\/\/liquidmaster.pl\/en\/wp-json\/wp\/v2\/media\/1846562"}],"wp:attachment":[{"href":"https:\/\/liquidmaster.pl\/en\/wp-json\/wp\/v2\/media?parent=1801654"}],"wp:term":[{"taxonomy":"product_brand","embeddable":true,"href":"https:\/\/liquidmaster.pl\/en\/wp-json\/wp\/v2\/product_brand?post=1801654"},{"taxonomy":"product_cat","embeddable":true,"href":"https:\/\/liquidmaster.pl\/en\/wp-json\/wp\/v2\/product_cat?post=1801654"},{"taxonomy":"product_tag","embeddable":true,"href":"https:\/\/liquidmaster.pl\/en\/wp-json\/wp\/v2\/product_tag?post=1801654"}],"curies":[{"name":"wp","href":"https:\/\/api.w.org\/{rel}","templated":true}]}}