{"id":1801646,"date":"2025-03-27T22:21:35","date_gmt":"2025-03-27T20:21:35","guid":{"rendered":"https:\/\/liquidmaster.pl\/waxaddict-vitreo-200ml-wosk-naturalny\/"},"modified":"2026-04-18T04:18:42","modified_gmt":"2026-04-18T02:18:42","slug":"waxaddict-vitreo-200ml-wosk-naturalny","status":"publish","type":"product","link":"https:\/\/liquidmaster.pl\/en\/waxaddict-vitreo-200ml-wosk-naturalny\/","title":{"rendered":"Waxaddict Vitreo 200ml - natural wax"},"content":{"rendered":"<p>Waxaddict Vitreo \u2013 the wax formula is extremely precisely balanced. Handmade from the highest quality ingredients, carnauba wax, motan wax and natural oils, to provide even the most demanding customers with maximum pleasure from its use. Vitreo is an absolutely natural, exceptional quality, very easy to apply wax, leaving an ultra-elegant finish on the paint surface.<\/p>\n<p>The level of gloss after application will be a strong challenge for other most exclusive global brands. Reflections, sharpness, significant color enhancement, exceptional surface smoothness, heavenly scent and the unique hydrophobic coating it creates on the paint surface are just some of its advantages.<\/p>\n<p>Perfect for dark but also for light colors. Durability 3-4 months. The product can be layered to enhance the effect.<\/p>\n<p>App:<\/p>\n<p>Apply the wax using a good quality foam applicator and very light pressure. The wax spreads very easily, so use it especially sparingly to avoid excessive wear. Curing times depending on temperatures vary from 6 minutes on a hot day to over 16 minutes on a cool day. The readiness of the wax to be wiped off should be checked by running your finger across the surface of the resulting mist. If the coating is soft and wet, allow it to absorb further, if it is dry, just gently rub it with a good quality microfiber.<\/p>\n<p>Packaged in a luxurious black glass jar with the creator&#039;s autograph.<\/p>\n<ul>\n<li>Colour: natural \/ bright<\/li>\n<li>Smell: sweet fruity<\/li>\n<li>Carnauba content: high, class T1.<\/li>\n<\/ul>\n<p>Capacity: 200 ml<\/p>","protected":false},"excerpt":{"rendered":"<p>Waxaddict Vitreo \u2013 formu\u0142a wosku jest niezwykle precyzyjnie wywa\u017cona. Wykonany r\u0119cznie z najwy\u017cszej jako\u015bci sk\u0142adnik\u00f3w, wosku carnauba, motanowego oraz naturalnych olejk\u00f3w tak, aby zapewni\u0107 nawet najbardziej wymagaj\u0105cym klientom maksymaln\u0105 przyjemno\u015b\u0107 z jego u\u017cytkowania. Vitreo to absolutnie naturalny, niezwyk\u0142ej jako\u015bci, bardzo \u0142atwy w aplikacji wosk, pozostawiaj\u0105cy ultra eleganckie wyko\u0144czenie powierzchni lakieru. Stopie\u0144 po\u0142ysku po aplikacji b\u0119dzie&hellip;&nbsp;<a href=\"https:\/\/liquidmaster.pl\/en\/waxaddict-vitreo-200ml-wosk-naturalny\/\" rel=\"bookmark\">Read More \u00bb<span class=\"screen-reader-text\">Waxaddict Vitreo 200ml - natural wax<\/span><\/a><\/p>","protected":false},"featured_media":1846548,"comment_status":"open","ping_status":"open","template":"","meta":{"neve_meta_sidebar":"","neve_meta_container":"","neve_meta_enable_content_width":"","neve_meta_content_width":0,"neve_meta_title_alignment":"","neve_meta_author_avatar":"","neve_post_elements_order":"","neve_meta_disable_header":"","neve_meta_disable_footer":"","neve_meta_disable_title":"","_themeisle_gutenberg_block_has_review":false},"product_brand":[],"product_cat":[733,766,788],"product_tag":[378],"class_list":{"0":"post-1801646","1":"product","2":"type-product","3":"status-publish","4":"has-post-thumbnail","6":"product_cat-na-zewnatrz","7":"product_cat-ochrona-lakieru","8":"product_cat-woski","9":"product_tag-waxaddict","11":"first","12":"instock","13":"taxable","14":"shipping-taxable","15":"purchasable","16":"product-type-simple"},"_links":{"self":[{"href":"https:\/\/liquidmaster.pl\/en\/wp-json\/wp\/v2\/product\/1801646","targetHints":{"allow":["GET"]}}],"collection":[{"href":"https:\/\/liquidmaster.pl\/en\/wp-json\/wp\/v2\/product"}],"about":[{"href":"https:\/\/liquidmaster.pl\/en\/wp-json\/wp\/v2\/types\/product"}],"replies":[{"embeddable":true,"href":"https:\/\/liquidmaster.pl\/en\/wp-json\/wp\/v2\/comments?post=1801646"}],"wp:featuredmedia":[{"embeddable":true,"href":"https:\/\/liquidmaster.pl\/en\/wp-json\/wp\/v2\/media\/1846548"}],"wp:attachment":[{"href":"https:\/\/liquidmaster.pl\/en\/wp-json\/wp\/v2\/media?parent=1801646"}],"wp:term":[{"taxonomy":"product_brand","embeddable":true,"href":"https:\/\/liquidmaster.pl\/en\/wp-json\/wp\/v2\/product_brand?post=1801646"},{"taxonomy":"product_cat","embeddable":true,"href":"https:\/\/liquidmaster.pl\/en\/wp-json\/wp\/v2\/product_cat?post=1801646"},{"taxonomy":"product_tag","embeddable":true,"href":"https:\/\/liquidmaster.pl\/en\/wp-json\/wp\/v2\/product_tag?post=1801646"}],"curies":[{"name":"wp","href":"https:\/\/api.w.org\/{rel}","templated":true}]}}