{"id":1801638,"date":"2025-03-27T22:21:09","date_gmt":"2025-03-27T20:21:09","guid":{"rendered":"https:\/\/liquidmaster.pl\/waxaddict-graphene-200ml-trwaly-wosk-hybrydowy\/"},"modified":"2026-04-18T04:18:40","modified_gmt":"2026-04-18T02:18:40","slug":"waxaddict-graphene-200ml-trwaly-wosk-hybrydowy","status":"publish","type":"product","link":"https:\/\/liquidmaster.pl\/en\/waxaddict-graphene-200ml-trwaly-wosk-hybrydowy\/","title":{"rendered":"Waxaddict Graphene 200ml - durable hybrid wax"},"content":{"rendered":"<p>Waxaddict Graphene \u2013 is a durable, year-round wax coating that is extremely easy to apply to any painted surface.<\/p>\n<p>The hybrid blend balances even higher hard wax content with the latest nanotechnology that provides the smoothest finish and super water repellency.<\/p>\n<p>Durability over 12 months.<\/p>\n<p>Capacity: 200 ml<\/p>","protected":false},"excerpt":{"rendered":"<p>Waxaddict Graphene \u2013 to wytrzyma\u0142a, ca\u0142oroczna pow\u0142oka woskowa, kt\u00f3ra jest niezwykle \u0142atwa do na\u0142o\u017cenia na ka\u017cd\u0105 lakierowan\u0105 powierzchni\u0119. Mieszanka hybrydowa r\u00f3wnowa\u017cy jeszcze wi\u0119ksz\u0105 zawarto\u015b\u0107 twardego wosku z najnowsz\u0105 nanotechnologi\u0105, kt\u00f3ra zapewnia najbardziej g\u0142adkie wyko\u0144czenie i super hydrofobowo\u015b\u0107. Trwa\u0142o\u015b\u0107 powy\u017cej 12 miesi\u0119cy. Pojemno\u015b\u0107: 200 ml<\/p>","protected":false},"featured_media":1846536,"comment_status":"open","ping_status":"open","template":"","meta":{"neve_meta_sidebar":"","neve_meta_container":"","neve_meta_enable_content_width":"","neve_meta_content_width":0,"neve_meta_title_alignment":"","neve_meta_author_avatar":"","neve_post_elements_order":"","neve_meta_disable_header":"","neve_meta_disable_footer":"","neve_meta_disable_title":"","_themeisle_gutenberg_block_has_review":false},"product_brand":[],"product_cat":[733,766,788],"product_tag":[378],"class_list":{"0":"post-1801638","1":"product","2":"type-product","3":"status-publish","4":"has-post-thumbnail","6":"product_cat-na-zewnatrz","7":"product_cat-ochrona-lakieru","8":"product_cat-woski","9":"product_tag-waxaddict","11":"first","12":"instock","13":"taxable","14":"shipping-taxable","15":"purchasable","16":"product-type-simple"},"_links":{"self":[{"href":"https:\/\/liquidmaster.pl\/en\/wp-json\/wp\/v2\/product\/1801638","targetHints":{"allow":["GET"]}}],"collection":[{"href":"https:\/\/liquidmaster.pl\/en\/wp-json\/wp\/v2\/product"}],"about":[{"href":"https:\/\/liquidmaster.pl\/en\/wp-json\/wp\/v2\/types\/product"}],"replies":[{"embeddable":true,"href":"https:\/\/liquidmaster.pl\/en\/wp-json\/wp\/v2\/comments?post=1801638"}],"wp:featuredmedia":[{"embeddable":true,"href":"https:\/\/liquidmaster.pl\/en\/wp-json\/wp\/v2\/media\/1846536"}],"wp:attachment":[{"href":"https:\/\/liquidmaster.pl\/en\/wp-json\/wp\/v2\/media?parent=1801638"}],"wp:term":[{"taxonomy":"product_brand","embeddable":true,"href":"https:\/\/liquidmaster.pl\/en\/wp-json\/wp\/v2\/product_brand?post=1801638"},{"taxonomy":"product_cat","embeddable":true,"href":"https:\/\/liquidmaster.pl\/en\/wp-json\/wp\/v2\/product_cat?post=1801638"},{"taxonomy":"product_tag","embeddable":true,"href":"https:\/\/liquidmaster.pl\/en\/wp-json\/wp\/v2\/product_tag?post=1801638"}],"curies":[{"name":"wp","href":"https:\/\/api.w.org\/{rel}","templated":true}]}}