{"id":1801630,"date":"2025-03-27T22:20:20","date_gmt":"2025-03-27T20:20:20","guid":{"rendered":"https:\/\/liquidmaster.pl\/waxaddict-candygloss-200ml-wosk-pokazowy\/"},"modified":"2026-04-18T04:18:38","modified_gmt":"2026-04-18T02:18:38","slug":"waxaddict-candygloss-200ml-wosk-pokazowy","status":"publish","type":"product","link":"https:\/\/liquidmaster.pl\/en\/waxaddict-candygloss-200ml-wosk-pokazowy\/","title":{"rendered":"Waxaddict Candygloss 200ml - demonstration wax"},"content":{"rendered":"<p>Waxaddict Candygloss - extraordinary gloss, depth of color, easy to use, extraordinary exclusive car wax.<\/p>\n<p>Candygloss is an incredibly soft and fluffy texture with a captivating fragrance and strong hydrophobic properties. Easy to apply and wipe off, the product, after binding to the surface, will positively surprise even picky detailers! Perfect for the warmer months, and for those looking for a &quot;Show Car&quot; effect and a wet look.<\/p>\n<p>Durability 2-3 months.<\/p>\n<p>App:<\/p>\n<p>Wax should be applied in a straight line using a good quality foam applicator. Due to the consistency, the wax spreads extremely easily and pleasantly. Excessive amounts should be avoided. After application, it is enough to leave a thin layer for 5-10 minutes, wipe off the residue with a high-quality microfiber.<\/p>\n<ul>\n<li>Packaged in a luxurious black glass jar.<\/li>\n<li>Pink color<\/li>\n<li>Smell: sweet<\/li>\n<li>Carnauba content: medium, class T1.<\/li>\n<\/ul>\n<p>Capacity: 200 ml<\/p>","protected":false},"excerpt":{"rendered":"<p>Waxaddict Candygloss \u2013 niezwyk\u0142y po\u0142ysk, g\u0142\u0119bia koloru, prosty w u\u017cyciu, nietuzinkowy ekskluzywny wosk samochodowy. Candygloss to niewiarygodnie mi\u0119kka i puszysta konsystencja o zniewalaj\u0105cym zapachu i mocnych w\u0142a\u015bciwo\u015bciach hydrofobowych. Prosty w aplikacji i \u015bcieraniu produkt po zwi\u0105zaniu z powierzchni\u0105 pozytywnie zaskoczy nawet wybrednych detailer\u00f3w! Idealnie sprawdzi si\u0119 w cieplejszych miesi\u0105cach, oraz dla os\u00f3b szukaj\u0105cych efektu &#8222;Show&hellip;&nbsp;<a href=\"https:\/\/liquidmaster.pl\/en\/waxaddict-candygloss-200ml-wosk-pokazowy\/\" rel=\"bookmark\">Read More \u00bb<span class=\"screen-reader-text\">Waxaddict Candygloss 200ml - demonstration wax<\/span><\/a><\/p>","protected":false},"featured_media":1846524,"comment_status":"open","ping_status":"open","template":"","meta":{"neve_meta_sidebar":"","neve_meta_container":"","neve_meta_enable_content_width":"","neve_meta_content_width":0,"neve_meta_title_alignment":"","neve_meta_author_avatar":"","neve_post_elements_order":"","neve_meta_disable_header":"","neve_meta_disable_footer":"","neve_meta_disable_title":"","_themeisle_gutenberg_block_has_review":false},"product_brand":[],"product_cat":[733,766,788],"product_tag":[378],"class_list":{"0":"post-1801630","1":"product","2":"type-product","3":"status-publish","4":"has-post-thumbnail","6":"product_cat-na-zewnatrz","7":"product_cat-ochrona-lakieru","8":"product_cat-woski","9":"product_tag-waxaddict","11":"first","12":"instock","13":"taxable","14":"shipping-taxable","15":"purchasable","16":"product-type-simple"},"_links":{"self":[{"href":"https:\/\/liquidmaster.pl\/en\/wp-json\/wp\/v2\/product\/1801630","targetHints":{"allow":["GET"]}}],"collection":[{"href":"https:\/\/liquidmaster.pl\/en\/wp-json\/wp\/v2\/product"}],"about":[{"href":"https:\/\/liquidmaster.pl\/en\/wp-json\/wp\/v2\/types\/product"}],"replies":[{"embeddable":true,"href":"https:\/\/liquidmaster.pl\/en\/wp-json\/wp\/v2\/comments?post=1801630"}],"wp:featuredmedia":[{"embeddable":true,"href":"https:\/\/liquidmaster.pl\/en\/wp-json\/wp\/v2\/media\/1846524"}],"wp:attachment":[{"href":"https:\/\/liquidmaster.pl\/en\/wp-json\/wp\/v2\/media?parent=1801630"}],"wp:term":[{"taxonomy":"product_brand","embeddable":true,"href":"https:\/\/liquidmaster.pl\/en\/wp-json\/wp\/v2\/product_brand?post=1801630"},{"taxonomy":"product_cat","embeddable":true,"href":"https:\/\/liquidmaster.pl\/en\/wp-json\/wp\/v2\/product_cat?post=1801630"},{"taxonomy":"product_tag","embeddable":true,"href":"https:\/\/liquidmaster.pl\/en\/wp-json\/wp\/v2\/product_tag?post=1801630"}],"curies":[{"name":"wp","href":"https:\/\/api.w.org\/{rel}","templated":true}]}}