{"id":1801624,"date":"2025-03-27T22:19:54","date_gmt":"2025-03-27T20:19:54","guid":{"rendered":"https:\/\/liquidmaster.pl\/ceramic-pro-wheel-caliper-50ml-ceramiczna-powloka-zabezpieczajaca-felgi\/"},"modified":"2026-04-18T04:18:37","modified_gmt":"2026-04-18T02:18:37","slug":"ceramic-pro-wheel-caliper-50ml-ceramiczna-powloka-zabezpieczajaca-felgi","status":"publish","type":"product","link":"https:\/\/liquidmaster.pl\/en\/ceramic-pro-wheel-caliper-50ml-ceramiczna-powloka-zabezpieczajaca-felgi\/","title":{"rendered":"Ceramic Pro Wheel &amp; Caliper 50ml - ceramic coating protecting the rims"},"content":{"rendered":"<p>Ceramic Pro Wheel &amp; Caliper is a unique ceramic coating that protects aluminum rims.<\/p>\n<p>If you are tired of dirt that is difficult to remove and would like to wash your rims without having to use aggressive chemicals based on aggressive acids, try our coating.<\/p>\n<p>One bottle of Ceramic Pro Wheel &amp; Caliper provides 5 protected sets of rims!<\/p>\n<p>Ceramic Pro Wheel &amp; Caliper is another product from the Nanoshine series, which is a response to the actual needs of car users. Simple application, durability and excellent removal of heavy dirt will satisfy every fan of a clean car.<\/p>\n<p>App:<\/p>\n<p>The product should be spread by machine onto previously washed and dried rims.<br \/>\nBefore using it on used rims, it is recommended to remove metallic deposits from the surface, e.g. with IronX<\/p>\n<p>Durability \u2013 approx. 12 months<\/p>\n<p>Capacity \u2013 50ml<\/p>\n<\/p>\n<p>\u00a0<\/p>","protected":false},"excerpt":{"rendered":"<p>Ceramic Pro Wheel &#038; Caliper to unikalna ceramiczna pow\u0142oka zabezpieczaj\u0105ca felgi aluminiowe. Je\u017celi masz dosy\u0107 ci\u0119\u017ckich do usuni\u0119cia zabrudze\u0144 i chcia\u0142by\u015b umy\u0107 felgi bez konieczno\u015bci u\u017cywania agresywnej chemii na bazie agresywnych kwas\u00f3w, wypr\u00f3buj nasz\u0105 pow\u0142ok\u0119. Jedna butelka Ceramic Pro Wheel&#038; Caliper to 5 zabezpieczonych komplet\u00f3w felg! Ceramic Pro Wheel &#038; Caliper to kolejny produkt z&hellip;&nbsp;<a href=\"https:\/\/liquidmaster.pl\/en\/ceramic-pro-wheel-caliper-50ml-ceramiczna-powloka-zabezpieczajaca-felgi\/\" rel=\"bookmark\">Read More \u00bb<span class=\"screen-reader-text\">Ceramic Pro Wheel &amp; Caliper 50ml - ceramic coating protecting the rims<\/span><\/a><\/p>","protected":false},"featured_media":1846515,"comment_status":"open","ping_status":"open","template":"","meta":{"neve_meta_sidebar":"","neve_meta_container":"","neve_meta_enable_content_width":"","neve_meta_content_width":0,"neve_meta_title_alignment":"","neve_meta_author_avatar":"","neve_post_elements_order":"","neve_meta_disable_header":"","neve_meta_disable_footer":"","neve_meta_disable_title":"","_themeisle_gutenberg_block_has_review":false},"product_brand":[],"product_cat":[745,733,776],"product_tag":[277],"class_list":{"0":"post-1801624","1":"product","2":"type-product","3":"status-publish","4":"has-post-thumbnail","6":"product_cat-kola-i-opony","7":"product_cat-na-zewnatrz","8":"product_cat-zabezpieczanie-felg","9":"product_tag-ceramic-pro","10":"pa_promocja-promocje","12":"first","13":"instock","14":"sale","15":"taxable","16":"shipping-taxable","17":"purchasable","18":"product-type-simple"},"_links":{"self":[{"href":"https:\/\/liquidmaster.pl\/en\/wp-json\/wp\/v2\/product\/1801624","targetHints":{"allow":["GET"]}}],"collection":[{"href":"https:\/\/liquidmaster.pl\/en\/wp-json\/wp\/v2\/product"}],"about":[{"href":"https:\/\/liquidmaster.pl\/en\/wp-json\/wp\/v2\/types\/product"}],"replies":[{"embeddable":true,"href":"https:\/\/liquidmaster.pl\/en\/wp-json\/wp\/v2\/comments?post=1801624"}],"wp:featuredmedia":[{"embeddable":true,"href":"https:\/\/liquidmaster.pl\/en\/wp-json\/wp\/v2\/media\/1846515"}],"wp:attachment":[{"href":"https:\/\/liquidmaster.pl\/en\/wp-json\/wp\/v2\/media?parent=1801624"}],"wp:term":[{"taxonomy":"product_brand","embeddable":true,"href":"https:\/\/liquidmaster.pl\/en\/wp-json\/wp\/v2\/product_brand?post=1801624"},{"taxonomy":"product_cat","embeddable":true,"href":"https:\/\/liquidmaster.pl\/en\/wp-json\/wp\/v2\/product_cat?post=1801624"},{"taxonomy":"product_tag","embeddable":true,"href":"https:\/\/liquidmaster.pl\/en\/wp-json\/wp\/v2\/product_tag?post=1801624"}],"curies":[{"name":"wp","href":"https:\/\/api.w.org\/{rel}","templated":true}]}}