{"id":1801618,"date":"2025-03-27T22:19:31","date_gmt":"2025-03-27T20:19:31","guid":{"rendered":"https:\/\/liquidmaster.pl\/adbl-t2-zestaw-uniwersalnych-recznikow-z-mikrofibry-30x30-cm-440-gsm-10-szt\/"},"modified":"2026-04-18T04:18:36","modified_gmt":"2026-04-18T02:18:36","slug":"adbl-t2-zestaw-uniwersalnych-recznikow-z-mikrofibry-30x30-cm-440-gsm-10-szt","status":"publish","type":"product","link":"https:\/\/liquidmaster.pl\/en\/adbl-t2-zestaw-uniwersalnych-recznikow-z-mikrofibry-30x30-cm-440-gsm-10-szt\/","title":{"rendered":"ADBL T2 - set of universal microfiber towels - 30\u00d730 cm 440 gsm - 10 pcs."},"content":{"rendered":"<p>ADBL T2 \u2013 a set of ten excellent multi-tasking microfiber towels. Thanks to careful workmanship, you will be able to perform many different tasks with them. From abrading paint, through lapping door cavities, to polishing exhaust pipes - the possibilities of the ADBL T2 are endless.<\/p>\n<p>Additional information:<\/p>\n<ul>\n<li>10 pieces<\/li>\n<li>Weight: 440 gsm<\/li>\n<li>Size: 30cm x 30cm<\/li>\n<\/ul>\n<p>\u00a0<\/p>","protected":false},"excerpt":{"rendered":"<p>ADBL T2 \u2013 to zestaw dziesi\u0119ciu doskona\u0142ych wielozadaniowych r\u0119cznik\u00f3w z mikrofibry. Dzi\u0119ki starannemu wykonaniu b\u0119dziesz w stanie wykona\u0107 nimi wiele r\u00f3\u017cnorakich zada\u0144. Od przetarcia lakieru poprzez docieranie wn\u0119k drzwi a\u017c do polerowania rur wydechowych \u2013 mo\u017cliwo\u015bci ADBL T2 s\u0105 nieograniczone. Dodatkowe Informacje: 10 sztuk Gramatura: 440 gsm Rozmiar: 30 cm x 30 cm \u00a0<\/p>","protected":false},"featured_media":1846511,"comment_status":"open","ping_status":"open","template":"","meta":{"neve_meta_sidebar":"","neve_meta_container":"","neve_meta_enable_content_width":"","neve_meta_content_width":0,"neve_meta_title_alignment":"","neve_meta_author_avatar":"","neve_post_elements_order":"","neve_meta_disable_header":"","neve_meta_disable_footer":"","neve_meta_disable_title":"","_themeisle_gutenberg_block_has_review":false},"product_brand":[],"product_cat":[757,758,798],"product_tag":[258],"class_list":{"0":"post-1801618","1":"product","2":"type-product","3":"status-publish","4":"has-post-thumbnail","6":"product_cat-akcesoria","7":"product_cat-mikrofibry-i-reczniki","8":"product_cat-uniwersalne","9":"product_tag-adbl","11":"first","12":"outofstock","13":"taxable","14":"shipping-taxable","15":"purchasable","16":"product-type-simple"},"_links":{"self":[{"href":"https:\/\/liquidmaster.pl\/en\/wp-json\/wp\/v2\/product\/1801618","targetHints":{"allow":["GET"]}}],"collection":[{"href":"https:\/\/liquidmaster.pl\/en\/wp-json\/wp\/v2\/product"}],"about":[{"href":"https:\/\/liquidmaster.pl\/en\/wp-json\/wp\/v2\/types\/product"}],"replies":[{"embeddable":true,"href":"https:\/\/liquidmaster.pl\/en\/wp-json\/wp\/v2\/comments?post=1801618"}],"wp:featuredmedia":[{"embeddable":true,"href":"https:\/\/liquidmaster.pl\/en\/wp-json\/wp\/v2\/media\/1846511"}],"wp:attachment":[{"href":"https:\/\/liquidmaster.pl\/en\/wp-json\/wp\/v2\/media?parent=1801618"}],"wp:term":[{"taxonomy":"product_brand","embeddable":true,"href":"https:\/\/liquidmaster.pl\/en\/wp-json\/wp\/v2\/product_brand?post=1801618"},{"taxonomy":"product_cat","embeddable":true,"href":"https:\/\/liquidmaster.pl\/en\/wp-json\/wp\/v2\/product_cat?post=1801618"},{"taxonomy":"product_tag","embeddable":true,"href":"https:\/\/liquidmaster.pl\/en\/wp-json\/wp\/v2\/product_tag?post=1801618"}],"curies":[{"name":"wp","href":"https:\/\/api.w.org\/{rel}","templated":true}]}}