{"id":1801612,"date":"2025-03-27T22:19:05","date_gmt":"2025-03-27T20:19:05","guid":{"rendered":"https:\/\/liquidmaster.pl\/adbl-g-recznik-do-czyszczenia-powierzchni-szklanych-40x40-300-gsm\/"},"modified":"2026-04-19T03:04:00","modified_gmt":"2026-04-19T01:04:00","slug":"adbl-g-recznik-do-czyszczenia-powierzchni-szklanych-40x40-300-gsm","status":"publish","type":"product","link":"https:\/\/liquidmaster.pl\/en\/adbl-g-recznik-do-czyszczenia-powierzchni-szklanych-40x40-300-gsm\/","title":{"rendered":"ADBL G - glass cleaning towel - 40\u00d740 300 gsm"},"content":{"rendered":"<p>ADBL G \u2013 an excellent towel for cleaning glass surfaces. The thin structure, made of a delicate material, works perfectly with ADBL Glass Cleaner or ADBL Glass Pro, leaving no fibers or streaks on the cleaned surface.<\/p>\n<p>Additional information:<\/p>\n<ul>\n<li>Weight: 300 gsm.<\/li>\n<li>Size: 40cm x 40cm.<\/li>\n<\/ul>\n<p>\u00a0<\/p>","protected":false},"excerpt":{"rendered":"<p>ADBL G \u2013 to doskona\u0142y r\u0119cznik do czyszczenia powierzchni szklanych. Cienka, wykonana z delikatnego materia\u0142u struktura doskonale wsp\u00f3\u0142pracuje z ADBL Glass Cleaner lub ADBL Glass Pro nie pozostawiaj\u0105c w\u0142\u00f3kien ani smug na czyszczonej powierzchni. Dodatkowe Informacje: Gramatura: 300 gsm. Rozmiar: 40 cm x 40 cm. \u00a0<\/p>","protected":false},"featured_media":1846499,"comment_status":"open","ping_status":"open","template":"","meta":{"neve_meta_sidebar":"","neve_meta_container":"","neve_meta_enable_content_width":"","neve_meta_content_width":0,"neve_meta_title_alignment":"","neve_meta_author_avatar":"","neve_post_elements_order":"","neve_meta_disable_header":"","neve_meta_disable_footer":"","neve_meta_disable_title":"","_themeisle_gutenberg_block_has_review":false},"product_brand":[],"product_cat":[860,733,773],"product_tag":[258],"class_list":{"0":"post-1801612","1":"product","2":"type-product","3":"status-publish","4":"has-post-thumbnail","6":"product_cat-fibry","7":"product_cat-na-zewnatrz","8":"product_cat-szyby","9":"product_tag-adbl","11":"first","12":"instock","13":"taxable","14":"shipping-taxable","15":"purchasable","16":"product-type-simple"},"_links":{"self":[{"href":"https:\/\/liquidmaster.pl\/en\/wp-json\/wp\/v2\/product\/1801612","targetHints":{"allow":["GET"]}}],"collection":[{"href":"https:\/\/liquidmaster.pl\/en\/wp-json\/wp\/v2\/product"}],"about":[{"href":"https:\/\/liquidmaster.pl\/en\/wp-json\/wp\/v2\/types\/product"}],"replies":[{"embeddable":true,"href":"https:\/\/liquidmaster.pl\/en\/wp-json\/wp\/v2\/comments?post=1801612"}],"wp:featuredmedia":[{"embeddable":true,"href":"https:\/\/liquidmaster.pl\/en\/wp-json\/wp\/v2\/media\/1846499"}],"wp:attachment":[{"href":"https:\/\/liquidmaster.pl\/en\/wp-json\/wp\/v2\/media?parent=1801612"}],"wp:term":[{"taxonomy":"product_brand","embeddable":true,"href":"https:\/\/liquidmaster.pl\/en\/wp-json\/wp\/v2\/product_brand?post=1801612"},{"taxonomy":"product_cat","embeddable":true,"href":"https:\/\/liquidmaster.pl\/en\/wp-json\/wp\/v2\/product_cat?post=1801612"},{"taxonomy":"product_tag","embeddable":true,"href":"https:\/\/liquidmaster.pl\/en\/wp-json\/wp\/v2\/product_tag?post=1801612"}],"curies":[{"name":"wp","href":"https:\/\/api.w.org\/{rel}","templated":true}]}}